{"id":229332,"date":"2024-08-28T18:16:41","date_gmt":"2024-08-28T16:16:41","guid":{"rendered":"https:\/\/www.collection.galerie-gerdes.com\/?post_type=product&#038;p=229332"},"modified":"2024-09-03T20:43:46","modified_gmt":"2024-09-03T18:43:46","slug":"reiter-1892-federzeichnung-entwurf-von-josef-benedikt-engl-meggendorfer-blaetter","status":"publish","type":"product","link":"https:\/\/collection.galerie-gerdes.com\/ar\/p\/reiter-1892-federzeichnung-entwurf-von-josef-benedikt-engl-meggendorfer-blaetter\/","title":{"rendered":"Reiter, 1892 | Federzeichnung\/Entwurf von Josef Benedikt Engl, Meggendorfer-Bl\u00e4tter"},"content":{"rendered":"<p>Joseph Benedikt Engl (1867\u20131907) war ein deutscher Karikaturist, Illustrator und Kunstgewerbler, der haupts\u00e4chlich in M\u00fcnchen t\u00e4tig war. Nach einer Ausbildung zum Lithografen besuchte er die K\u00f6nigliche Kunstgewerbeschule M\u00fcnchen. Ab 1896 arbeitete er als einer der ersten und einzigen \u201eUr-M\u00fcnchner\u201c st\u00e4ndigen Mitarbeiter f\u00fcr die Satirezeitschrift <em>Simplicissimus<\/em>, wo er zahlreiche Karikaturen und Textillustrationen schuf. Engl war auch der Sch\u00f6pfer des Logos der Kessler Sekt GmbH &amp; Co. KG. Er starb im Alter von 40 Jahren infolge eines Unfalls w\u00e4hrend seiner Milit\u00e4rzeit.<\/p>\n","protected":false},"excerpt":{"rendered":"<p>Josef Benedikt ENGL (1867-1907)<\/p>\n","protected":false},"featured_media":229603,"template":"","meta":{"site-sidebar-layout":"default","site-content-layout":"","ast-site-content-layout":"default","site-content-style":"default","site-sidebar-style":"default","ast-global-header-display":"","ast-banner-title-visibility":"","ast-main-header-display":"","ast-hfb-above-header-display":"","ast-hfb-below-header-display":"","ast-hfb-mobile-header-display":"","site-post-title":"","ast-breadcrumbs-content":"","ast-featured-img":"","footer-sml-layout":"","ast-disable-related-posts":"","theme-transparent-header-meta":"default","adv-header-id-meta":"","stick-header-meta":"","header-above-stick-meta":"","header-main-stick-meta":"","header-below-stick-meta":"","astra-migrate-meta-layouts":"set","ast-page-background-enabled":"default","ast-page-background-meta":{"desktop":{"background-color":"var(--ast-global-color-4)","background-image":"","background-repeat":"repeat","background-position":"center center","background-size":"auto","background-attachment":"scroll","background-type":"","background-media":"","overlay-type":"","overlay-color":"","overlay-opacity":"","overlay-gradient":""},"tablet":{"background-color":"","background-image":"","background-repeat":"repeat","background-position":"center center","background-size":"auto","background-attachment":"scroll","background-type":"","background-media":"","overlay-type":"","overlay-color":"","overlay-opacity":"","overlay-gradient":""},"mobile":{"background-color":"","background-image":"","background-repeat":"repeat","background-position":"center center","background-size":"auto","background-attachment":"scroll","background-type":"","background-media":"","overlay-type":"","overlay-color":"","overlay-opacity":"","overlay-gradient":""}},"ast-content-background-meta":{"desktop":{"background-color":"var(--ast-global-color-5)","background-image":"","background-repeat":"repeat","background-position":"center center","background-size":"auto","background-attachment":"scroll","background-type":"","background-media":"","overlay-type":"","overlay-color":"","overlay-opacity":"","overlay-gradient":""},"tablet":{"background-color":"var(--ast-global-color-5)","background-image":"","background-repeat":"repeat","background-position":"center center","background-size":"auto","background-attachment":"scroll","background-type":"","background-media":"","overlay-type":"","overlay-color":"","overlay-opacity":"","overlay-gradient":""},"mobile":{"background-color":"var(--ast-global-color-5)","background-image":"","background-repeat":"repeat","background-position":"center center","background-size":"auto","background-attachment":"scroll","background-type":"","background-media":"","overlay-type":"","overlay-color":"","overlay-opacity":"","overlay-gradient":""}}},"product_brand":[],"product_cat":[179,294,424,266],"product_tag":[],"class_list":{"0":"post-229332","1":"product","2":"type-product","3":"status-publish","4":"has-post-thumbnail","6":"product_cat-gemaelde","7":"product_cat-josef-benedikt-engl","8":"product_cat-karikaturen","9":"product_cat-zeichnung","10":"desktop-align-center","11":"tablet-align-left","12":"mobile-align-left","14":"first","15":"instock","16":"taxable","17":"shipping-taxable","18":"product-type-simple"},"_links":{"self":[{"href":"https:\/\/collection.galerie-gerdes.com\/ar\/wp-json\/wp\/v2\/product\/229332","targetHints":{"allow":["GET"]}}],"collection":[{"href":"https:\/\/collection.galerie-gerdes.com\/ar\/wp-json\/wp\/v2\/product"}],"about":[{"href":"https:\/\/collection.galerie-gerdes.com\/ar\/wp-json\/wp\/v2\/types\/product"}],"wp:featuredmedia":[{"embeddable":true,"href":"https:\/\/collection.galerie-gerdes.com\/ar\/wp-json\/wp\/v2\/media\/229603"}],"wp:attachment":[{"href":"https:\/\/collection.galerie-gerdes.com\/ar\/wp-json\/wp\/v2\/media?parent=229332"}],"wp:term":[{"taxonomy":"product_brand","embeddable":true,"href":"https:\/\/collection.galerie-gerdes.com\/ar\/wp-json\/wp\/v2\/product_brand?post=229332"},{"taxonomy":"product_cat","embeddable":true,"href":"https:\/\/collection.galerie-gerdes.com\/ar\/wp-json\/wp\/v2\/product_cat?post=229332"},{"taxonomy":"product_tag","embeddable":true,"href":"https:\/\/collection.galerie-gerdes.com\/ar\/wp-json\/wp\/v2\/product_tag?post=229332"}],"curies":[{"name":"wp","href":"https:\/\/api.w.org\/{rel}","templated":true}]}}