{"id":245273,"date":"2024-10-04T14:24:31","date_gmt":"2024-10-04T12:24:31","guid":{"rendered":"https:\/\/www.collection.galerie-gerdes.com\/?post_type=product&#038;p=245273"},"modified":"2024-10-12T15:56:54","modified_gmt":"2024-10-12T13:56:54","slug":"fahrradfahrer-und-passanten-1894-federzeichnung-von-georg-muehlberg","status":"publish","type":"product","link":"https:\/\/collection.galerie-gerdes.com\/ar\/p\/fahrradfahrer-und-passanten-1894-federzeichnung-von-georg-muehlberg\/","title":{"rendered":"Fahrradfahrer und Passanten, 1894 | Federzeichnung von Georg M\u00fchlberg"},"content":{"rendered":"<div class=\"flex-shrink-0 flex flex-col relative items-end\">\n<div>\n<div class=\"pt-0\">\n<div class=\"gizmo-bot-avatar flex h-8 w-8 items-center justify-center overflow-hidden rounded-full\">\n<div class=\"relative p-1 rounded-sm flex items-center justify-center bg-token-main-surface-primary text-token-text-primary h-8 w-8\"><span style=\"font-size: 16px;\">Georg M\u00fchlberg (* 5. Februar 1863 in N\u00fcrnberg; \u2020 1. Januar 1925 in M\u00fcnchen) war ein deutscher Maler, Zeichner und Illustrator, bekannt f\u00fcr seine Werke, die vor allem Kinder- und Jugendliteratur illustrierten.<\/span><\/div>\n<\/div>\n<\/div>\n<\/div>\n<\/div>\n<div class=\"group\/conversation-turn relative flex w-full min-w-0 flex-col agent-turn\">\n<div class=\"flex-col gap-1 md:gap-3\">\n<div class=\"flex max-w-full flex-col flex-grow\">\n<div class=\"min-h-8 text-message flex w-full flex-col items-end gap-2 whitespace-normal break-words [.text-message+&amp;]:mt-5\" dir=\"auto\" data-message-author-role=\"assistant\" data-message-id=\"0be406de-d5f0-4730-93ab-3a8f86735dcb\">\n<div class=\"flex w-full flex-col gap-1 empty:hidden first:pt-[3px]\">\n<div class=\"markdown prose w-full break-words dark:prose-invert dark\">\n<p>M\u00fchlberg, Sohn eines N\u00fcrnberger Schuhmachers, studierte ab dem 21. Oktober 1882 an der Akademie der Bildenden K\u00fcnste in M\u00fcnchen. Im Laufe seiner Karriere illustrierte er zahlreiche B\u00fccher, darunter Fabeln und M\u00e4rchen, wie <em>Paul Heys 100 Fabeln f\u00fcr Kinder<\/em> (1903) und M\u00e4rchenpostkartenserien wie <em>Tischlein deck dich<\/em> und <em>Die Sieben Schwaben<\/em>. Er war auch f\u00fcr seine Bilderzyklen bekannt, die das studentische Leben in schlagenden Verbindungen thematisierten (Couleurbilder).<\/p>\n<p>Zus\u00e4tzlich schuf M\u00fchlberg beliebte Postkartenserien, die Sagen und historische Romane illustrierten, etwa zur <em>Tristan-Sage<\/em> und <em>Lichtenstein<\/em> von Wilhelm Hauff. Er illustrierte Romane von Eugenie Marlitt, wie <em>Das Eulenhaus<\/em> und <em>Reichsgr\u00e4fin Gisela<\/em>, sowie Zeichnungen f\u00fcr die Zeitschriften <em>Die Gartenlaube<\/em> und <em>Fliegende Bl\u00e4tter<\/em>.<\/p>\n<\/div>\n<\/div>\n<\/div>\n<\/div>\n<\/div>\n<\/div>\n","protected":false},"excerpt":{"rendered":"<p>Georg M\u00fchlberg (1863-1925)<\/p>\n","protected":false},"featured_media":245304,"template":"","meta":{"site-sidebar-layout":"default","site-content-layout":"","ast-site-content-layout":"default","site-content-style":"default","site-sidebar-style":"default","ast-global-header-display":"","ast-banner-title-visibility":"","ast-main-header-display":"","ast-hfb-above-header-display":"","ast-hfb-below-header-display":"","ast-hfb-mobile-header-display":"","site-post-title":"","ast-breadcrumbs-content":"","ast-featured-img":"","footer-sml-layout":"","ast-disable-related-posts":"","theme-transparent-header-meta":"default","adv-header-id-meta":"","stick-header-meta":"","header-above-stick-meta":"","header-main-stick-meta":"","header-below-stick-meta":"","astra-migrate-meta-layouts":"set","ast-page-background-enabled":"default","ast-page-background-meta":{"desktop":{"background-color":"var(--ast-global-color-4)","background-image":"","background-repeat":"repeat","background-position":"center center","background-size":"auto","background-attachment":"scroll","background-type":"","background-media":"","overlay-type":"","overlay-color":"","overlay-opacity":"","overlay-gradient":""},"tablet":{"background-color":"","background-image":"","background-repeat":"repeat","background-position":"center center","background-size":"auto","background-attachment":"scroll","background-type":"","background-media":"","overlay-type":"","overlay-color":"","overlay-opacity":"","overlay-gradient":""},"mobile":{"background-color":"","background-image":"","background-repeat":"repeat","background-position":"center center","background-size":"auto","background-attachment":"scroll","background-type":"","background-media":"","overlay-type":"","overlay-color":"","overlay-opacity":"","overlay-gradient":""}},"ast-content-background-meta":{"desktop":{"background-color":"var(--ast-global-color-5)","background-image":"","background-repeat":"repeat","background-position":"center center","background-size":"auto","background-attachment":"scroll","background-type":"","background-media":"","overlay-type":"","overlay-color":"","overlay-opacity":"","overlay-gradient":""},"tablet":{"background-color":"var(--ast-global-color-5)","background-image":"","background-repeat":"repeat","background-position":"center center","background-size":"auto","background-attachment":"scroll","background-type":"","background-media":"","overlay-type":"","overlay-color":"","overlay-opacity":"","overlay-gradient":""},"mobile":{"background-color":"var(--ast-global-color-5)","background-image":"","background-repeat":"repeat","background-position":"center center","background-size":"auto","background-attachment":"scroll","background-type":"","background-media":"","overlay-type":"","overlay-color":"","overlay-opacity":"","overlay-gradient":""}}},"product_brand":[],"product_cat":[418,14391,424,266],"product_tag":[],"class_list":{"0":"post-245273","1":"product","2":"type-product","3":"status-publish","4":"has-post-thumbnail","6":"product_cat-genre","7":"product_cat-georg-muehlberg","8":"product_cat-karikaturen","9":"product_cat-zeichnung","10":"desktop-align-center","11":"tablet-align-left","12":"mobile-align-left","14":"first","15":"instock","16":"taxable","17":"shipping-taxable","18":"product-type-simple"},"_links":{"self":[{"href":"https:\/\/collection.galerie-gerdes.com\/ar\/wp-json\/wp\/v2\/product\/245273","targetHints":{"allow":["GET"]}}],"collection":[{"href":"https:\/\/collection.galerie-gerdes.com\/ar\/wp-json\/wp\/v2\/product"}],"about":[{"href":"https:\/\/collection.galerie-gerdes.com\/ar\/wp-json\/wp\/v2\/types\/product"}],"wp:featuredmedia":[{"embeddable":true,"href":"https:\/\/collection.galerie-gerdes.com\/ar\/wp-json\/wp\/v2\/media\/245304"}],"wp:attachment":[{"href":"https:\/\/collection.galerie-gerdes.com\/ar\/wp-json\/wp\/v2\/media?parent=245273"}],"wp:term":[{"taxonomy":"product_brand","embeddable":true,"href":"https:\/\/collection.galerie-gerdes.com\/ar\/wp-json\/wp\/v2\/product_brand?post=245273"},{"taxonomy":"product_cat","embeddable":true,"href":"https:\/\/collection.galerie-gerdes.com\/ar\/wp-json\/wp\/v2\/product_cat?post=245273"},{"taxonomy":"product_tag","embeddable":true,"href":"https:\/\/collection.galerie-gerdes.com\/ar\/wp-json\/wp\/v2\/product_tag?post=245273"}],"curies":[{"name":"wp","href":"https:\/\/api.w.org\/{rel}","templated":true}]}}