{"id":3397,"date":"2024-02-29T12:53:26","date_gmt":"2024-02-29T11:53:26","guid":{"rendered":"https:\/\/collection.galerie-gerdes.com\/?post_type=product&#038;p=3397"},"modified":"2024-09-26T17:11:12","modified_gmt":"2024-09-26T15:11:12","slug":"weite-bergige-landschaft-mit-einsamem-reiter-carl-bolze-gemaelde","status":"publish","type":"product","link":"https:\/\/collection.galerie-gerdes.com\/ar\/p\/weite-bergige-landschaft-mit-einsamem-reiter-carl-bolze-gemaelde\/","title":{"rendered":"Weite bergige Landschaft mit Reiter, Carl Bolze, Gem\u00e4lde"},"content":{"rendered":"<p>Carl Bolze (1832-1913) wurde in Oberlanzendorf bei Wien geboren. Obwohl sein Vater eine \u00d6lm\u00fchle besa\u00df und es wahrscheinlich schien, dass Carl die Fabrik \u00fcbernehmen w\u00fcrde, zeigte er schon fr\u00fch seine k\u00fcnstlerische Begabung. Nach dem Tod seiner Eltern folgte er seiner Neigung und zog 1869 mit seiner Familie nach M\u00fcnchen. Dort trat er der M\u00fcnchner K\u00fcnstlergenossenschaft bei und entwickelte seine F\u00e4higkeiten durch Selbststudium und den Austausch mit Kollegen.<\/p>\n<p>Die 1870er und 1880er Jahre waren Bolzes produktivste Schaffensperiode. Seine Landschaftsbilder zeigen haupts\u00e4chlich Gebiete im Oberland, wie den Chiemsee, den Kochelsee und das Inntal. Bolze hatte eine Vorliebe f\u00fcr unscheinbare Motive wie Seeufer, Waldwege, Gr\u00e4ser und Wolkengebilde. Trotz einer Augenkrankheit, die sein Sehverm\u00f6gen einschr\u00e4nkte, malte er bis zur Entstehung seines letzten bekannten \u00d6lgem\u00e4ldes im Jahr 1903 weiter.<\/p>\n<p>Bolze nahm gelegentlich an Kunstausstellungen teil, aber seine Bilder wurden zu Lebzeiten nicht allgemein anerkannt. Erst 1984 wurde er von Hans Peter Defregger, einem Enkel des ber\u00fchmten Franz von Defregger, entdeckt. Ein Jahr sp\u00e4ter fand eine Gedenkausstellung in der Bayerischen Landesbank in M\u00fcnchen statt.<\/p>\n<p>Einige seiner Werke befinden sich heute in Museen wie dem Museum in Breslau, der St\u00e4dtischen Galerie in M\u00fcnchen und der Bayerischen Staatsgem\u00e4ldesammlung. Trotz seines finanziell sorglosen Lebens war Bolze nicht darauf angewiesen, seine Bilder zu verkaufen.<\/p>\n<p>Mit seiner Liebe zur Natur und seinem Fokus auf Detailgenauigkeit konnte Bolze mit seinen Landschaftsbildern eine besondere Atmosph\u00e4re einfangen. Ein Gro\u00dfteil seines Schaffens stammt aus den 1870er und 1880er Jahren und zeigt die Sch\u00f6nheit der bayerischen Landschaft. Erst viele Jahre nach seinem Tod erfuhr er die Anerkennung, die er verdiente.<\/p>\n","protected":false},"excerpt":{"rendered":"<p>Carl Bolze (Oberlanzendorf 1832 &#8211; 1913 M\u00fcnchen)<\/p>\n","protected":false},"featured_media":3443,"template":"","meta":{"site-sidebar-layout":"default","site-content-layout":"","ast-site-content-layout":"default","site-content-style":"default","site-sidebar-style":"default","ast-global-header-display":"","ast-banner-title-visibility":"","ast-main-header-display":"","ast-hfb-above-header-display":"","ast-hfb-below-header-display":"","ast-hfb-mobile-header-display":"","site-post-title":"","ast-breadcrumbs-content":"","ast-featured-img":"","footer-sml-layout":"","ast-disable-related-posts":"","theme-transparent-header-meta":"default","adv-header-id-meta":"","stick-header-meta":"","header-above-stick-meta":"","header-main-stick-meta":"","header-below-stick-meta":"","astra-migrate-meta-layouts":"set","ast-page-background-enabled":"default","ast-page-background-meta":{"desktop":{"background-color":"var(--ast-global-color-4)","background-image":"","background-repeat":"repeat","background-position":"center center","background-size":"auto","background-attachment":"scroll","background-type":"","background-media":"","overlay-type":"","overlay-color":"","overlay-opacity":"","overlay-gradient":""},"tablet":{"background-color":"","background-image":"","background-repeat":"repeat","background-position":"center center","background-size":"auto","background-attachment":"scroll","background-type":"","background-media":"","overlay-type":"","overlay-color":"","overlay-opacity":"","overlay-gradient":""},"mobile":{"background-color":"","background-image":"","background-repeat":"repeat","background-position":"center center","background-size":"auto","background-attachment":"scroll","background-type":"","background-media":"","overlay-type":"","overlay-color":"","overlay-opacity":"","overlay-gradient":""}},"ast-content-background-meta":{"desktop":{"background-color":"var(--ast-global-color-5)","background-image":"","background-repeat":"repeat","background-position":"center center","background-size":"auto","background-attachment":"scroll","background-type":"","background-media":"","overlay-type":"","overlay-color":"","overlay-opacity":"","overlay-gradient":""},"tablet":{"background-color":"var(--ast-global-color-5)","background-image":"","background-repeat":"repeat","background-position":"center center","background-size":"auto","background-attachment":"scroll","background-type":"","background-media":"","overlay-type":"","overlay-color":"","overlay-opacity":"","overlay-gradient":""},"mobile":{"background-color":"var(--ast-global-color-5)","background-image":"","background-repeat":"repeat","background-position":"center center","background-size":"auto","background-attachment":"scroll","background-type":"","background-media":"","overlay-type":"","overlay-color":"","overlay-opacity":"","overlay-gradient":""}}},"product_brand":[],"product_cat":[52,233,25,179,409],"product_tag":[364,362,363,74,361,365],"class_list":{"0":"post-3397","1":"product","2":"type-product","3":"status-publish","4":"has-post-thumbnail","6":"product_cat-20th-century","7":"product_cat-carl-bolze","8":"product_cat-deutsch","9":"product_cat-gemaelde","10":"product_cat-landschaft","11":"product_tag-art","12":"product_tag-gemalde","13":"product_tag-kunst","14":"product_tag-painting","15":"product_tag-peintures","16":"product_tag-pittura","17":"desktop-align-center","18":"tablet-align-left","19":"mobile-align-left","21":"first","22":"instock","23":"taxable","24":"shipping-taxable","25":"product-type-simple"},"_links":{"self":[{"href":"https:\/\/collection.galerie-gerdes.com\/ar\/wp-json\/wp\/v2\/product\/3397","targetHints":{"allow":["GET"]}}],"collection":[{"href":"https:\/\/collection.galerie-gerdes.com\/ar\/wp-json\/wp\/v2\/product"}],"about":[{"href":"https:\/\/collection.galerie-gerdes.com\/ar\/wp-json\/wp\/v2\/types\/product"}],"wp:featuredmedia":[{"embeddable":true,"href":"https:\/\/collection.galerie-gerdes.com\/ar\/wp-json\/wp\/v2\/media\/3443"}],"wp:attachment":[{"href":"https:\/\/collection.galerie-gerdes.com\/ar\/wp-json\/wp\/v2\/media?parent=3397"}],"wp:term":[{"taxonomy":"product_brand","embeddable":true,"href":"https:\/\/collection.galerie-gerdes.com\/ar\/wp-json\/wp\/v2\/product_brand?post=3397"},{"taxonomy":"product_cat","embeddable":true,"href":"https:\/\/collection.galerie-gerdes.com\/ar\/wp-json\/wp\/v2\/product_cat?post=3397"},{"taxonomy":"product_tag","embeddable":true,"href":"https:\/\/collection.galerie-gerdes.com\/ar\/wp-json\/wp\/v2\/product_tag?post=3397"}],"curies":[{"name":"wp","href":"https:\/\/api.w.org\/{rel}","templated":true}]}}