{"id":430334,"date":"2026-02-08T16:55:13","date_gmt":"2026-02-08T15:55:13","guid":{"rendered":"https:\/\/collection.galerie-gerdes.com\/?post_type=product&#038;p=430334"},"modified":"2026-02-08T16:55:14","modified_gmt":"2026-02-08T15:55:14","slug":"stadt-staffagen-bleistiftzeichnung-von-karl-august-lebschee","status":"publish","type":"product","link":"https:\/\/collection.galerie-gerdes.com\/ar\/p\/stadt-staffagen-bleistiftzeichnung-von-karl-august-lebschee\/","title":{"rendered":"Stadt-Staffagen | Bleistiftzeichnung von Karl August Lebschee"},"content":{"rendered":"<div class=\"flex flex-col text-sm pb-25\">\n<article class=\"text-token-text-primary w-full focus:outline-none [--shadow-height:45px] has-data-writing-block:pointer-events-none has-data-writing-block:-mt-(--shadow-height) has-data-writing-block:pt-(--shadow-height) [&amp;:has([data-writing-block])&gt;*]:pointer-events-auto scroll-mt-[calc(var(--header-height)+min(200px,max(70px,20svh)))]\" dir=\"auto\" tabindex=\"-1\" data-turn-id=\"request-9fd33a8c-50ef-485d-9a7e-4894476d87f6-2\" data-testid=\"conversation-turn-666\" data-scroll-anchor=\"true\" data-turn=\"assistant\">\n<div class=\"text-base my-auto mx-auto pb-10 [--thread-content-margin:--spacing(4)] @w-sm\/main:[--thread-content-margin:--spacing(6)] @w-lg\/main:[--thread-content-margin:--spacing(16)] px-(--thread-content-margin)\">\n<div class=\"[--thread-content-max-width:40rem] @w-lg\/main:[--thread-content-max-width:48rem] mx-auto max-w-(--thread-content-max-width) flex-1 group\/turn-messages focus-visible:outline-hidden relative flex w-full min-w-0 flex-col agent-turn\" tabindex=\"-1\">\n<div class=\"flex max-w-full flex-col grow\">\n<div class=\"min-h-8 text-message relative flex w-full flex-col items-end gap-2 text-start break-words whitespace-normal [.text-message+&amp;]:mt-1\" dir=\"auto\" data-message-author-role=\"assistant\" data-message-id=\"e4224812-f8ad-447a-87cc-519ea28da777\" data-message-model-slug=\"gpt-5-2\">\n<div class=\"flex w-full flex-col gap-1 empty:hidden first:pt-[1px]\">\n<div class=\"markdown prose dark:prose-invert w-full wrap-break-word dark markdown-new-styling\">\n<p data-start=\"0\" data-end=\"578\">Carl August Lebsch\u00e9e (* 27. Juli 1800 in Schmiegel bei Posen; \u2020 13. Juni 1877 in M\u00fcnchen) war ein deutscher Maler und Zeichner der Romantik. Im Alter von sieben Jahren kam er mit seiner urspr\u00fcnglich aus dem Elsass stammenden Familie nach Bayern. Sein zeichnerisches Talent zeigte sich fr\u00fch, sodass er mit Unterst\u00fctzung eines Stipendiums des bayerischen K\u00f6nigs bereits ab dem 14. Lebensjahr an der M\u00fcnchner Kunstakademie studieren konnte. Dort wurde er unter anderem von Wilhelm von Kobell, Max Josef Wagenbauer, Johann Georg von Dillis und Carl Ernst Christoph He\u00df unterrichtet.<\/p>\n<p data-start=\"580\" data-end=\"1080\">Ab seinem 25. Lebensjahr arbeitete Lebsch\u00e9e als freischaffender Maler, Zeichner und Illustrator. Sein Werk konzentrierte sich vor allem auf detailgenaue Darstellungen von Landschaften und Bauwerken. Ein wiederkehrendes Motiv bildeten historische Burgen. Sein haupts\u00e4chliches T\u00e4tigkeitsgebiet lag in Altbayern und Oberfranken. Zwischen 1866 und 1871 fertigte er im Auftrag des Historischen Vereins von Oberbayern Aquarelle der Fresken Hans Donauers des \u00c4lteren im Antiquarium der M\u00fcnchner Residenz an.<\/p>\n<p data-start=\"1082\" data-end=\"1240\" data-is-last-node=\"\" data-is-only-node=\"\">Lebsch\u00e9e blieb unverheiratet und lebte unter oftmals schwierigen wirtschaftlichen Bedingungen. In seinen letzten Lebensjahren war er zudem stark sehbehindert.<\/p>\n<\/div>\n<\/div>\n<\/div>\n<\/div>\n<\/div>\n<\/div>\n<\/article>\n<\/div>\n","protected":false},"excerpt":{"rendered":"<p>Karl August Lebschee (1800-1877)<\/p>\n","protected":false},"featured_media":430679,"template":"","meta":{"site-sidebar-layout":"default","site-content-layout":"","ast-site-content-layout":"default","site-content-style":"default","site-sidebar-style":"default","ast-global-header-display":"","ast-banner-title-visibility":"","ast-main-header-display":"","ast-hfb-above-header-display":"","ast-hfb-below-header-display":"","ast-hfb-mobile-header-display":"","site-post-title":"","ast-breadcrumbs-content":"","ast-featured-img":"","footer-sml-layout":"","ast-disable-related-posts":"","theme-transparent-header-meta":"default","adv-header-id-meta":"","stick-header-meta":"","header-above-stick-meta":"","header-main-stick-meta":"","header-below-stick-meta":"","astra-migrate-meta-layouts":"set","ast-page-background-enabled":"default","ast-page-background-meta":{"desktop":{"background-color":"var(--ast-global-color-4)","background-image":"","background-repeat":"repeat","background-position":"center center","background-size":"auto","background-attachment":"scroll","background-type":"","background-media":"","overlay-type":"","overlay-color":"","overlay-opacity":"","overlay-gradient":""},"tablet":{"background-color":"","background-image":"","background-repeat":"repeat","background-position":"center center","background-size":"auto","background-attachment":"scroll","background-type":"","background-media":"","overlay-type":"","overlay-color":"","overlay-opacity":"","overlay-gradient":""},"mobile":{"background-color":"","background-image":"","background-repeat":"repeat","background-position":"center center","background-size":"auto","background-attachment":"scroll","background-type":"","background-media":"","overlay-type":"","overlay-color":"","overlay-opacity":"","overlay-gradient":""}},"ast-content-background-meta":{"desktop":{"background-color":"var(--ast-global-color-5)","background-image":"","background-repeat":"repeat","background-position":"center center","background-size":"auto","background-attachment":"scroll","background-type":"","background-media":"","overlay-type":"","overlay-color":"","overlay-opacity":"","overlay-gradient":""},"tablet":{"background-color":"var(--ast-global-color-5)","background-image":"","background-repeat":"repeat","background-position":"center center","background-size":"auto","background-attachment":"scroll","background-type":"","background-media":"","overlay-type":"","overlay-color":"","overlay-opacity":"","overlay-gradient":""},"mobile":{"background-color":"var(--ast-global-color-5)","background-image":"","background-repeat":"repeat","background-position":"center center","background-size":"auto","background-attachment":"scroll","background-type":"","background-media":"","overlay-type":"","overlay-color":"","overlay-opacity":"","overlay-gradient":""}}},"product_brand":[],"product_cat":[424,15371,266],"product_tag":[],"class_list":{"0":"post-430334","1":"product","2":"type-product","3":"status-publish","4":"has-post-thumbnail","6":"product_cat-karikaturen","7":"product_cat-karl-august-lebschee","8":"product_cat-zeichnung","9":"desktop-align-center","10":"tablet-align-left","11":"mobile-align-left","13":"first","14":"instock","15":"taxable","16":"shipping-taxable","17":"product-type-simple"},"_links":{"self":[{"href":"https:\/\/collection.galerie-gerdes.com\/ar\/wp-json\/wp\/v2\/product\/430334","targetHints":{"allow":["GET"]}}],"collection":[{"href":"https:\/\/collection.galerie-gerdes.com\/ar\/wp-json\/wp\/v2\/product"}],"about":[{"href":"https:\/\/collection.galerie-gerdes.com\/ar\/wp-json\/wp\/v2\/types\/product"}],"wp:featuredmedia":[{"embeddable":true,"href":"https:\/\/collection.galerie-gerdes.com\/ar\/wp-json\/wp\/v2\/media\/430679"}],"wp:attachment":[{"href":"https:\/\/collection.galerie-gerdes.com\/ar\/wp-json\/wp\/v2\/media?parent=430334"}],"wp:term":[{"taxonomy":"product_brand","embeddable":true,"href":"https:\/\/collection.galerie-gerdes.com\/ar\/wp-json\/wp\/v2\/product_brand?post=430334"},{"taxonomy":"product_cat","embeddable":true,"href":"https:\/\/collection.galerie-gerdes.com\/ar\/wp-json\/wp\/v2\/product_cat?post=430334"},{"taxonomy":"product_tag","embeddable":true,"href":"https:\/\/collection.galerie-gerdes.com\/ar\/wp-json\/wp\/v2\/product_tag?post=430334"}],"curies":[{"name":"wp","href":"https:\/\/api.w.org\/{rel}","templated":true}]}}