{"id":5486,"date":"2024-04-21T12:24:51","date_gmt":"2024-04-21T10:24:51","guid":{"rendered":"https:\/\/collection.galerie-gerdes.com\/?post_type=product&#038;p=5486"},"modified":"2024-08-16T22:09:39","modified_gmt":"2024-08-16T20:09:39","slug":"altes-liebendes-ehepaar-tuschezeichnung-von-josef-mukarowsky","status":"publish","type":"product","link":"https:\/\/collection.galerie-gerdes.com\/ar\/p\/altes-liebendes-ehepaar-tuschezeichnung-von-josef-mukarowsky\/","title":{"rendered":"Altes liebendes Ehepaar, Tuschezeichnung von Josef Mukarowsky"},"content":{"rendered":"<p>Josef Muka\u0159ovsk\u00fd (* 6. April 1851 in Mainz; \u2020 1. November 1921 in Klatovy) war ein tschechischer Maler und Illustrator.<\/p>\n<p>Er wurde in Deutschland als Sohn eines dort stationierten Milit\u00e4rangeh\u00f6rigen geboren. Als er acht Jahre alt war, kehrte die Familie nach Prag zur\u00fcck. Er besuchte Schulen in Prag und Wien und schloss sein Studium an einer Kunstakademie ab, m\u00f6glicherweise in einer der beiden St\u00e4dte. Nach 1870 steuerte er Illustrationen zu verschiedenen Zeitschriften bei, insbesondere zu Sv\u011btozor, und ver\u00f6ffentlichte im Laufe von vierzehn Jahren \u00fcber 400 Illustrationen. Zu seinen weiteren Werken geh\u00f6rte die Dekoration des Treppenhauses im Thunovsk\u00fd-Palast.<\/p>\n<p>In den 1880er Jahren besuchte er M\u00fcnchen. Schlie\u00dflich lie\u00df er sich dort nieder, gr\u00fcndete eine Familie und wurde in das kulturelle Leben M\u00fcnchens integriert. Dort erstellte er Illustrationen f\u00fcr deutsche Zeitschriften und fungierte als Gastgeber f\u00fcr viele deutsche und tschechische Kulturschaffende, was ihm den Spitznamen &#8220;Muki&#8221; einbrachte. Zu seinen Freunden z\u00e4hlten die Maler Franti\u0161ek Hlavat\u00fd und Otto Peters. Er illustrierte auch den Roman &#8220;Der Sohn des B\u00e4renj\u00e4gers&#8221; von Karl May.<\/p>\n<p>Kurz vor dem Ersten Weltkrieg kehrte er aus famili\u00e4ren Gr\u00fcnden in die Heimat zur\u00fcck und kaufte ein Haus in Doma\u017elice. Bis zum Ausbruch des Krieges lieferte er weiterhin Illustrationen f\u00fcr deutsche Publikationen. Nach dem Krieg konzentrierte er sich auf Portr\u00e4ts der \u00f6rtlichen Bev\u00f6lkerung. Unbeeindruckt von modernen Trends, blieb sein Werk praktischer Natur. Er verstarb in einem \u00f6rtlichen Krankenhaus und wurde auf dem st\u00e4dtischen Friedhof beigesetzt. Er wurde als fr\u00f6hliche und angenehme Person in Erinnerung behalten.<\/p>\n","protected":false},"excerpt":{"rendered":"<p>Josef Mukarowsky (1851-1921)<\/p>\n","protected":false},"featured_media":5526,"template":"","meta":{"site-sidebar-layout":"default","site-content-layout":"","ast-site-content-layout":"default","site-content-style":"default","site-sidebar-style":"default","ast-global-header-display":"","ast-banner-title-visibility":"","ast-main-header-display":"","ast-hfb-above-header-display":"","ast-hfb-below-header-display":"","ast-hfb-mobile-header-display":"","site-post-title":"","ast-breadcrumbs-content":"","ast-featured-img":"","footer-sml-layout":"","ast-disable-related-posts":"","theme-transparent-header-meta":"default","adv-header-id-meta":"","stick-header-meta":"","header-above-stick-meta":"","header-main-stick-meta":"","header-below-stick-meta":"","astra-migrate-meta-layouts":"set","ast-page-background-enabled":"default","ast-page-background-meta":{"desktop":{"background-color":"var(--ast-global-color-4)","background-image":"","background-repeat":"repeat","background-position":"center center","background-size":"auto","background-attachment":"scroll","background-type":"","background-media":"","overlay-type":"","overlay-color":"","overlay-opacity":"","overlay-gradient":""},"tablet":{"background-color":"","background-image":"","background-repeat":"repeat","background-position":"center center","background-size":"auto","background-attachment":"scroll","background-type":"","background-media":"","overlay-type":"","overlay-color":"","overlay-opacity":"","overlay-gradient":""},"mobile":{"background-color":"","background-image":"","background-repeat":"repeat","background-position":"center center","background-size":"auto","background-attachment":"scroll","background-type":"","background-media":"","overlay-type":"","overlay-color":"","overlay-opacity":"","overlay-gradient":""}},"ast-content-background-meta":{"desktop":{"background-color":"var(--ast-global-color-5)","background-image":"","background-repeat":"repeat","background-position":"center center","background-size":"auto","background-attachment":"scroll","background-type":"","background-media":"","overlay-type":"","overlay-color":"","overlay-opacity":"","overlay-gradient":""},"tablet":{"background-color":"var(--ast-global-color-5)","background-image":"","background-repeat":"repeat","background-position":"center center","background-size":"auto","background-attachment":"scroll","background-type":"","background-media":"","overlay-type":"","overlay-color":"","overlay-opacity":"","overlay-gradient":""},"mobile":{"background-color":"var(--ast-global-color-5)","background-image":"","background-repeat":"repeat","background-position":"center center","background-size":"auto","background-attachment":"scroll","background-type":"","background-media":"","overlay-type":"","overlay-color":"","overlay-opacity":"","overlay-gradient":""}}},"product_brand":[],"product_cat":[52,179,344,424,266],"product_tag":[],"class_list":{"0":"post-5486","1":"product","2":"type-product","3":"status-publish","4":"has-post-thumbnail","6":"product_cat-20th-century","7":"product_cat-gemaelde","8":"product_cat-josef-mukarowsky","9":"product_cat-karikaturen","10":"product_cat-zeichnung","11":"desktop-align-center","12":"tablet-align-left","13":"mobile-align-left","15":"first","16":"instock","17":"taxable","18":"shipping-taxable","19":"product-type-simple"},"_links":{"self":[{"href":"https:\/\/collection.galerie-gerdes.com\/ar\/wp-json\/wp\/v2\/product\/5486","targetHints":{"allow":["GET"]}}],"collection":[{"href":"https:\/\/collection.galerie-gerdes.com\/ar\/wp-json\/wp\/v2\/product"}],"about":[{"href":"https:\/\/collection.galerie-gerdes.com\/ar\/wp-json\/wp\/v2\/types\/product"}],"wp:featuredmedia":[{"embeddable":true,"href":"https:\/\/collection.galerie-gerdes.com\/ar\/wp-json\/wp\/v2\/media\/5526"}],"wp:attachment":[{"href":"https:\/\/collection.galerie-gerdes.com\/ar\/wp-json\/wp\/v2\/media?parent=5486"}],"wp:term":[{"taxonomy":"product_brand","embeddable":true,"href":"https:\/\/collection.galerie-gerdes.com\/ar\/wp-json\/wp\/v2\/product_brand?post=5486"},{"taxonomy":"product_cat","embeddable":true,"href":"https:\/\/collection.galerie-gerdes.com\/ar\/wp-json\/wp\/v2\/product_cat?post=5486"},{"taxonomy":"product_tag","embeddable":true,"href":"https:\/\/collection.galerie-gerdes.com\/ar\/wp-json\/wp\/v2\/product_tag?post=5486"}],"curies":[{"name":"wp","href":"https:\/\/api.w.org\/{rel}","templated":true}]}}