{"id":219993,"date":"2024-08-07T23:05:08","date_gmt":"2024-08-07T21:05:08","guid":{"rendered":"https:\/\/www.collection.galerie-gerdes.com\/?post_type=product&#038;p=219993"},"modified":"2025-01-01T17:00:11","modified_gmt":"2025-01-01T16:00:11","slug":"hunde-portraet-gemaelde-von-anton-weinberger","status":"publish","type":"product","link":"https:\/\/collection.galerie-gerdes.com\/bg\/p\/hunde-portraet-gemaelde-von-anton-weinberger\/","title":{"rendered":"Hunde-Portr\u00e4t eines Maltesers | Gem\u00e4lde von Anton Weinberger"},"content":{"rendered":"<p><strong>Anton Weinberger <\/strong>(*26. April 1843 in M\u00fcnchen; \u202024. M\u00e4rz 1912 in Hahn bei Wiesbaden) war ein deutscher Landschafts- und Tiermaler.<\/p>\n<p>Weinberger begann 1861 gegen den Willen seiner Stiefeltern ein Studium an der K\u00f6niglichen Akademie der K\u00fcnste in M\u00fcnchen. Dort wurde er von Johann Georg Hiltensperger und Alexander Str\u00e4huber sowie sp\u00e4ter von August Schleich und August Erxleben unterrichtet.<\/p>\n<p>Nach Abschluss seines Studiums arbeitete Weinberger zun\u00e4chst als Zeichenlehrer in Leipzig und ab 1872 in Sankt Petersburg, wo er eine deutsche Frau heiratete. Anschlie\u00dfend setzte er seine k\u00fcnstlerische Ausbildung in Berlin bei Paul Meyerheim fort. Um 1884 hielt er sich in Wien auf, wo er im Auftrag des kaiserlichen Hofes Hundeportr\u00e4ts anfertigte. Vier Jahre sp\u00e4ter, 1888, kehrte Weinberger nach M\u00fcnchen zur\u00fcck, zog jedoch 1902 nach Wiesbaden, wo er seine letzten Lebensjahre verbrachte.<\/p>\n<p>Weinberger war ein produktiver Maler und stellte unter anderem 1886 bei der Kunstausstellung in Wien aus. Seine Werke umfassen eine Vielzahl von Tier- und Landschaftsmotiven. Zu seinen bekanntesten Gem\u00e4lden z\u00e4hlen Darstellungen eines Sechzehnenders, der aus einer Waldlichtung hervortritt, Rehe, Wildschweine und Jagdhunde. Er malte auch Hasen im Kohlfeld, F\u00fcchse auf Schnepfenjagd und Stillleben.<\/p>\n","protected":false},"excerpt":{"rendered":"<p>Anton Weinberger (1843-1912)<\/p>\n","protected":false},"featured_media":304697,"template":"","meta":{"site-sidebar-layout":"default","site-content-layout":"","ast-site-content-layout":"default","site-content-style":"default","site-sidebar-style":"default","ast-global-header-display":"","ast-banner-title-visibility":"","ast-main-header-display":"","ast-hfb-above-header-display":"","ast-hfb-below-header-display":"","ast-hfb-mobile-header-display":"","site-post-title":"","ast-breadcrumbs-content":"","ast-featured-img":"","footer-sml-layout":"","ast-disable-related-posts":"","theme-transparent-header-meta":"default","adv-header-id-meta":"","stick-header-meta":"","header-above-stick-meta":"","header-main-stick-meta":"","header-below-stick-meta":"","astra-migrate-meta-layouts":"set","ast-page-background-enabled":"default","ast-page-background-meta":{"desktop":{"background-color":"var(--ast-global-color-4)","background-image":"","background-repeat":"repeat","background-position":"center center","background-size":"auto","background-attachment":"scroll","background-type":"","background-media":"","overlay-type":"","overlay-color":"","overlay-opacity":"","overlay-gradient":""},"tablet":{"background-color":"","background-image":"","background-repeat":"repeat","background-position":"center center","background-size":"auto","background-attachment":"scroll","background-type":"","background-media":"","overlay-type":"","overlay-color":"","overlay-opacity":"","overlay-gradient":""},"mobile":{"background-color":"","background-image":"","background-repeat":"repeat","background-position":"center center","background-size":"auto","background-attachment":"scroll","background-type":"","background-media":"","overlay-type":"","overlay-color":"","overlay-opacity":"","overlay-gradient":""}},"ast-content-background-meta":{"desktop":{"background-color":"var(--ast-global-color-5)","background-image":"","background-repeat":"repeat","background-position":"center center","background-size":"auto","background-attachment":"scroll","background-type":"","background-media":"","overlay-type":"","overlay-color":"","overlay-opacity":"","overlay-gradient":""},"tablet":{"background-color":"var(--ast-global-color-5)","background-image":"","background-repeat":"repeat","background-position":"center center","background-size":"auto","background-attachment":"scroll","background-type":"","background-media":"","overlay-type":"","overlay-color":"","overlay-opacity":"","overlay-gradient":""},"mobile":{"background-color":"var(--ast-global-color-5)","background-image":"","background-repeat":"repeat","background-position":"center center","background-size":"auto","background-attachment":"scroll","background-type":"","background-media":"","overlay-type":"","overlay-color":"","overlay-opacity":"","overlay-gradient":""}}},"product_brand":[],"product_cat":[14330],"product_tag":[],"class_list":{"0":"post-219993","1":"product","2":"type-product","3":"status-publish","4":"has-post-thumbnail","6":"product_cat-anton-weinberger","7":"desktop-align-center","8":"tablet-align-left","9":"mobile-align-left","11":"first","12":"instock","13":"taxable","14":"shipping-taxable","15":"product-type-simple"},"_links":{"self":[{"href":"https:\/\/collection.galerie-gerdes.com\/bg\/wp-json\/wp\/v2\/product\/219993","targetHints":{"allow":["GET"]}}],"collection":[{"href":"https:\/\/collection.galerie-gerdes.com\/bg\/wp-json\/wp\/v2\/product"}],"about":[{"href":"https:\/\/collection.galerie-gerdes.com\/bg\/wp-json\/wp\/v2\/types\/product"}],"wp:featuredmedia":[{"embeddable":true,"href":"https:\/\/collection.galerie-gerdes.com\/bg\/wp-json\/wp\/v2\/media\/304697"}],"wp:attachment":[{"href":"https:\/\/collection.galerie-gerdes.com\/bg\/wp-json\/wp\/v2\/media?parent=219993"}],"wp:term":[{"taxonomy":"product_brand","embeddable":true,"href":"https:\/\/collection.galerie-gerdes.com\/bg\/wp-json\/wp\/v2\/product_brand?post=219993"},{"taxonomy":"product_cat","embeddable":true,"href":"https:\/\/collection.galerie-gerdes.com\/bg\/wp-json\/wp\/v2\/product_cat?post=219993"},{"taxonomy":"product_tag","embeddable":true,"href":"https:\/\/collection.galerie-gerdes.com\/bg\/wp-json\/wp\/v2\/product_tag?post=219993"}],"curies":[{"name":"wp","href":"https:\/\/api.w.org\/{rel}","templated":true}]}}