{"id":222470,"date":"2024-08-15T23:16:59","date_gmt":"2024-08-15T21:16:59","guid":{"rendered":"https:\/\/www.collection.galerie-gerdes.com\/?post_type=product&#038;p=222470"},"modified":"2024-09-03T20:43:48","modified_gmt":"2024-09-03T18:43:48","slug":"kloster-tscheboksary-in-russland-1992-gemaelde-von-viatcheslav-romanov","status":"publish","type":"product","link":"https:\/\/collection.galerie-gerdes.com\/bg\/p\/kloster-tscheboksary-in-russland-1992-gemaelde-von-viatcheslav-romanov\/","title":{"rendered":"Kloster Tscheboksary in Russland, 1992 | Gem\u00e4lde von Viatcheslav Romanov"},"content":{"rendered":"<p>Vyacheslav Romanov wurde 1952 in Sankt Petersburg, Russland, geboren. 1977 schloss er sein Studium am I.E. Repin-Institut f\u00fcr Malerei, Bildhauerei und Architektur erfolgreich ab. Bereits 1980 erhielt er das Diplom der Akademie der K\u00fcnste f\u00fcr das beste Gem\u00e4lde des Jahres, was seine herausragenden F\u00e4higkeiten als K\u00fcnstler unterstrich.<\/p>\n<p>Seit 1980 nahm Romanov an zahlreichen internationalen Gruppenausstellungen des sowjetischen Kulturministeriums teil und stellte seine Werke unter anderem in Stuttgart, Urbino, Latium, Paris, der Schweiz, Westdeutschland und Vietnam aus. Von 1978 bis 2017 war er zudem regelm\u00e4\u00dfig auf gesamtunionischen, republikanischen und st\u00e4dtischen Ausstellungen in Russland, vor allem in Moskau und Sankt Petersburg, vertreten. 1988 wurde er zur internationalen Ausstellung \u201eExpo International\u201c in New York eingeladen, wo er ebenfalls gro\u00dfe Anerkennung fand.<\/p>\n<p>Seine Werke wurden weltweit in Auktionen gehandelt, darunter in Paris (Hotel Drouot), Br\u00fcssel, Antwerpen, Gent und M\u00fcnchen in den Jahren 1991 bis 1993. Romanovs Kunstwerke sind in zahlreichen Museumssammlungen zu finden, darunter in der Tambov Bildergalerie, der Seaside Bildergalerie in Wladiwostok, der Balaschicha Bildergalerie in der Moskauer Region, dem Buryat Kunstmuseum in Ulan-Ude und mehreren weiteren Museen in Russland und Vietnam.<\/p>\n<p>Seine Arbeiten befinden sich zudem in bedeutenden privaten Sammlungen in Russland, den USA (New York, San Francisco), Gro\u00dfbritannien (London), Frankreich (Paris), Italien (Korsika), Finnland, D\u00e4nemark, Belgien und Deutschland.<\/p>\n","protected":false},"excerpt":{"rendered":"<p>Viatcheslav Romanov (1952)<\/p>\n","protected":false},"featured_media":222771,"template":"","meta":{"site-sidebar-layout":"default","site-content-layout":"","ast-site-content-layout":"default","site-content-style":"default","site-sidebar-style":"default","ast-global-header-display":"","ast-banner-title-visibility":"","ast-main-header-display":"","ast-hfb-above-header-display":"","ast-hfb-below-header-display":"","ast-hfb-mobile-header-display":"","site-post-title":"","ast-breadcrumbs-content":"","ast-featured-img":"","footer-sml-layout":"","ast-disable-related-posts":"","theme-transparent-header-meta":"default","adv-header-id-meta":"","stick-header-meta":"","header-above-stick-meta":"","header-main-stick-meta":"","header-below-stick-meta":"","astra-migrate-meta-layouts":"set","ast-page-background-enabled":"default","ast-page-background-meta":{"desktop":{"background-color":"var(--ast-global-color-4)","background-image":"","background-repeat":"repeat","background-position":"center center","background-size":"auto","background-attachment":"scroll","background-type":"","background-media":"","overlay-type":"","overlay-color":"","overlay-opacity":"","overlay-gradient":""},"tablet":{"background-color":"","background-image":"","background-repeat":"repeat","background-position":"center center","background-size":"auto","background-attachment":"scroll","background-type":"","background-media":"","overlay-type":"","overlay-color":"","overlay-opacity":"","overlay-gradient":""},"mobile":{"background-color":"","background-image":"","background-repeat":"repeat","background-position":"center center","background-size":"auto","background-attachment":"scroll","background-type":"","background-media":"","overlay-type":"","overlay-color":"","overlay-opacity":"","overlay-gradient":""}},"ast-content-background-meta":{"desktop":{"background-color":"var(--ast-global-color-5)","background-image":"","background-repeat":"repeat","background-position":"center center","background-size":"auto","background-attachment":"scroll","background-type":"","background-media":"","overlay-type":"","overlay-color":"","overlay-opacity":"","overlay-gradient":""},"tablet":{"background-color":"var(--ast-global-color-5)","background-image":"","background-repeat":"repeat","background-position":"center center","background-size":"auto","background-attachment":"scroll","background-type":"","background-media":"","overlay-type":"","overlay-color":"","overlay-opacity":"","overlay-gradient":""},"mobile":{"background-color":"var(--ast-global-color-5)","background-image":"","background-repeat":"repeat","background-position":"center center","background-size":"auto","background-attachment":"scroll","background-type":"","background-media":"","overlay-type":"","overlay-color":"","overlay-opacity":"","overlay-gradient":""}}},"product_brand":[],"product_cat":[14340],"product_tag":[],"class_list":{"0":"post-222470","1":"product","2":"type-product","3":"status-publish","4":"has-post-thumbnail","6":"product_cat-viatcheslav-romanov","7":"desktop-align-center","8":"tablet-align-left","9":"mobile-align-left","11":"first","12":"instock","13":"taxable","14":"shipping-taxable","15":"product-type-simple"},"_links":{"self":[{"href":"https:\/\/collection.galerie-gerdes.com\/bg\/wp-json\/wp\/v2\/product\/222470","targetHints":{"allow":["GET"]}}],"collection":[{"href":"https:\/\/collection.galerie-gerdes.com\/bg\/wp-json\/wp\/v2\/product"}],"about":[{"href":"https:\/\/collection.galerie-gerdes.com\/bg\/wp-json\/wp\/v2\/types\/product"}],"wp:featuredmedia":[{"embeddable":true,"href":"https:\/\/collection.galerie-gerdes.com\/bg\/wp-json\/wp\/v2\/media\/222771"}],"wp:attachment":[{"href":"https:\/\/collection.galerie-gerdes.com\/bg\/wp-json\/wp\/v2\/media?parent=222470"}],"wp:term":[{"taxonomy":"product_brand","embeddable":true,"href":"https:\/\/collection.galerie-gerdes.com\/bg\/wp-json\/wp\/v2\/product_brand?post=222470"},{"taxonomy":"product_cat","embeddable":true,"href":"https:\/\/collection.galerie-gerdes.com\/bg\/wp-json\/wp\/v2\/product_cat?post=222470"},{"taxonomy":"product_tag","embeddable":true,"href":"https:\/\/collection.galerie-gerdes.com\/bg\/wp-json\/wp\/v2\/product_tag?post=222470"}],"curies":[{"name":"wp","href":"https:\/\/api.w.org\/{rel}","templated":true}]}}