{"id":230057,"date":"2024-08-28T22:52:31","date_gmt":"2024-08-28T20:52:31","guid":{"rendered":"https:\/\/www.collection.galerie-gerdes.com\/?post_type=product&#038;p=230057"},"modified":"2024-09-26T18:47:34","modified_gmt":"2024-09-26T16:47:34","slug":"bei-den-gaertnereien-im-forst-1910-gemaelde-von-friedrich-felger","status":"publish","type":"product","link":"https:\/\/collection.galerie-gerdes.com\/bg\/p\/bei-den-gaertnereien-im-forst-1910-gemaelde-von-friedrich-felger\/","title":{"rendered":"Bei den G\u00e4rtnereien im Forst 1910 | Gem\u00e4lde von Friedrich Felger"},"content":{"rendered":"<p>Friedrich Felger (1882\u20131960) war ein in Waiblingen geborener Maler, Illustrator, Entwerfer und Schriftsteller. Er studierte Malerei in Stuttgart und M\u00fcnchen und beteiligte sich an Ausstellungen in Berlin. Von 1905 bis 1910 arbeitete er als Entwerfer f\u00fcr die Silberwarenfabrik Bruckmann &amp; S\u00f6hne in Heilbronn, bevor er als freiberuflicher Maler und Illustrator sowie als Werbegrafiker f\u00fcr Heinrich Franck S\u00f6hne in Berlin t\u00e4tig wurde.<\/p>\n<p>Eine seiner bedeutendsten beruflichen Stationen begann 1915, als er von Richard Franck mit der Leitung der privaten Kriegssammlung betraut wurde, die sp\u00e4ter als \u201eWeltkriegsb\u00fccherei\u201c bekannt wurde. Unter Felgers Leitung entwickelte sich die Sammlung zur gr\u00f6\u00dften und bedeutendsten privat finanzierten Kriegssammlung im Deutschen Reich. Nach der Niederlage Deutschlands im Ersten Weltkrieg erweiterte Felger die Sammlung um Themen zur Novemberrevolution und den Folgen des Krieges. 1920 wurde die Sammlung nach Stuttgart verlegt und 1921 im Schloss Rosenstein als wissenschaftliche Spezialbibliothek der \u00d6ffentlichkeit zug\u00e4nglich gemacht.<\/p>\n<p>Felger organisierte 1925 eine gro\u00dfe Tagung zur \u201eKriegsschuldfrage\u201c und zur \u201eKriegspropaganda des Auslandes\u201c und publizierte 1929 den Sammelband <em>Was wir vom Weltkrieg nicht wissen<\/em>, der auch von Gottfried Benn mitbeitragen wurde. Im \u201eDritten Reich\u201c wurde das Buch mehrfach neu aufgelegt, das Vorwort der 1938er Ausgabe stammte von Hermann G\u00f6ring.<\/p>\n<p>Seit 1924 pr\u00e4sentierte Felger die Best\u00e4nde der Weltkriegsb\u00fccherei in verschiedenen Ausstellungen und organisierte regelm\u00e4\u00dfig Vortr\u00e4ge zu zeitgeschichtlichen und politischen Themen. Anfang der 1930er Jahre nahm sein Einfluss auf die Bibliothek ab, und ab 1931 war er nur noch gesch\u00e4ftsf\u00fchrender Leiter. Er konzentrierte sich auf die Verwaltung und den Aufbau eines Weltkriegsmuseums im Schloss Rosenstein, das 1933 er\u00f6ffnet wurde.<\/p>\n<p>Nach der Machtergreifung der Nationalsozialisten trat Felger in die NSDAP ein, wurde jedoch am 1. April 1934, mit erst 51 Jahren, in den Ruhestand versetzt. Offiziell hie\u00df es, Felger wolle sich verst\u00e4rkt schriftstellerischen und k\u00fcnstlerischen Arbeiten widmen. \u00dcber seine Aktivit\u00e4ten nach seiner Entlassung ist wenig bekannt, jedoch beteiligte er sich unter anderem am Aufbau der NSDAP-Ortsgruppe Heumaden und des Archivs des Stuttgarter NS-Kuriers. 1937 ver\u00f6ffentlichte er das Buch <em>Das Buch von Jesus Christus. Eine Evangelienharmonie<\/em>.<\/p>\n","protected":false},"excerpt":{"rendered":"<p>Friedrich Felger (1882-1960)<br \/>\nFarbabplatzer oben wie unten<\/p>\n","protected":false},"featured_media":230462,"template":"","meta":{"site-sidebar-layout":"default","site-content-layout":"","ast-site-content-layout":"default","site-content-style":"default","site-sidebar-style":"default","ast-global-header-display":"","ast-banner-title-visibility":"","ast-main-header-display":"","ast-hfb-above-header-display":"","ast-hfb-below-header-display":"","ast-hfb-mobile-header-display":"","site-post-title":"","ast-breadcrumbs-content":"","ast-featured-img":"","footer-sml-layout":"","ast-disable-related-posts":"","theme-transparent-header-meta":"default","adv-header-id-meta":"","stick-header-meta":"","header-above-stick-meta":"","header-main-stick-meta":"","header-below-stick-meta":"","astra-migrate-meta-layouts":"set","ast-page-background-enabled":"default","ast-page-background-meta":{"desktop":{"background-color":"var(--ast-global-color-4)","background-image":"","background-repeat":"repeat","background-position":"center center","background-size":"auto","background-attachment":"scroll","background-type":"","background-media":"","overlay-type":"","overlay-color":"","overlay-opacity":"","overlay-gradient":""},"tablet":{"background-color":"","background-image":"","background-repeat":"repeat","background-position":"center center","background-size":"auto","background-attachment":"scroll","background-type":"","background-media":"","overlay-type":"","overlay-color":"","overlay-opacity":"","overlay-gradient":""},"mobile":{"background-color":"","background-image":"","background-repeat":"repeat","background-position":"center center","background-size":"auto","background-attachment":"scroll","background-type":"","background-media":"","overlay-type":"","overlay-color":"","overlay-opacity":"","overlay-gradient":""}},"ast-content-background-meta":{"desktop":{"background-color":"var(--ast-global-color-5)","background-image":"","background-repeat":"repeat","background-position":"center center","background-size":"auto","background-attachment":"scroll","background-type":"","background-media":"","overlay-type":"","overlay-color":"","overlay-opacity":"","overlay-gradient":""},"tablet":{"background-color":"var(--ast-global-color-5)","background-image":"","background-repeat":"repeat","background-position":"center center","background-size":"auto","background-attachment":"scroll","background-type":"","background-media":"","overlay-type":"","overlay-color":"","overlay-opacity":"","overlay-gradient":""},"mobile":{"background-color":"var(--ast-global-color-5)","background-image":"","background-repeat":"repeat","background-position":"center center","background-size":"auto","background-attachment":"scroll","background-type":"","background-media":"","overlay-type":"","overlay-color":"","overlay-opacity":"","overlay-gradient":""}}},"product_brand":[],"product_cat":[14362],"product_tag":[],"class_list":{"0":"post-230057","1":"product","2":"type-product","3":"status-publish","4":"has-post-thumbnail","6":"product_cat-friedrich-felger","7":"desktop-align-center","8":"tablet-align-left","9":"mobile-align-left","11":"first","12":"instock","13":"taxable","14":"shipping-taxable","15":"product-type-simple"},"_links":{"self":[{"href":"https:\/\/collection.galerie-gerdes.com\/bg\/wp-json\/wp\/v2\/product\/230057","targetHints":{"allow":["GET"]}}],"collection":[{"href":"https:\/\/collection.galerie-gerdes.com\/bg\/wp-json\/wp\/v2\/product"}],"about":[{"href":"https:\/\/collection.galerie-gerdes.com\/bg\/wp-json\/wp\/v2\/types\/product"}],"wp:featuredmedia":[{"embeddable":true,"href":"https:\/\/collection.galerie-gerdes.com\/bg\/wp-json\/wp\/v2\/media\/230462"}],"wp:attachment":[{"href":"https:\/\/collection.galerie-gerdes.com\/bg\/wp-json\/wp\/v2\/media?parent=230057"}],"wp:term":[{"taxonomy":"product_brand","embeddable":true,"href":"https:\/\/collection.galerie-gerdes.com\/bg\/wp-json\/wp\/v2\/product_brand?post=230057"},{"taxonomy":"product_cat","embeddable":true,"href":"https:\/\/collection.galerie-gerdes.com\/bg\/wp-json\/wp\/v2\/product_cat?post=230057"},{"taxonomy":"product_tag","embeddable":true,"href":"https:\/\/collection.galerie-gerdes.com\/bg\/wp-json\/wp\/v2\/product_tag?post=230057"}],"curies":[{"name":"wp","href":"https:\/\/api.w.org\/{rel}","templated":true}]}}