{"id":256380,"date":"2024-10-23T23:53:36","date_gmt":"2024-10-23T21:53:36","guid":{"rendered":"https:\/\/www.collection.galerie-gerdes.com\/?post_type=product&#038;p=256380"},"modified":"2024-10-25T19:29:55","modified_gmt":"2024-10-25T17:29:55","slug":"burg-rothenburg-ob-der-tauber-gemaelde-von-hans-werner-schmidt","status":"publish","type":"product","link":"https:\/\/collection.galerie-gerdes.com\/bg\/p\/burg-rothenburg-ob-der-tauber-gemaelde-von-hans-werner-schmidt\/","title":{"rendered":"Burg Rothenburg ob der Tauber | Gem\u00e4lde von Hans Werner Schmidt"},"content":{"rendered":"<p>Hans Werner Schmidt (* 6. Oktober 1859 in Hamburg; \u2020 31. Mai 1950 in Weimar) war ein deutscher Maler, Illustrator und Radierer, bekannt f\u00fcr seine Historienbilder, fig\u00fcrlichen Darstellungen, Landschaften und Tierabbildungen. Sein k\u00fcnstlerisches Werk widmet sich vor allem historischen und zeitgen\u00f6ssischen Ereignissen, darunter das Leben von Johann Wolfgang von Goethe und bedeutende Momente der Weimarer Stadtgeschichte. Schmidt wuchs in einer Handwerkerfamilie in Hamburg auf und begann 1879 sein Studium an der Kunstschule in Weimar. Unter den Malern Albert Brendel und Theodor Hagen entwickelte er sich zu einem gefragten K\u00fcnstler und wurde 1885 Meistersch\u00fcler, sp\u00e4ter 1903 Professor.<\/p>\n<p>W\u00e4hrend des Ersten Weltkrieges geh\u00f6rte Schmidt zu den aktivsten Kriegsmalern, wobei er zahlreiche Kriegszeichnungen anfertigte und auch als Druckvorlagen aufbereitete. In der Weimarer Republik schuf er Illustrationen f\u00fcr Berichte zur Weimarer Nationalversammlung und realisierte in den fr\u00fchen 1930er Jahren einen beeindruckenden Gem\u00e4ldezyklus zur Geschichte der Stadt Weimar, der in der Weimarhalle pr\u00e4sentiert wurde. Diese gro\u00dfformatigen \u00d6lgem\u00e4lde, die Figuren wie Lucas Cranach und Johann Friedrich den Gro\u00dfm\u00fctigen darstellten, wurden teilweise auf Postkarten reproduziert. Im Jahr 1949, anl\u00e4sslich seines 90. Geburtstags, fand eine Sonderausstellung seiner Werke in der Alt-Weimarer Buch- und Kunststube Schaller statt.<\/p>\n","protected":false},"excerpt":{"rendered":"<p>Hans W. Schmidt (Hamburg 1859 &#8211; 1950 Weimar)<\/p>\n","protected":false},"featured_media":256711,"template":"","meta":{"site-sidebar-layout":"default","site-content-layout":"","ast-site-content-layout":"default","site-content-style":"default","site-sidebar-style":"default","ast-global-header-display":"","ast-banner-title-visibility":"","ast-main-header-display":"","ast-hfb-above-header-display":"","ast-hfb-below-header-display":"","ast-hfb-mobile-header-display":"","site-post-title":"","ast-breadcrumbs-content":"","ast-featured-img":"","footer-sml-layout":"","ast-disable-related-posts":"","theme-transparent-header-meta":"default","adv-header-id-meta":"","stick-header-meta":"","header-above-stick-meta":"","header-main-stick-meta":"","header-below-stick-meta":"","astra-migrate-meta-layouts":"set","ast-page-background-enabled":"default","ast-page-background-meta":{"desktop":{"background-color":"var(--ast-global-color-4)","background-image":"","background-repeat":"repeat","background-position":"center center","background-size":"auto","background-attachment":"scroll","background-type":"","background-media":"","overlay-type":"","overlay-color":"","overlay-opacity":"","overlay-gradient":""},"tablet":{"background-color":"","background-image":"","background-repeat":"repeat","background-position":"center center","background-size":"auto","background-attachment":"scroll","background-type":"","background-media":"","overlay-type":"","overlay-color":"","overlay-opacity":"","overlay-gradient":""},"mobile":{"background-color":"","background-image":"","background-repeat":"repeat","background-position":"center center","background-size":"auto","background-attachment":"scroll","background-type":"","background-media":"","overlay-type":"","overlay-color":"","overlay-opacity":"","overlay-gradient":""}},"ast-content-background-meta":{"desktop":{"background-color":"var(--ast-global-color-5)","background-image":"","background-repeat":"repeat","background-position":"center center","background-size":"auto","background-attachment":"scroll","background-type":"","background-media":"","overlay-type":"","overlay-color":"","overlay-opacity":"","overlay-gradient":""},"tablet":{"background-color":"var(--ast-global-color-5)","background-image":"","background-repeat":"repeat","background-position":"center center","background-size":"auto","background-attachment":"scroll","background-type":"","background-media":"","overlay-type":"","overlay-color":"","overlay-opacity":"","overlay-gradient":""},"mobile":{"background-color":"var(--ast-global-color-5)","background-image":"","background-repeat":"repeat","background-position":"center center","background-size":"auto","background-attachment":"scroll","background-type":"","background-media":"","overlay-type":"","overlay-color":"","overlay-opacity":"","overlay-gradient":""}}},"product_brand":[],"product_cat":[53,265,25,179,14411,416,266],"product_tag":[],"class_list":{"0":"post-256380","1":"product","2":"type-product","3":"status-publish","4":"has-post-thumbnail","6":"product_cat-19th-century","7":"product_cat-aquarell","8":"product_cat-deutsch","9":"product_cat-gemaelde","10":"product_cat-hans-werner-schmidt","11":"product_cat-stadtansicht","12":"product_cat-zeichnung","13":"desktop-align-center","14":"tablet-align-left","15":"mobile-align-left","17":"first","18":"instock","19":"taxable","20":"shipping-taxable","21":"product-type-simple"},"_links":{"self":[{"href":"https:\/\/collection.galerie-gerdes.com\/bg\/wp-json\/wp\/v2\/product\/256380","targetHints":{"allow":["GET"]}}],"collection":[{"href":"https:\/\/collection.galerie-gerdes.com\/bg\/wp-json\/wp\/v2\/product"}],"about":[{"href":"https:\/\/collection.galerie-gerdes.com\/bg\/wp-json\/wp\/v2\/types\/product"}],"wp:featuredmedia":[{"embeddable":true,"href":"https:\/\/collection.galerie-gerdes.com\/bg\/wp-json\/wp\/v2\/media\/256711"}],"wp:attachment":[{"href":"https:\/\/collection.galerie-gerdes.com\/bg\/wp-json\/wp\/v2\/media?parent=256380"}],"wp:term":[{"taxonomy":"product_brand","embeddable":true,"href":"https:\/\/collection.galerie-gerdes.com\/bg\/wp-json\/wp\/v2\/product_brand?post=256380"},{"taxonomy":"product_cat","embeddable":true,"href":"https:\/\/collection.galerie-gerdes.com\/bg\/wp-json\/wp\/v2\/product_cat?post=256380"},{"taxonomy":"product_tag","embeddable":true,"href":"https:\/\/collection.galerie-gerdes.com\/bg\/wp-json\/wp\/v2\/product_tag?post=256380"}],"curies":[{"name":"wp","href":"https:\/\/api.w.org\/{rel}","templated":true}]}}