{"id":318315,"date":"2025-07-30T16:27:22","date_gmt":"2025-07-30T14:27:22","guid":{"rendered":"https:\/\/collection.galerie-gerdes.com\/?post_type=product&#038;p=318315"},"modified":"2025-07-30T16:45:00","modified_gmt":"2025-07-30T14:45:00","slug":"fliehender-sowjet-baer-tuschemalerei-von-josef-mauder-meggendorfer-blaetter","status":"publish","type":"product","link":"https:\/\/collection.galerie-gerdes.com\/bg\/p\/fliehender-sowjet-baer-tuschemalerei-von-josef-mauder-meggendorfer-blaetter\/","title":{"rendered":"Fliehender Sowjet-B\u00e4r | Tuschemalerei von Josef Mauder | Meggendorfer Bl\u00e4tter"},"content":{"rendered":"<p>Josef Mauder (1884-1969), auch als &#8222;Sepp&#8220; bekannt, war ein vielseitiger K\u00fcnstler, der in M\u00fcnchen geboren wurde und sp\u00e4ter in Pullach i. Isartal verstarb. Geboren als Sohn von Bruno Mauder, dem Oberpfleger der bayerischen K\u00f6nige Ludwig II. und Otto, und Bruder des bekannten Kunstgewerblers und Glask\u00fcnstlers Bruno Mauder, war Josef Mauder bereits in seiner Jugend von k\u00fcnstlerischer T\u00e4tigkeit umgeben.<\/p>\n<p>Nach einer Ausbildung zum Glasmaler begann Mauder seine k\u00fcnstlerische Ausbildung an der K\u00f6niglichen Kunstgewerbeschule M\u00fcnchen bei Maximilian Dasio. Bereits mit 20 Jahren erlangte er seinen ersten Erfolg als Illustrator mit dem Jugendstil-Kinderbuch &#8222;Sch\u00f6ne alte Kinderreime. F\u00fcr M\u00fctter und Kinder&#8220;.<\/p>\n<p>Besonders bekannt wurde Mauder als Pionier der &#8222;Sportkarikatur&#8220; im deutschsprachigen Raum. \u00dcber Jahrzehnte hinweg zeichnete er f\u00fcr verschiedene Sportzeitschriften und illustrierte auch f\u00fcr bekannte Magazine wie die &#8222;Fliegenden Bl\u00e4tter&#8220;, die &#8222;M\u00fcnchner&#8220; und die &#8222;Stuttgarter Illustrierte&#8220;. Dar\u00fcber hinaus entwarf er Werbemarken f\u00fcr Firmen wie Hengstenberg und gestaltete Lebkuchenentw\u00fcrfe f\u00fcr die Ausstellung &#8222;M\u00fcnchen 1908&#8220;.<\/p>\n<p>Neben seiner k\u00fcnstlerischen T\u00e4tigkeit war Mauder auch ein leidenschaftlicher Fu\u00dfballspieler. Schon fr\u00fch trat er dem FC Bayern M\u00fcnchen bei und blieb dem Verein bis zu seinem Tod treu. Er war nicht nur Spieler, sondern auch zeitweise Kapit\u00e4n der zweiten Mannschaft.<\/p>\n<p>Josef Mauder verbrachte seine letzten Jahre in Pullach, wo er auch verstarb. Zu seinen Ehren benannte die Stadt Pullach den Sepp-Mauder-Weg nach ihm.<\/p>\n","protected":false},"excerpt":{"rendered":"<p>Josef Mauder (1884-1969)<br \/>\nBlatt ist fleckig<\/p>\n","protected":false},"featured_media":318621,"template":"","meta":{"site-sidebar-layout":"default","site-content-layout":"","ast-site-content-layout":"default","site-content-style":"default","site-sidebar-style":"default","ast-global-header-display":"","ast-banner-title-visibility":"","ast-main-header-display":"","ast-hfb-above-header-display":"","ast-hfb-below-header-display":"","ast-hfb-mobile-header-display":"","site-post-title":"","ast-breadcrumbs-content":"","ast-featured-img":"","footer-sml-layout":"","ast-disable-related-posts":"","theme-transparent-header-meta":"default","adv-header-id-meta":"","stick-header-meta":"","header-above-stick-meta":"","header-main-stick-meta":"","header-below-stick-meta":"","astra-migrate-meta-layouts":"set","ast-page-background-enabled":"default","ast-page-background-meta":{"desktop":{"background-color":"var(--ast-global-color-4)","background-image":"","background-repeat":"repeat","background-position":"center center","background-size":"auto","background-attachment":"scroll","background-type":"","background-media":"","overlay-type":"","overlay-color":"","overlay-opacity":"","overlay-gradient":""},"tablet":{"background-color":"","background-image":"","background-repeat":"repeat","background-position":"center center","background-size":"auto","background-attachment":"scroll","background-type":"","background-media":"","overlay-type":"","overlay-color":"","overlay-opacity":"","overlay-gradient":""},"mobile":{"background-color":"","background-image":"","background-repeat":"repeat","background-position":"center center","background-size":"auto","background-attachment":"scroll","background-type":"","background-media":"","overlay-type":"","overlay-color":"","overlay-opacity":"","overlay-gradient":""}},"ast-content-background-meta":{"desktop":{"background-color":"var(--ast-global-color-5)","background-image":"","background-repeat":"repeat","background-position":"center center","background-size":"auto","background-attachment":"scroll","background-type":"","background-media":"","overlay-type":"","overlay-color":"","overlay-opacity":"","overlay-gradient":""},"tablet":{"background-color":"var(--ast-global-color-5)","background-image":"","background-repeat":"repeat","background-position":"center center","background-size":"auto","background-attachment":"scroll","background-type":"","background-media":"","overlay-type":"","overlay-color":"","overlay-opacity":"","overlay-gradient":""},"mobile":{"background-color":"var(--ast-global-color-5)","background-image":"","background-repeat":"repeat","background-position":"center center","background-size":"auto","background-attachment":"scroll","background-type":"","background-media":"","overlay-type":"","overlay-color":"","overlay-opacity":"","overlay-gradient":""}}},"product_brand":[],"product_cat":[52,265,25,179,333,424,382,427],"product_tag":[364,362,363,74,361,365],"class_list":{"0":"post-318315","1":"product","2":"type-product","3":"status-publish","4":"has-post-thumbnail","6":"product_cat-20th-century","7":"product_cat-aquarell","8":"product_cat-deutsch","9":"product_cat-gemaelde","10":"product_cat-josef-mauder","11":"product_cat-karikaturen","12":"product_cat-meggendorfer-blatter","13":"product_cat-miltaerisch","14":"product_tag-art","15":"product_tag-gemalde","16":"product_tag-kunst","17":"product_tag-painting","18":"product_tag-peintures","19":"product_tag-pittura","20":"desktop-align-center","21":"tablet-align-left","22":"mobile-align-left","24":"first","25":"instock","26":"taxable","27":"shipping-taxable","28":"product-type-simple"},"_links":{"self":[{"href":"https:\/\/collection.galerie-gerdes.com\/bg\/wp-json\/wp\/v2\/product\/318315","targetHints":{"allow":["GET"]}}],"collection":[{"href":"https:\/\/collection.galerie-gerdes.com\/bg\/wp-json\/wp\/v2\/product"}],"about":[{"href":"https:\/\/collection.galerie-gerdes.com\/bg\/wp-json\/wp\/v2\/types\/product"}],"wp:featuredmedia":[{"embeddable":true,"href":"https:\/\/collection.galerie-gerdes.com\/bg\/wp-json\/wp\/v2\/media\/318621"}],"wp:attachment":[{"href":"https:\/\/collection.galerie-gerdes.com\/bg\/wp-json\/wp\/v2\/media?parent=318315"}],"wp:term":[{"taxonomy":"product_brand","embeddable":true,"href":"https:\/\/collection.galerie-gerdes.com\/bg\/wp-json\/wp\/v2\/product_brand?post=318315"},{"taxonomy":"product_cat","embeddable":true,"href":"https:\/\/collection.galerie-gerdes.com\/bg\/wp-json\/wp\/v2\/product_cat?post=318315"},{"taxonomy":"product_tag","embeddable":true,"href":"https:\/\/collection.galerie-gerdes.com\/bg\/wp-json\/wp\/v2\/product_tag?post=318315"}],"curies":[{"name":"wp","href":"https:\/\/api.w.org\/{rel}","templated":true}]}}