{"id":327317,"date":"2025-09-23T14:53:18","date_gmt":"2025-09-23T12:53:18","guid":{"rendered":"https:\/\/collection.galerie-gerdes.com\/?post_type=product&#038;p=327317"},"modified":"2025-09-23T14:53:18","modified_gmt":"2025-09-23T12:53:18","slug":"stillleben-blumenstrauss-gemaelde-von-klaus-clausmeyer","status":"publish","type":"product","link":"https:\/\/collection.galerie-gerdes.com\/bg\/p\/stillleben-blumenstrauss-gemaelde-von-klaus-clausmeyer\/","title":{"rendered":"Stillleben Blumenstrau\u00df | Gem\u00e4lde von Klaus Clausmeyer"},"content":{"rendered":"<p>Klaus Clausmeyer (1887\u20131968), mit vollem Namen Klaus Eduard Karl Meyer, war ein deutscher Maler, der vor allem durch Landschaften, Stillleben und Blumenbilder bekannt wurde, daneben aber auch Portr\u00e4ts und Darstellungen gesellschaftlicher Szenen schuf. Er wurde 1887 in D\u00fcsseldorf als \u00e4ltester Sohn des Genremalers Claus Meyer geboren und lebte und arbeitete \u00fcberwiegend in Deutschland.<br \/>\nBereits zu Lebzeiten galt Clausmeyer als gefragter Portr\u00e4tist und gestaltete zudem gro\u00dfformatige Szenen des \u00f6ffentlichen Lebens. W\u00e4hrend des Ersten Weltkriegs begann er, sich f\u00fcr au\u00dfereurop\u00e4ische Kunst zu interessieren und zun\u00e4chst buddhistische Werke zu sammeln. Sp\u00e4ter verlagerte er den Schwerpunkt seiner Sammelt\u00e4tigkeit auf Kunst aus Afrika und Ozeanien. Seine umfangreiche Kollektion f\u00fcllte nahezu vollst\u00e4ndig seine Atelierwohnung in D\u00fcsseldorf.<br \/>\nIm Jahr 1966 schloss Clausmeyer einen Vertrag, durch den seine Sammlung in den Besitz der Stadt K\u00f6ln \u00fcberging. Diese verpflichtete sich, das Konvolut wissenschaftlich zu erschlie\u00dfen und \u00f6ffentlich zug\u00e4nglich zu machen. Heute ist die Sammlung Teil des Bestands des Rautenstrauch-Joest-Museums in K\u00f6ln.<\/p>\n","protected":false},"excerpt":{"rendered":"<p>Klaus Clausmeyer (1887-1968)<\/p>\n","protected":false},"featured_media":329067,"template":"","meta":{"site-sidebar-layout":"default","site-content-layout":"","ast-site-content-layout":"default","site-content-style":"default","site-sidebar-style":"default","ast-global-header-display":"","ast-banner-title-visibility":"","ast-main-header-display":"","ast-hfb-above-header-display":"","ast-hfb-below-header-display":"","ast-hfb-mobile-header-display":"","site-post-title":"","ast-breadcrumbs-content":"","ast-featured-img":"","footer-sml-layout":"","ast-disable-related-posts":"","theme-transparent-header-meta":"default","adv-header-id-meta":"","stick-header-meta":"","header-above-stick-meta":"","header-main-stick-meta":"","header-below-stick-meta":"","astra-migrate-meta-layouts":"set","ast-page-background-enabled":"default","ast-page-background-meta":{"desktop":{"background-color":"var(--ast-global-color-4)","background-image":"","background-repeat":"repeat","background-position":"center center","background-size":"auto","background-attachment":"scroll","background-type":"","background-media":"","overlay-type":"","overlay-color":"","overlay-opacity":"","overlay-gradient":""},"tablet":{"background-color":"","background-image":"","background-repeat":"repeat","background-position":"center center","background-size":"auto","background-attachment":"scroll","background-type":"","background-media":"","overlay-type":"","overlay-color":"","overlay-opacity":"","overlay-gradient":""},"mobile":{"background-color":"","background-image":"","background-repeat":"repeat","background-position":"center center","background-size":"auto","background-attachment":"scroll","background-type":"","background-media":"","overlay-type":"","overlay-color":"","overlay-opacity":"","overlay-gradient":""}},"ast-content-background-meta":{"desktop":{"background-color":"var(--ast-global-color-5)","background-image":"","background-repeat":"repeat","background-position":"center center","background-size":"auto","background-attachment":"scroll","background-type":"","background-media":"","overlay-type":"","overlay-color":"","overlay-opacity":"","overlay-gradient":""},"tablet":{"background-color":"var(--ast-global-color-5)","background-image":"","background-repeat":"repeat","background-position":"center center","background-size":"auto","background-attachment":"scroll","background-type":"","background-media":"","overlay-type":"","overlay-color":"","overlay-opacity":"","overlay-gradient":""},"mobile":{"background-color":"var(--ast-global-color-5)","background-image":"","background-repeat":"repeat","background-position":"center center","background-size":"auto","background-attachment":"scroll","background-type":"","background-media":"","overlay-type":"","overlay-color":"","overlay-opacity":"","overlay-gradient":""}}},"product_brand":[],"product_cat":[15265],"product_tag":[],"class_list":{"0":"post-327317","1":"product","2":"type-product","3":"status-publish","4":"has-post-thumbnail","6":"product_cat-klaus-clausmeyer","7":"desktop-align-center","8":"tablet-align-left","9":"mobile-align-left","11":"first","12":"instock","13":"taxable","14":"shipping-taxable","15":"product-type-simple"},"_links":{"self":[{"href":"https:\/\/collection.galerie-gerdes.com\/bg\/wp-json\/wp\/v2\/product\/327317","targetHints":{"allow":["GET"]}}],"collection":[{"href":"https:\/\/collection.galerie-gerdes.com\/bg\/wp-json\/wp\/v2\/product"}],"about":[{"href":"https:\/\/collection.galerie-gerdes.com\/bg\/wp-json\/wp\/v2\/types\/product"}],"wp:featuredmedia":[{"embeddable":true,"href":"https:\/\/collection.galerie-gerdes.com\/bg\/wp-json\/wp\/v2\/media\/329067"}],"wp:attachment":[{"href":"https:\/\/collection.galerie-gerdes.com\/bg\/wp-json\/wp\/v2\/media?parent=327317"}],"wp:term":[{"taxonomy":"product_brand","embeddable":true,"href":"https:\/\/collection.galerie-gerdes.com\/bg\/wp-json\/wp\/v2\/product_brand?post=327317"},{"taxonomy":"product_cat","embeddable":true,"href":"https:\/\/collection.galerie-gerdes.com\/bg\/wp-json\/wp\/v2\/product_cat?post=327317"},{"taxonomy":"product_tag","embeddable":true,"href":"https:\/\/collection.galerie-gerdes.com\/bg\/wp-json\/wp\/v2\/product_tag?post=327317"}],"curies":[{"name":"wp","href":"https:\/\/api.w.org\/{rel}","templated":true}]}}