{"id":3401,"date":"2024-02-29T13:50:10","date_gmt":"2024-02-29T12:50:10","guid":{"rendered":"https:\/\/collection.galerie-gerdes.com\/?post_type=product&#038;p=3401"},"modified":"2024-05-21T13:05:11","modified_gmt":"2024-05-21T11:05:11","slug":"gemaelde-angler-am-fluss-1874-henri-joseph-harpignies","status":"publish","type":"product","link":"https:\/\/collection.galerie-gerdes.com\/bg\/p\/gemaelde-angler-am-fluss-1874-henri-joseph-harpignies\/","title":{"rendered":"Gem\u00e4lde Angler am Fluss, 1874, Henri Joseph HARPIGNIES"},"content":{"rendered":"<p>Henri Joseph Harpignies wurde am 28. Juli 1819 in Valenciennes geboren und verstarb am 28. August 1916 in Saint-Priv\u00e9 im D\u00e9partement Yonne. Er war ein renommierter franz\u00f6sischer Maler, der sich auf Landschafts- und Genremalerei spezialisierte.<\/p>\n<p>Urspr\u00fcnglich stammte Harpignies&#8217; Familie aus Belgien. Nachdem er seine T\u00e4tigkeit als Handelsreisender im Jahr 1848 aufgegeben hatte, widmete er sich verst\u00e4rkt der Malerei und wurde von dem Landschaftsmaler Jean Alexis Achard (1807\u20131884) unterrichtet. Zwischen 1850 und 1852 unternahm er ausgedehnte Reisen durch Deutschland und die Niederlande bis nach Italien, wo er in Rom an der Akademie studierte.<\/p>\n<p>Nach seiner R\u00fcckkehr im Jahr 1852 richtete Harpignies sein eigenes Atelier in Paris ein. Dort traf er auf aufstrebende K\u00fcnstler wie Jean-L\u00e9on G\u00e9r\u00f4me und Jean-Louis Hamon. Sein Deb\u00fct im Salon gab er bereits im darauffolgenden Jahr mit Landschaften von Capri und seiner Heimatstadt Valenciennes. Seine Bekanntheit wuchs besonders nach seiner Teilnahme am Salon des Jahres 1861 mit dem Werk &#8222;Wald am Ufer des Allier&#8220;. Eine zweite Reise nach Italien folgte im Jahr 1863, die bis 1865 dauerte und sein Schaffen nachhaltig beeinflusste.<\/p>\n<p>1866 erhielt Harpignies eine Medaille f\u00fcr sein Gem\u00e4lde &#8222;Abend in der r\u00f6mischen Campagna&#8220;, das vom Mus\u00e9e du Luxembourg erworben wurde. In seinem Werk setzte er die Tradition der Landschaftsmalerei fort, die von Camille Corot initiiert wurde. Mehrere Auszeichnungen folgten, darunter Medaillen in den Jahren 1868 und 1869 sowie die Ernennung zum Offizier der Ehrenlegion im Jahr 1875. Auf der Weltausstellung im Jahr 1900 wurde ihm der Grand Prix verliehen.<\/p>\n<p>Ab 1878 lebte Harpignies in Saint-Priv\u00e9, wo er weiterhin als Maler, Grafiker und Aquarellist t\u00e4tig war. Seine einflussreichen Landschaftsbilder wurden stark von der Barbizon-Schule gepr\u00e4gt. An seinem 97. Geburtstag konnte er auf ein erf\u00fclltes und erfolgreiches Leben zur\u00fcckblicken, bevor er einen Monat sp\u00e4ter verstarb.<\/p>\n","protected":false},"excerpt":{"rendered":"<p>Henri Joseph HARPIGNIES (1819-1916)<\/p>\n","protected":false},"featured_media":3468,"template":"","meta":{"site-sidebar-layout":"default","site-content-layout":"","ast-site-content-layout":"default","site-content-style":"default","site-sidebar-style":"default","ast-global-header-display":"","ast-banner-title-visibility":"","ast-main-header-display":"","ast-hfb-above-header-display":"","ast-hfb-below-header-display":"","ast-hfb-mobile-header-display":"","site-post-title":"","ast-breadcrumbs-content":"","ast-featured-img":"","footer-sml-layout":"","ast-disable-related-posts":"","theme-transparent-header-meta":"default","adv-header-id-meta":"","stick-header-meta":"","header-above-stick-meta":"","header-main-stick-meta":"","header-below-stick-meta":"","astra-migrate-meta-layouts":"set","ast-page-background-enabled":"default","ast-page-background-meta":{"desktop":{"background-color":"var(--ast-global-color-4)","background-image":"","background-repeat":"repeat","background-position":"center center","background-size":"auto","background-attachment":"scroll","background-type":"","background-media":"","overlay-type":"","overlay-color":"","overlay-opacity":"","overlay-gradient":""},"tablet":{"background-color":"","background-image":"","background-repeat":"repeat","background-position":"center center","background-size":"auto","background-attachment":"scroll","background-type":"","background-media":"","overlay-type":"","overlay-color":"","overlay-opacity":"","overlay-gradient":""},"mobile":{"background-color":"","background-image":"","background-repeat":"repeat","background-position":"center center","background-size":"auto","background-attachment":"scroll","background-type":"","background-media":"","overlay-type":"","overlay-color":"","overlay-opacity":"","overlay-gradient":""}},"ast-content-background-meta":{"desktop":{"background-color":"var(--ast-global-color-5)","background-image":"","background-repeat":"repeat","background-position":"center center","background-size":"auto","background-attachment":"scroll","background-type":"","background-media":"","overlay-type":"","overlay-color":"","overlay-opacity":"","overlay-gradient":""},"tablet":{"background-color":"var(--ast-global-color-5)","background-image":"","background-repeat":"repeat","background-position":"center center","background-size":"auto","background-attachment":"scroll","background-type":"","background-media":"","overlay-type":"","overlay-color":"","overlay-opacity":"","overlay-gradient":""},"mobile":{"background-color":"var(--ast-global-color-5)","background-image":"","background-repeat":"repeat","background-position":"center center","background-size":"auto","background-attachment":"scroll","background-type":"","background-media":"","overlay-type":"","overlay-color":"","overlay-opacity":"","overlay-gradient":""}}},"product_brand":[],"product_cat":[53,65,179,237,409],"product_tag":[364,362,363,74,361,365],"class_list":{"0":"post-3401","1":"product","2":"type-product","3":"status-publish","4":"has-post-thumbnail","6":"product_cat-19th-century","7":"product_cat-franzoesisch","8":"product_cat-gemaelde","9":"product_cat-henri-joseph-harpignies","10":"product_cat-landschaft","11":"product_tag-art","12":"product_tag-gemalde","13":"product_tag-kunst","14":"product_tag-painting","15":"product_tag-peintures","16":"product_tag-pittura","17":"desktop-align-center","18":"tablet-align-left","19":"mobile-align-left","21":"first","22":"instock","23":"taxable","24":"shipping-taxable","25":"product-type-simple"},"_links":{"self":[{"href":"https:\/\/collection.galerie-gerdes.com\/bg\/wp-json\/wp\/v2\/product\/3401","targetHints":{"allow":["GET"]}}],"collection":[{"href":"https:\/\/collection.galerie-gerdes.com\/bg\/wp-json\/wp\/v2\/product"}],"about":[{"href":"https:\/\/collection.galerie-gerdes.com\/bg\/wp-json\/wp\/v2\/types\/product"}],"wp:featuredmedia":[{"embeddable":true,"href":"https:\/\/collection.galerie-gerdes.com\/bg\/wp-json\/wp\/v2\/media\/3468"}],"wp:attachment":[{"href":"https:\/\/collection.galerie-gerdes.com\/bg\/wp-json\/wp\/v2\/media?parent=3401"}],"wp:term":[{"taxonomy":"product_brand","embeddable":true,"href":"https:\/\/collection.galerie-gerdes.com\/bg\/wp-json\/wp\/v2\/product_brand?post=3401"},{"taxonomy":"product_cat","embeddable":true,"href":"https:\/\/collection.galerie-gerdes.com\/bg\/wp-json\/wp\/v2\/product_cat?post=3401"},{"taxonomy":"product_tag","embeddable":true,"href":"https:\/\/collection.galerie-gerdes.com\/bg\/wp-json\/wp\/v2\/product_tag?post=3401"}],"curies":[{"name":"wp","href":"https:\/\/api.w.org\/{rel}","templated":true}]}}