{"id":3949,"date":"2024-03-19T11:49:08","date_gmt":"2024-03-19T10:49:08","guid":{"rendered":"https:\/\/collection.galerie-gerdes.com\/?post_type=product&#038;p=3949"},"modified":"2024-05-21T13:04:14","modified_gmt":"2024-05-21T11:04:14","slug":"skizze-kleines-gemalde-einer-landschaft-gustav-barbarini-1872","status":"publish","type":"product","link":"https:\/\/collection.galerie-gerdes.com\/bg\/p\/skizze-kleines-gemalde-einer-landschaft-gustav-barbarini-1872\/","title":{"rendered":"Farbige Skizze\/ Kleines Gem\u00e4lde einer Landschaft, Gustav Barbarini, 1872"},"content":{"rendered":"<p>Gustav Barbarini, geboren am 17. Juni 1840 in Wien, und verstorben am 16. Mai 1909 in Hinterbr\u00fchl bei M\u00f6dling, fand seine letzte Ruhest\u00e4tte auf dem Friedhof Hinterbr\u00fchl. Er war ein \u00f6sterreichischer Landschaftsmaler und der Sohn des renommierten K\u00fcnstlers Franz Barbarini.<\/p>\n<p>Barbarini erhielt seine k\u00fcnstlerische Ausbildung an der Akademie der bildenden K\u00fcnste, wo er im Jahr 1857 studierte. Seine Werke wurden regelm\u00e4\u00dfig auf Ausstellungen des \u00d6sterreichischen Kunstvereins pr\u00e4sentiert, wobei er ab 1887 aktiv an diesen Ausstellungen teilnahm. Seine Motive fand er haupts\u00e4chlich im Wienerwald und den \u00f6sterreichischen Gebirgsl\u00e4ndern, die er in seinen Gem\u00e4lden einfing.<\/p>\n<p>Nach seinem Tod wurde der Nachlass von Gustav Barbarini im Jahr 1911 im renommierten Auktionshaus Dorotheum versteigert. Sein k\u00fcnstlerisches Erbe und seine Beitr\u00e4ge zur Landschaftsmalerei haben seinen Namen in der \u00f6sterreichischen Kunstwelt verewigt, und seine Werke sind weiterhin f\u00fcr ihre Sch\u00f6nheit und ihre Darstellung der Natur gesch\u00e4tzt.<\/p>\n","protected":false},"excerpt":{"rendered":"<p>Gustav Barbarini (1840-1909)<\/p>\n","protected":false},"featured_media":3966,"template":"","meta":{"site-sidebar-layout":"default","site-content-layout":"","ast-site-content-layout":"default","site-content-style":"default","site-sidebar-style":"default","ast-global-header-display":"","ast-banner-title-visibility":"","ast-main-header-display":"","ast-hfb-above-header-display":"","ast-hfb-below-header-display":"","ast-hfb-mobile-header-display":"","site-post-title":"","ast-breadcrumbs-content":"","ast-featured-img":"","footer-sml-layout":"","ast-disable-related-posts":"","theme-transparent-header-meta":"default","adv-header-id-meta":"","stick-header-meta":"","header-above-stick-meta":"","header-main-stick-meta":"","header-below-stick-meta":"","astra-migrate-meta-layouts":"set","ast-page-background-enabled":"default","ast-page-background-meta":{"desktop":{"background-color":"var(--ast-global-color-4)","background-image":"","background-repeat":"repeat","background-position":"center center","background-size":"auto","background-attachment":"scroll","background-type":"","background-media":"","overlay-type":"","overlay-color":"","overlay-opacity":"","overlay-gradient":""},"tablet":{"background-color":"","background-image":"","background-repeat":"repeat","background-position":"center center","background-size":"auto","background-attachment":"scroll","background-type":"","background-media":"","overlay-type":"","overlay-color":"","overlay-opacity":"","overlay-gradient":""},"mobile":{"background-color":"","background-image":"","background-repeat":"repeat","background-position":"center center","background-size":"auto","background-attachment":"scroll","background-type":"","background-media":"","overlay-type":"","overlay-color":"","overlay-opacity":"","overlay-gradient":""}},"ast-content-background-meta":{"desktop":{"background-color":"var(--ast-global-color-5)","background-image":"","background-repeat":"repeat","background-position":"center center","background-size":"auto","background-attachment":"scroll","background-type":"","background-media":"","overlay-type":"","overlay-color":"","overlay-opacity":"","overlay-gradient":""},"tablet":{"background-color":"var(--ast-global-color-5)","background-image":"","background-repeat":"repeat","background-position":"center center","background-size":"auto","background-attachment":"scroll","background-type":"","background-media":"","overlay-type":"","overlay-color":"","overlay-opacity":"","overlay-gradient":""},"mobile":{"background-color":"var(--ast-global-color-5)","background-image":"","background-repeat":"repeat","background-position":"center center","background-size":"auto","background-attachment":"scroll","background-type":"","background-media":"","overlay-type":"","overlay-color":"","overlay-opacity":"","overlay-gradient":""}}},"product_brand":[],"product_cat":[15,53,179,279,409,266],"product_tag":[364,362,363,74,361,365],"class_list":{"0":"post-3949","1":"product","2":"type-product","3":"status-publish","4":"has-post-thumbnail","6":"product_cat-oesterreichisch","7":"product_cat-19th-century","8":"product_cat-gemaelde","9":"product_cat-gustav-barbarini","10":"product_cat-landschaft","11":"product_cat-zeichnung","12":"product_tag-art","13":"product_tag-gemalde","14":"product_tag-kunst","15":"product_tag-painting","16":"product_tag-peintures","17":"product_tag-pittura","18":"desktop-align-center","19":"tablet-align-left","20":"mobile-align-left","22":"first","23":"instock","24":"taxable","25":"shipping-taxable","26":"product-type-simple"},"_links":{"self":[{"href":"https:\/\/collection.galerie-gerdes.com\/bg\/wp-json\/wp\/v2\/product\/3949","targetHints":{"allow":["GET"]}}],"collection":[{"href":"https:\/\/collection.galerie-gerdes.com\/bg\/wp-json\/wp\/v2\/product"}],"about":[{"href":"https:\/\/collection.galerie-gerdes.com\/bg\/wp-json\/wp\/v2\/types\/product"}],"wp:featuredmedia":[{"embeddable":true,"href":"https:\/\/collection.galerie-gerdes.com\/bg\/wp-json\/wp\/v2\/media\/3966"}],"wp:attachment":[{"href":"https:\/\/collection.galerie-gerdes.com\/bg\/wp-json\/wp\/v2\/media?parent=3949"}],"wp:term":[{"taxonomy":"product_brand","embeddable":true,"href":"https:\/\/collection.galerie-gerdes.com\/bg\/wp-json\/wp\/v2\/product_brand?post=3949"},{"taxonomy":"product_cat","embeddable":true,"href":"https:\/\/collection.galerie-gerdes.com\/bg\/wp-json\/wp\/v2\/product_cat?post=3949"},{"taxonomy":"product_tag","embeddable":true,"href":"https:\/\/collection.galerie-gerdes.com\/bg\/wp-json\/wp\/v2\/product_tag?post=3949"}],"curies":[{"name":"wp","href":"https:\/\/api.w.org\/{rel}","templated":true}]}}