{"id":420,"date":"2023-12-25T17:52:19","date_gmt":"2023-12-25T16:52:19","guid":{"rendered":"https:\/\/collection.galerie-gerdes.com\/?post_type=product&#038;p=420"},"modified":"2024-04-24T14:04:08","modified_gmt":"2024-04-24T12:04:08","slug":"curd-lessig-1924-2019-2","status":"publish","type":"product","link":"https:\/\/collection.galerie-gerdes.com\/bg\/p\/curd-lessig-1924-2019-2\/","title":{"rendered":"Siegfrieds Tod, 2004, Zeichnung von Curd Lessig"},"content":{"rendered":"<p>Curd Lessig, geboren am 22. November 1924 in Stuttgart und verstorben am 23. Mai 2019, war ein vielseitiger K\u00fcnstler, der vor allem als Maler, Grafiker und Gestalter von Kirchenfenstern bekannt wurde und in W\u00fcrzburg lebte.<\/p>\n<p>Sein k\u00fcnstlerischer Weg begann mit einem Studium der Malerei unter Heiner Dikreiter von 1939 bis 1940, gefolgt von einer Lehre als Kirchenmaler bei der Firma Menna in W\u00fcrzburg von 1940 bis 1942. Nebenbei nahm er Abendkurse bei Dikreiter wahr. Der Kriegsdienst unterbrach seine Ausbildung von 1942 bis August 1944, als er in amerikanische Gefangenschaft geriet. Nach seiner Entlassung im Jahr 1946 setzte er seine k\u00fcnstlerische Laufbahn fort.<\/p>\n<p>Lessig war ein Gr\u00fcndungsmitglied des Berufsverbandes bildender K\u00fcnstler (BBK) Ober- und Unterfranken in Bamberg im Jahr 1947. Von 1948 bis 1959 studierte er Malerei an der Akademie der Bildenden K\u00fcnste M\u00fcnchen bei Walther Teutsch. In den folgenden Jahren arbeitete er als Kirchenmaler und Restaurator f\u00fcr die Firma Menna in vielen Kirchen in Franken, Hessen und Westfalen.<\/p>\n<p>Ab M\u00e4rz 1957 f\u00fchrte Lessig sein eigenes Atelier und besch\u00e4ftigte sich intensiv mit Glasfenstergestaltung, Malerei, Grafik und Landschaftsgouachen. Er gewann \u00f6ffentliche Auftr\u00e4ge und Wettbewerbe, vor allem mit Mosaiken, Wandmalereien, Fresken und Glasfenstern. Sein Werkverzeichnis verzeichnet \u00fcber 400 Beispiele, von Bundeswehrkasernen bis hin zu Kirchen.<\/p>\n<p>Lessig reiste viel durch Europa sowie nach \u00c4gypten, Mexiko, Indien, Burma, Thailand, China und Japan und lie\u00df sich von diesen Orten inspirieren.<\/p>\n<p>Er erhielt zahlreiche Preise und Auszeichnungen, darunter den Goldenen Zentauro in Italien im Jahr 1982. 1991 wurde ihm der Kulturpreis der Stadt W\u00fcrzburg verliehen, gefolgt vom Kulturpreis der Weinbruderschaft Franken im Jahr 2004 und dem Kulturpreis des Bezirks Unterfranken im Jahr 2009.<\/p>\n<p>Seine Werke wurden in verschiedenen Ausstellungen pr\u00e4sentiert, darunter in Galerien und Museen wie der St\u00e4dtischen Galerie in W\u00fcrzburg, der Otto-Richter-Kunsthalle in W\u00fcrzburg und dem Knauf-Museum Iphofen. Lessigs k\u00fcnstlerisches Erbe wird bis heute in verschiedenen Ausstellungsh\u00e4usern gepflegt und gew\u00fcrdigt.<\/p>\n","protected":false},"excerpt":{"rendered":"<p>Curd LESSIG (1924-2019)<\/p>\n","protected":false},"featured_media":423,"template":"","meta":{"site-sidebar-layout":"default","site-content-layout":"","ast-site-content-layout":"default","site-content-style":"default","site-sidebar-style":"default","ast-global-header-display":"","ast-banner-title-visibility":"","ast-main-header-display":"","ast-hfb-above-header-display":"","ast-hfb-below-header-display":"","ast-hfb-mobile-header-display":"","site-post-title":"","ast-breadcrumbs-content":"","ast-featured-img":"","footer-sml-layout":"","ast-disable-related-posts":"","theme-transparent-header-meta":"default","adv-header-id-meta":"","stick-header-meta":"","header-above-stick-meta":"","header-main-stick-meta":"","header-below-stick-meta":"","astra-migrate-meta-layouts":"set","ast-page-background-enabled":"default","ast-page-background-meta":{"desktop":{"background-color":"var(--ast-global-color-4)","background-image":"","background-repeat":"repeat","background-position":"center center","background-size":"auto","background-attachment":"scroll","background-type":"","background-media":"","overlay-type":"","overlay-color":"","overlay-opacity":"","overlay-gradient":""},"tablet":{"background-color":"","background-image":"","background-repeat":"repeat","background-position":"center center","background-size":"auto","background-attachment":"scroll","background-type":"","background-media":"","overlay-type":"","overlay-color":"","overlay-opacity":"","overlay-gradient":""},"mobile":{"background-color":"","background-image":"","background-repeat":"repeat","background-position":"center center","background-size":"auto","background-attachment":"scroll","background-type":"","background-media":"","overlay-type":"","overlay-color":"","overlay-opacity":"","overlay-gradient":""}},"ast-content-background-meta":{"desktop":{"background-color":"var(--ast-global-color-5)","background-image":"","background-repeat":"repeat","background-position":"center center","background-size":"auto","background-attachment":"scroll","background-type":"","background-media":"","overlay-type":"","overlay-color":"","overlay-opacity":"","overlay-gradient":""},"tablet":{"background-color":"var(--ast-global-color-5)","background-image":"","background-repeat":"repeat","background-position":"center center","background-size":"auto","background-attachment":"scroll","background-type":"","background-media":"","overlay-type":"","overlay-color":"","overlay-opacity":"","overlay-gradient":""},"mobile":{"background-color":"var(--ast-global-color-5)","background-image":"","background-repeat":"repeat","background-position":"center center","background-size":"auto","background-attachment":"scroll","background-type":"","background-media":"","overlay-type":"","overlay-color":"","overlay-opacity":"","overlay-gradient":""}}},"product_brand":[],"product_cat":[146,179],"product_tag":[364,362,363,74,361,365],"class_list":{"0":"post-420","1":"product","2":"type-product","3":"status-publish","4":"has-post-thumbnail","6":"product_cat-curd-lessig-artist","7":"product_cat-gemaelde","8":"product_tag-art","9":"product_tag-gemalde","10":"product_tag-kunst","11":"product_tag-painting","12":"product_tag-peintures","13":"product_tag-pittura","14":"desktop-align-center","15":"tablet-align-left","16":"mobile-align-left","18":"first","19":"instock","20":"taxable","21":"shipping-taxable","22":"product-type-simple"},"_links":{"self":[{"href":"https:\/\/collection.galerie-gerdes.com\/bg\/wp-json\/wp\/v2\/product\/420","targetHints":{"allow":["GET"]}}],"collection":[{"href":"https:\/\/collection.galerie-gerdes.com\/bg\/wp-json\/wp\/v2\/product"}],"about":[{"href":"https:\/\/collection.galerie-gerdes.com\/bg\/wp-json\/wp\/v2\/types\/product"}],"wp:featuredmedia":[{"embeddable":true,"href":"https:\/\/collection.galerie-gerdes.com\/bg\/wp-json\/wp\/v2\/media\/423"}],"wp:attachment":[{"href":"https:\/\/collection.galerie-gerdes.com\/bg\/wp-json\/wp\/v2\/media?parent=420"}],"wp:term":[{"taxonomy":"product_brand","embeddable":true,"href":"https:\/\/collection.galerie-gerdes.com\/bg\/wp-json\/wp\/v2\/product_brand?post=420"},{"taxonomy":"product_cat","embeddable":true,"href":"https:\/\/collection.galerie-gerdes.com\/bg\/wp-json\/wp\/v2\/product_cat?post=420"},{"taxonomy":"product_tag","embeddable":true,"href":"https:\/\/collection.galerie-gerdes.com\/bg\/wp-json\/wp\/v2\/product_tag?post=420"}],"curies":[{"name":"wp","href":"https:\/\/api.w.org\/{rel}","templated":true}]}}