{"id":443270,"date":"2026-02-14T16:10:31","date_gmt":"2026-02-14T15:10:31","guid":{"rendered":"https:\/\/collection.galerie-gerdes.com\/?post_type=product&#038;p=443270"},"modified":"2026-03-06T17:40:03","modified_gmt":"2026-03-06T16:40:03","slug":"ansicht-im-schnee-oberstdorf-gemaelde-von-rudolf-pfannenstiel","status":"publish","type":"product","link":"https:\/\/collection.galerie-gerdes.com\/bg\/p\/ansicht-im-schnee-oberstdorf-gemaelde-von-rudolf-pfannenstiel\/","title":{"rendered":"Ansicht im Schnee (Oberstdorf?) | Gem\u00e4lde von Rudolf Pfannenstiel"},"content":{"rendered":"<p>Rudolf Pfannenstiel (* 1888 in W\u00f6rnsdorf bei Altfraunhofen; \u2020 1979 in Oberstdorf) war ein deutscher Maler und P\u00e4dagoge. Nach seiner Ausbildung an der M\u00fcnchner Lehrerbildungsanstalt studierte er an der Kunstgewerbeschule M\u00fcnchen bei Alois Roth und Max Doerner. Pfannenstiel arbeitete in M\u00fcnchen als Kunsterzieher an verschiedenen Schulen. 1935 nahm er an der Gro\u00dfen M\u00fcnchner Kunstausstellung teil. Sein k\u00fcnstlerisches Schaffen und sein p\u00e4dagogisches Wirken machten ihn zu einer bekannten Pers\u00f6nlichkeit in der M\u00fcnchner Kunstszene. Pfannenstiel verstarb 1979 in Oberstdorf im Allg\u00e4u.<\/p>\n","protected":false},"excerpt":{"rendered":"<p>Rudolf Pfannenstiel (1888-1979)<br \/>\nGem\u00e4lde sollte gereinigt werden. Pappe leicht verbogen.<\/p>\n","protected":false},"featured_media":455705,"template":"","meta":{"site-sidebar-layout":"default","site-content-layout":"","ast-site-content-layout":"default","site-content-style":"default","site-sidebar-style":"default","ast-global-header-display":"","ast-banner-title-visibility":"","ast-main-header-display":"","ast-hfb-above-header-display":"","ast-hfb-below-header-display":"","ast-hfb-mobile-header-display":"","site-post-title":"","ast-breadcrumbs-content":"","ast-featured-img":"","footer-sml-layout":"","ast-disable-related-posts":"","theme-transparent-header-meta":"default","adv-header-id-meta":"","stick-header-meta":"","header-above-stick-meta":"","header-main-stick-meta":"","header-below-stick-meta":"","astra-migrate-meta-layouts":"set","ast-page-background-enabled":"default","ast-page-background-meta":{"desktop":{"background-color":"var(--ast-global-color-4)","background-image":"","background-repeat":"repeat","background-position":"center center","background-size":"auto","background-attachment":"scroll","background-type":"","background-media":"","overlay-type":"","overlay-color":"","overlay-opacity":"","overlay-gradient":""},"tablet":{"background-color":"","background-image":"","background-repeat":"repeat","background-position":"center center","background-size":"auto","background-attachment":"scroll","background-type":"","background-media":"","overlay-type":"","overlay-color":"","overlay-opacity":"","overlay-gradient":""},"mobile":{"background-color":"","background-image":"","background-repeat":"repeat","background-position":"center center","background-size":"auto","background-attachment":"scroll","background-type":"","background-media":"","overlay-type":"","overlay-color":"","overlay-opacity":"","overlay-gradient":""}},"ast-content-background-meta":{"desktop":{"background-color":"var(--ast-global-color-5)","background-image":"","background-repeat":"repeat","background-position":"center center","background-size":"auto","background-attachment":"scroll","background-type":"","background-media":"","overlay-type":"","overlay-color":"","overlay-opacity":"","overlay-gradient":""},"tablet":{"background-color":"var(--ast-global-color-5)","background-image":"","background-repeat":"repeat","background-position":"center center","background-size":"auto","background-attachment":"scroll","background-type":"","background-media":"","overlay-type":"","overlay-color":"","overlay-opacity":"","overlay-gradient":""},"mobile":{"background-color":"var(--ast-global-color-5)","background-image":"","background-repeat":"repeat","background-position":"center center","background-size":"auto","background-attachment":"scroll","background-type":"","background-media":"","overlay-type":"","overlay-color":"","overlay-opacity":"","overlay-gradient":""}}},"product_brand":[],"product_cat":[14349],"product_tag":[],"class_list":{"0":"post-443270","1":"product","2":"type-product","3":"status-publish","4":"has-post-thumbnail","6":"product_cat-rudolf-pfannenstiel","7":"desktop-align-center","8":"tablet-align-left","9":"mobile-align-left","11":"first","12":"instock","13":"taxable","14":"shipping-taxable","15":"product-type-simple"},"_links":{"self":[{"href":"https:\/\/collection.galerie-gerdes.com\/bg\/wp-json\/wp\/v2\/product\/443270","targetHints":{"allow":["GET"]}}],"collection":[{"href":"https:\/\/collection.galerie-gerdes.com\/bg\/wp-json\/wp\/v2\/product"}],"about":[{"href":"https:\/\/collection.galerie-gerdes.com\/bg\/wp-json\/wp\/v2\/types\/product"}],"wp:featuredmedia":[{"embeddable":true,"href":"https:\/\/collection.galerie-gerdes.com\/bg\/wp-json\/wp\/v2\/media\/455705"}],"wp:attachment":[{"href":"https:\/\/collection.galerie-gerdes.com\/bg\/wp-json\/wp\/v2\/media?parent=443270"}],"wp:term":[{"taxonomy":"product_brand","embeddable":true,"href":"https:\/\/collection.galerie-gerdes.com\/bg\/wp-json\/wp\/v2\/product_brand?post=443270"},{"taxonomy":"product_cat","embeddable":true,"href":"https:\/\/collection.galerie-gerdes.com\/bg\/wp-json\/wp\/v2\/product_cat?post=443270"},{"taxonomy":"product_tag","embeddable":true,"href":"https:\/\/collection.galerie-gerdes.com\/bg\/wp-json\/wp\/v2\/product_tag?post=443270"}],"curies":[{"name":"wp","href":"https:\/\/api.w.org\/{rel}","templated":true}]}}