{"id":5929,"date":"2024-04-29T12:58:27","date_gmt":"2024-04-29T10:58:27","guid":{"rendered":"https:\/\/collection.galerie-gerdes.com\/?post_type=product&#038;p=5929"},"modified":"2024-09-26T17:11:12","modified_gmt":"2024-09-26T15:11:12","slug":"portrat-gemalde-von-maria-medvecka","status":"publish","type":"product","link":"https:\/\/collection.galerie-gerdes.com\/bg\/p\/portrat-gemalde-von-maria-medvecka\/","title":{"rendered":"Portr\u00e4t, Gem\u00e4lde von M\u00e1ria MEDVECKA"},"content":{"rendered":"<p>M\u00e1ria Medveck\u00e1, die am 11. Oktober 1914 in Medvedzie geboren wurde und am 23. April 1987 in Bratislava verstarb, war eine bedeutende slowakische Malerin, die f\u00fcr ihre Beitr\u00e4ge zum slowakischen realistischen Impressionismus bekannt war.<\/p>\n<p>Sie stammte aus der angesehenen Familie Medveck\u00fd aus Medvedzie und Mal\u00fd Bysterec (Medveczky de Medveczei \u00e9s Kis Bisterczei) und begann ihre k\u00fcnstlerische Laufbahn nach dem Abschluss der Mittelschule in Ko\u0161ice. Sie setzte ihr Studium an der P\u00e4dagogischen Akademie in Bratislava fort, bevor sie ihre Karriere als Erzieherin in verschiedenen St\u00e4dten wie Zubrohlava, Tvrdo\u0161\u00edn, Jablonka und N\u00e1mestov begann.<\/p>\n<p>Nach den turbulenten Kriegsjahren bildete sich Medveck\u00e1 an der Akademie der bildenden K\u00fcnste in Wien und Prag unter der Leitung von Professor \u017delibsk\u00fd weiter. Da sie ihrer Heimat Orava und deren Bewohnern sehr verbunden war, portr\u00e4tierte sie die Region und ihre Menschen in ihren Kunstwerken.<\/p>\n<p>In den 1950er Jahren erweiterte Medveck\u00e1 ihr k\u00fcnstlerisches Repertoire um Themen, die sich am sozialistischen Realismus orientierten und die Industrialisierung und den Aufbau einer sozialistischen Gesellschaft darstellten. Bekannt ist sie vor allem als Sch\u00f6pferin der 10-K\u010ds-Banknote, die von 1961 bis 1988 in der Tschechoslowakei in Umlauf war.<\/p>\n<p>Ein bedeutender Teil von Medveck\u00e1s Werk ist in der 1979 gegr\u00fcndeten Maria-Medveckova-Galerie in Medvedz\u00ed ausgestellt, die ein bleibendes Zeugnis ihres Lebenswerks und ihres k\u00fcnstlerischen Verm\u00e4chtnisses darstellt.<\/p>\n","protected":false},"excerpt":{"rendered":"<p>M\u00e1ria MEDVECKA (1914-1987)<\/p>\n","protected":false},"featured_media":5940,"template":"","meta":{"site-sidebar-layout":"default","site-content-layout":"","ast-site-content-layout":"default","site-content-style":"default","site-sidebar-style":"default","ast-global-header-display":"","ast-banner-title-visibility":"","ast-main-header-display":"","ast-hfb-above-header-display":"","ast-hfb-below-header-display":"","ast-hfb-mobile-header-display":"","site-post-title":"","ast-breadcrumbs-content":"","ast-featured-img":"","footer-sml-layout":"","ast-disable-related-posts":"","theme-transparent-header-meta":"default","adv-header-id-meta":"","stick-header-meta":"","header-above-stick-meta":"","header-main-stick-meta":"","header-below-stick-meta":"","astra-migrate-meta-layouts":"set","ast-page-background-enabled":"default","ast-page-background-meta":{"desktop":{"background-color":"var(--ast-global-color-4)","background-image":"","background-repeat":"repeat","background-position":"center center","background-size":"auto","background-attachment":"scroll","background-type":"","background-media":"","overlay-type":"","overlay-color":"","overlay-opacity":"","overlay-gradient":""},"tablet":{"background-color":"","background-image":"","background-repeat":"repeat","background-position":"center center","background-size":"auto","background-attachment":"scroll","background-type":"","background-media":"","overlay-type":"","overlay-color":"","overlay-opacity":"","overlay-gradient":""},"mobile":{"background-color":"","background-image":"","background-repeat":"repeat","background-position":"center center","background-size":"auto","background-attachment":"scroll","background-type":"","background-media":"","overlay-type":"","overlay-color":"","overlay-opacity":"","overlay-gradient":""}},"ast-content-background-meta":{"desktop":{"background-color":"var(--ast-global-color-5)","background-image":"","background-repeat":"repeat","background-position":"center center","background-size":"auto","background-attachment":"scroll","background-type":"","background-media":"","overlay-type":"","overlay-color":"","overlay-opacity":"","overlay-gradient":""},"tablet":{"background-color":"var(--ast-global-color-5)","background-image":"","background-repeat":"repeat","background-position":"center center","background-size":"auto","background-attachment":"scroll","background-type":"","background-media":"","overlay-type":"","overlay-color":"","overlay-opacity":"","overlay-gradient":""},"mobile":{"background-color":"var(--ast-global-color-5)","background-image":"","background-repeat":"repeat","background-position":"center center","background-size":"auto","background-attachment":"scroll","background-type":"","background-media":"","overlay-type":"","overlay-color":"","overlay-opacity":"","overlay-gradient":""}}},"product_brand":[],"product_cat":[52,179,371,267,370],"product_tag":[],"class_list":{"0":"post-5929","1":"product","2":"type-product","3":"status-publish","4":"has-post-thumbnail","6":"product_cat-20th-century","7":"product_cat-gemaelde","8":"product_cat-maria-medvecka","9":"product_cat-oelgemaelde","10":"product_cat-slowakisch","11":"desktop-align-center","12":"tablet-align-left","13":"mobile-align-left","15":"first","16":"instock","17":"taxable","18":"shipping-taxable","19":"product-type-simple"},"_links":{"self":[{"href":"https:\/\/collection.galerie-gerdes.com\/bg\/wp-json\/wp\/v2\/product\/5929","targetHints":{"allow":["GET"]}}],"collection":[{"href":"https:\/\/collection.galerie-gerdes.com\/bg\/wp-json\/wp\/v2\/product"}],"about":[{"href":"https:\/\/collection.galerie-gerdes.com\/bg\/wp-json\/wp\/v2\/types\/product"}],"wp:featuredmedia":[{"embeddable":true,"href":"https:\/\/collection.galerie-gerdes.com\/bg\/wp-json\/wp\/v2\/media\/5940"}],"wp:attachment":[{"href":"https:\/\/collection.galerie-gerdes.com\/bg\/wp-json\/wp\/v2\/media?parent=5929"}],"wp:term":[{"taxonomy":"product_brand","embeddable":true,"href":"https:\/\/collection.galerie-gerdes.com\/bg\/wp-json\/wp\/v2\/product_brand?post=5929"},{"taxonomy":"product_cat","embeddable":true,"href":"https:\/\/collection.galerie-gerdes.com\/bg\/wp-json\/wp\/v2\/product_cat?post=5929"},{"taxonomy":"product_tag","embeddable":true,"href":"https:\/\/collection.galerie-gerdes.com\/bg\/wp-json\/wp\/v2\/product_tag?post=5929"}],"curies":[{"name":"wp","href":"https:\/\/api.w.org\/{rel}","templated":true}]}}