{"id":208927,"date":"2024-08-02T12:07:45","date_gmt":"2024-08-02T10:07:45","guid":{"rendered":"https:\/\/www.collection.galerie-gerdes.com\/?post_type=product&#038;p=208927"},"modified":"2024-08-10T17:28:23","modified_gmt":"2024-08-10T15:28:23","slug":"die-drei-grazien-sitzendorf-porzellan-figurengruppe","status":"publish","type":"product","link":"https:\/\/collection.galerie-gerdes.com\/cs\/p\/die-drei-grazien-sitzendorf-porzellan-figurengruppe\/","title":{"rendered":"Die drei Grazien | Sitzendorf Porzellan Figurengruppe"},"content":{"rendered":"<p>Porzellanfigurengruppe mit dem Titel &#8222;Drei Grazien&#8220; aus der Porzellanmanufaktur Sitzendorf in Th\u00fcringen, hergestellt im 20. Jahrhundert. Die Figurengruppe hat die Modellnummer 21304 und basiert auf einer Skulptur von Antonio Canova. Die Figur ist in Wei\u00df gehalten und steht auf einem ovalen Sockel. Die Gesamth\u00f6he der Skulptur betr\u00e4gt 32 cm.<\/p>\n","protected":false},"excerpt":{"rendered":"<p>Porzellanfigurengruppe mit dem Titel &#8222;Drei Grazien&#8220; aus der Porzellanmanufaktur Sitzendorf in Th\u00fcringen, hergestellt im 20. Jahrhundert. Die Figurengruppe hat die [&hellip;]<\/p>\n","protected":false},"featured_media":209862,"template":"","meta":{"site-sidebar-layout":"default","site-content-layout":"","ast-site-content-layout":"default","site-content-style":"default","site-sidebar-style":"default","ast-global-header-display":"","ast-banner-title-visibility":"","ast-main-header-display":"","ast-hfb-above-header-display":"","ast-hfb-below-header-display":"","ast-hfb-mobile-header-display":"","site-post-title":"","ast-breadcrumbs-content":"","ast-featured-img":"","footer-sml-layout":"","ast-disable-related-posts":"","theme-transparent-header-meta":"default","adv-header-id-meta":"","stick-header-meta":"","header-above-stick-meta":"","header-main-stick-meta":"","header-below-stick-meta":"","astra-migrate-meta-layouts":"set","ast-page-background-enabled":"default","ast-page-background-meta":{"desktop":{"background-color":"var(--ast-global-color-4)","background-image":"","background-repeat":"repeat","background-position":"center center","background-size":"auto","background-attachment":"scroll","background-type":"","background-media":"","overlay-type":"","overlay-color":"","overlay-opacity":"","overlay-gradient":""},"tablet":{"background-color":"","background-image":"","background-repeat":"repeat","background-position":"center center","background-size":"auto","background-attachment":"scroll","background-type":"","background-media":"","overlay-type":"","overlay-color":"","overlay-opacity":"","overlay-gradient":""},"mobile":{"background-color":"","background-image":"","background-repeat":"repeat","background-position":"center center","background-size":"auto","background-attachment":"scroll","background-type":"","background-media":"","overlay-type":"","overlay-color":"","overlay-opacity":"","overlay-gradient":""}},"ast-content-background-meta":{"desktop":{"background-color":"var(--ast-global-color-5)","background-image":"","background-repeat":"repeat","background-position":"center center","background-size":"auto","background-attachment":"scroll","background-type":"","background-media":"","overlay-type":"","overlay-color":"","overlay-opacity":"","overlay-gradient":""},"tablet":{"background-color":"var(--ast-global-color-5)","background-image":"","background-repeat":"repeat","background-position":"center center","background-size":"auto","background-attachment":"scroll","background-type":"","background-media":"","overlay-type":"","overlay-color":"","overlay-opacity":"","overlay-gradient":""},"mobile":{"background-color":"var(--ast-global-color-5)","background-image":"","background-repeat":"repeat","background-position":"center center","background-size":"auto","background-attachment":"scroll","background-type":"","background-media":"","overlay-type":"","overlay-color":"","overlay-opacity":"","overlay-gradient":""}}},"product_brand":[],"product_cat":[52,426,192],"product_tag":[],"class_list":{"0":"post-208927","1":"product","2":"type-product","3":"status-publish","4":"has-post-thumbnail","6":"product_cat-20th-century","7":"product_cat-biblisch-und-mythisch","8":"product_cat-porzellan","9":"desktop-align-center","10":"tablet-align-left","11":"mobile-align-left","13":"first","14":"instock","15":"taxable","16":"shipping-taxable","17":"product-type-simple"},"_links":{"self":[{"href":"https:\/\/collection.galerie-gerdes.com\/cs\/wp-json\/wp\/v2\/product\/208927","targetHints":{"allow":["GET"]}}],"collection":[{"href":"https:\/\/collection.galerie-gerdes.com\/cs\/wp-json\/wp\/v2\/product"}],"about":[{"href":"https:\/\/collection.galerie-gerdes.com\/cs\/wp-json\/wp\/v2\/types\/product"}],"wp:featuredmedia":[{"embeddable":true,"href":"https:\/\/collection.galerie-gerdes.com\/cs\/wp-json\/wp\/v2\/media\/209862"}],"wp:attachment":[{"href":"https:\/\/collection.galerie-gerdes.com\/cs\/wp-json\/wp\/v2\/media?parent=208927"}],"wp:term":[{"taxonomy":"product_brand","embeddable":true,"href":"https:\/\/collection.galerie-gerdes.com\/cs\/wp-json\/wp\/v2\/product_brand?post=208927"},{"taxonomy":"product_cat","embeddable":true,"href":"https:\/\/collection.galerie-gerdes.com\/cs\/wp-json\/wp\/v2\/product_cat?post=208927"},{"taxonomy":"product_tag","embeddable":true,"href":"https:\/\/collection.galerie-gerdes.com\/cs\/wp-json\/wp\/v2\/product_tag?post=208927"}],"curies":[{"name":"wp","href":"https:\/\/api.w.org\/{rel}","templated":true}]}}