{"id":225251,"date":"2024-08-24T00:23:44","date_gmt":"2024-08-23T22:23:44","guid":{"rendered":"https:\/\/www.collection.galerie-gerdes.com\/?post_type=product&#038;p=225251"},"modified":"2024-09-26T18:47:34","modified_gmt":"2024-09-26T16:47:34","slug":"schwaebische-landschaft-aquarell-von-karl-fuchs","status":"publish","type":"product","link":"https:\/\/collection.galerie-gerdes.com\/cs\/p\/schwaebische-landschaft-aquarell-von-karl-fuchs\/","title":{"rendered":"Schw\u00e4bische Landschaft | Aquarell von Karl Fuchs"},"content":{"rendered":"<p>Karl Fuchs (* 2. Februar 1872 in Stuttgart; \u2020 27. Juni 1968 in Esslingen am Neckar) war ein regional bekannter und besonders in Esslingen erfolgreicher Lithograph, Grafiker und Kunstmaler.<\/p>\n<p>Karl Fuchs machte in jungen Jahren eine Lehre als Lithograph und besuchte zur k\u00fcnstlerischen Ausbildung Kurse an der Akademie der Bildenden K\u00fcnste Stuttgart bei Hermann Pleuer und Friedrich von Keller. Dort traf er auch den schw\u00e4bischen Landschaftsmaler Otto Reiniger.<\/p>\n<p>In den fr\u00fchen 1890er-Jahren geh\u00f6rte Fuchs zum Freundeskreis des Schriftstellers und Malers Heinrich Sch\u00e4ff-Zerweck sowie der Maler Karl Goll und Hans Krauss. Die Freunde trafen sich vermutlich mehrmals am Dulkh\u00e4uschen oberhalb von Esslingen, benannt nach dem Schriftsteller und Freidenker Albert Dulk.<\/p>\n<p>Um 1895 machte sich Fuchs als Lithograph und Buch-Illustrator selbst\u00e4ndig. Er zeichnete f\u00fcr den Stuttgarter General-Anzeiger und schuf Ansichtskarten im Auftrag verschiedener Verlage. Besonders in der Region Stuttgart machte er sich als Illustrator einen Namen. Seine Motive, darunter der Stuttgarter Marktplatz, das Alte Schloss und die Stiftskirche, gestaltete er in Aquarell-Manier.<\/p>\n<p>1900 erhielt Fuchs den Auftrag vom Statistischen Landesamt zur Illustration der vier B\u00e4nde \u201eDas K\u00f6nigreich W\u00fcrttemberg. Eine Beschreibung nach Kreisen, Ober\u00e4mtern und Gemeinden\u201c. Im gleichen Jahr zog er nach Buoch, einem Ortsteil von Remshalden bei Schorndorf, wo er bis 1907 mit seiner Familie lebte. Die d\u00f6rfliche Umgebung regte ihn an, auch als Kunstmaler t\u00e4tig zu werden. Er schuf zahlreiche Landschaftsbilder, die die charakteristischen Naturstimmungen der verschiedenen Jahreszeiten einfangen. Fuchs gestaltete zudem drei Wohnh\u00e4user in Buoch und pflegte Kontakte zu Intellektuellen wie Isolde Kurz, Albert von Pfister und Paul Heyse.<\/p>\n<p>1907 zog Fuchs nach Esslingen, behielt jedoch sein Sommerhaus \u201eFinkenwiese\u201c in Buoch f\u00fcr regelm\u00e4\u00dfige Besuche. In der Folgezeit wurde er als \u201eChronist seiner Zeit\u201c bekannt, indem er in Aquarellen und Zeichnungen viele Bauwerke und Sehensw\u00fcrdigkeiten in W\u00fcrttemberg festhielt, die teilweise nicht mehr existieren oder stark ver\u00e4ndert sind. Besonders in Esslingen hielt er bekannte Geb\u00e4ude, Gassen und Pl\u00e4tze in seinen Werken fest.<\/p>\n<p>Als Portr\u00e4tist machte sich Fuchs ebenfalls einen Namen und unternahm Kunstreisen nach Oberitalien (1913), in die Schweiz (1929) und nach S\u00fcdafrika (1932). Dort entstanden zahlreiche Portr\u00e4ts, Landschaftsbilder und Skizzen.<\/p>\n<p>1936 beteiligte sich Fuchs als einer von f\u00fcnf Esslinger Malern an dem Wettbewerb \u201eEsslinger Maler malen f\u00fcr Soldaten\u201c anl\u00e4sslich der Einweihung der Funkerkaserne. F\u00fcr sein eingereichtes Bild \u201eBlick auf die Frauenkirche\u201c erhielt er einen Trostpreis.<\/p>\n<p>Am 2. Februar 1953 wurde Karl Fuchs das Bundesverdienstkreuz am Bande verliehen. Er lebte bis zu seinem Tod in Esslingen, wo seit 1962 der Karl-Fuchs-Weg an ihn erinnert. Auch in Buoch gibt es einen gleichnamigen Weg. Zahlreiche Werke von Karl Fuchs sowie illustrierte B\u00fccher sind im Stadtmuseum Esslingen (Gelbes Haus) und in der W\u00fcrttembergischen Landesbibliothek (WLB) in Stuttgart zu finden. Weitere grafische Bl\u00e4tter, besonders aus den 1890er-Jahren, sind im Stadtarchiv Stuttgart erhalten. Seine Nichte war die Operns\u00e4ngerin Marta Fuchs.<\/p>\n","protected":false},"excerpt":{"rendered":"<p>Karl Fuchs (1872-1968)<\/p>\n","protected":false},"featured_media":227444,"template":"","meta":{"site-sidebar-layout":"default","site-content-layout":"","ast-site-content-layout":"default","site-content-style":"default","site-sidebar-style":"default","ast-global-header-display":"","ast-banner-title-visibility":"","ast-main-header-display":"","ast-hfb-above-header-display":"","ast-hfb-below-header-display":"","ast-hfb-mobile-header-display":"","site-post-title":"","ast-breadcrumbs-content":"","ast-featured-img":"","footer-sml-layout":"","ast-disable-related-posts":"","theme-transparent-header-meta":"default","adv-header-id-meta":"","stick-header-meta":"","header-above-stick-meta":"","header-main-stick-meta":"","header-below-stick-meta":"","astra-migrate-meta-layouts":"set","ast-page-background-enabled":"default","ast-page-background-meta":{"desktop":{"background-color":"var(--ast-global-color-4)","background-image":"","background-repeat":"repeat","background-position":"center center","background-size":"auto","background-attachment":"scroll","background-type":"","background-media":"","overlay-type":"","overlay-color":"","overlay-opacity":"","overlay-gradient":""},"tablet":{"background-color":"","background-image":"","background-repeat":"repeat","background-position":"center center","background-size":"auto","background-attachment":"scroll","background-type":"","background-media":"","overlay-type":"","overlay-color":"","overlay-opacity":"","overlay-gradient":""},"mobile":{"background-color":"","background-image":"","background-repeat":"repeat","background-position":"center center","background-size":"auto","background-attachment":"scroll","background-type":"","background-media":"","overlay-type":"","overlay-color":"","overlay-opacity":"","overlay-gradient":""}},"ast-content-background-meta":{"desktop":{"background-color":"var(--ast-global-color-5)","background-image":"","background-repeat":"repeat","background-position":"center center","background-size":"auto","background-attachment":"scroll","background-type":"","background-media":"","overlay-type":"","overlay-color":"","overlay-opacity":"","overlay-gradient":""},"tablet":{"background-color":"var(--ast-global-color-5)","background-image":"","background-repeat":"repeat","background-position":"center center","background-size":"auto","background-attachment":"scroll","background-type":"","background-media":"","overlay-type":"","overlay-color":"","overlay-opacity":"","overlay-gradient":""},"mobile":{"background-color":"var(--ast-global-color-5)","background-image":"","background-repeat":"repeat","background-position":"center center","background-size":"auto","background-attachment":"scroll","background-type":"","background-media":"","overlay-type":"","overlay-color":"","overlay-opacity":"","overlay-gradient":""}}},"product_brand":[],"product_cat":[14353],"product_tag":[],"class_list":{"0":"post-225251","1":"product","2":"type-product","3":"status-publish","4":"has-post-thumbnail","6":"product_cat-karl-fuchs","7":"desktop-align-center","8":"tablet-align-left","9":"mobile-align-left","11":"first","12":"instock","13":"taxable","14":"shipping-taxable","15":"product-type-simple"},"_links":{"self":[{"href":"https:\/\/collection.galerie-gerdes.com\/cs\/wp-json\/wp\/v2\/product\/225251","targetHints":{"allow":["GET"]}}],"collection":[{"href":"https:\/\/collection.galerie-gerdes.com\/cs\/wp-json\/wp\/v2\/product"}],"about":[{"href":"https:\/\/collection.galerie-gerdes.com\/cs\/wp-json\/wp\/v2\/types\/product"}],"wp:featuredmedia":[{"embeddable":true,"href":"https:\/\/collection.galerie-gerdes.com\/cs\/wp-json\/wp\/v2\/media\/227444"}],"wp:attachment":[{"href":"https:\/\/collection.galerie-gerdes.com\/cs\/wp-json\/wp\/v2\/media?parent=225251"}],"wp:term":[{"taxonomy":"product_brand","embeddable":true,"href":"https:\/\/collection.galerie-gerdes.com\/cs\/wp-json\/wp\/v2\/product_brand?post=225251"},{"taxonomy":"product_cat","embeddable":true,"href":"https:\/\/collection.galerie-gerdes.com\/cs\/wp-json\/wp\/v2\/product_cat?post=225251"},{"taxonomy":"product_tag","embeddable":true,"href":"https:\/\/collection.galerie-gerdes.com\/cs\/wp-json\/wp\/v2\/product_tag?post=225251"}],"curies":[{"name":"wp","href":"https:\/\/api.w.org\/{rel}","templated":true}]}}