{"id":309023,"date":"2023-12-16T22:53:06","date_gmt":"2023-12-16T21:53:06","guid":{"rendered":"https:\/\/collection.galerie-gerdes.com\/produkt\/portret-indianky-1953-malba-albert-ferenz-olej-na-platne\/"},"modified":"2023-12-16T22:53:06","modified_gmt":"2023-12-16T21:53:06","slug":"portret-indianky-1953-malba-albert-ferenz-olej-na-platne","status":"publish","type":"product","link":"https:\/\/collection.galerie-gerdes.com\/cs\/p\/portret-indianky-1953-malba-albert-ferenz-olej-na-platne\/","title":{"rendered":"&#8222;Portr\u00e9t indi\u00e1nky&#8220;, 1953, malba, Albert Ferenz, olej na pl\u00e1tn\u011b"},"content":{"rendered":"<p>Albert Ferenz, narozen\u00fd v roce 1907 v Gro\u00df Hosch\u00fctz u Troppau, projevil ji\u017e v ran\u00e9m v\u011bku um\u011bleck\u00e9 nad\u00e1n\u00ed, kter\u00e9 podporovali jeho rodi\u010de. Z\u00e1kladn\u00ed \u0161kolu a n\u011bmeck\u00e9 gymn\u00e1zium absolvoval ve sv\u00e9m rodn\u00e9m m\u011bst\u011b. V letech 1921 a\u017e 1930 se vyu\u010dil dekorativn\u00edm mal\u00ed\u0159em, co\u017e mu poslou\u017eilo jako z\u00e1klad pro budouc\u00ed um\u011bleck\u00e1 studia. Jeho mistr mal\u00ed\u0159 Raimund Alt kladl d\u016fraz zejm\u00e9na na techniku \u0161ablonov\u00e1n\u00ed a socha\u0159skou ornament\u00e1ln\u00ed malbu.   <\/p>\n<p>V roce 1926 slo\u017eil tovary\u0161skou zkou\u0161ku a zapsal se na um\u011bleckopr\u016fmyslovou \u0161kolu v Breslau. Ve t\u0159\u00edd\u011b pro c\u00edrkevn\u00ed um\u011bn\u00ed ho u\u010dil profesor Gebhard Uttinger a ve studijn\u00ed t\u0159\u00edd\u011b profesor Ludwig Peter Kowalski, co\u017e vedlo k celo\u017eivotn\u00edmu p\u0159\u00e1telstv\u00ed. P\u0159esto\u017ee si p\u0159\u00e1l studovat u expresionistick\u00e9ho profesora Otto M\u00fcllera, bylo mu toto p\u0159\u00e1n\u00ed odep\u0159eno, proto\u017ee M\u00fcller ne\u010dekan\u011b zem\u0159el.  <\/p>\n<p>V letech 1931-1936 pokra\u010doval ve studiu na Akademii v\u00fdtvarn\u00fdch um\u011bn\u00ed ve V\u00eddni. Zde ho u\u010dili profeso\u0159i jako Hans Larwin v obecn\u00e9 malb\u011b, Robert Eigenberger v restaurov\u00e1n\u00ed a nakonec Hans Martin v technice leptu. Ve voln\u00e9m \u010dase si roz\u0161i\u0159oval znalosti o restaurov\u00e1n\u00ed fresek u renomovan\u00e9ho freskov\u00e9ho mal\u00ed\u0159e Eduarda Klinga z Babic.  <\/p>\n<p>V letech 1936-1942 pracoval jako svobodn\u00fd um\u011blec v Troppau, kde vytv\u00e1\u0159el obrazy na pl\u00e1tn\u011b, linoryty, d\u0159evoryty, rytiny a such\u00e9 lepty. Jeho d\u00edla se zam\u011b\u0159ovala na krajinu, z\u00e1ti\u0161\u00ed a figuraci. Realizoval tak\u00e9 v\u00fdznamn\u00e9 restaur\u00e1torsk\u00e9 projekty, mimo jin\u00e9 restauroval fresky Josefa Matthiase Lasslera a barokn\u00ed fresky Franze Antona Sebasiniho. Byl tak\u00e9 pov\u011b\u0159en dokon\u010den\u00edm restaurov\u00e1n\u00ed jezuitsk\u00e9ho kostela v Troppau a odhalen\u00edm sgrafit na z\u00e1mku kn\u00ed\u017eete Liechtensteina v Ullersdorfu.   <\/p>\n<p>Albert Ferenz po\u0159\u00e1dal skupinov\u00e9 v\u00fdstavy ve sv\u00e9m rodn\u00e9m m\u011bst\u011b a sv\u00e1 d\u00edla prezentoval v r\u016fzn\u00fdch m\u011bstech, nap\u0159\u00edklad v Berl\u00edn\u011b, Breslau, Dr\u00e1\u017e\u010fanech, Gliwic\u00edch, Liegnitz, Ratibo\u0159i, Reichenbergu a Toppau. V letech 1942-1945 byl povol\u00e1n do vojensk\u00e9 slu\u017eby a dostal se do rusk\u00e9ho zajet\u00ed. Po n\u00e1vratu do Rakouska se nesm\u011bl vr\u00e1tit do rodn\u00e9ho m\u011bsta a \u017eivil se jako zem\u011bd\u011blsk\u00fd d\u011bln\u00edk. Z\u00e1rove\u0148 si vybudoval \u017eivobyt\u00ed ve V\u00eddni a pracoval pro Karla Wagnera, \u0159editele zemsk\u00e9ho restaur\u00e1torsk\u00e9ho st\u0159ediska ve \u0160t\u00fdrsk\u00e9m Hradci. Prov\u00e1d\u011bl restaur\u00e1torsk\u00e9 pr\u00e1ce na obrazech v Alte Galerie v Landesmuseum Joanneum ve \u0160t\u00fdrsk\u00e9m Hradci.    <\/p>\n<p>V roce 1948 nakonec na\u0161el nov\u00fd domov v Mnichov\u011b a usadil se tam. Albert Ferenz byl v\u0161estrann\u00fd um\u011blec, kter\u00fd pro svou tvorbu pou\u017e\u00edval r\u016fzn\u00e9 techniky a materi\u00e1ly. Jeho ran\u00e9 d\u00edlo \u010d\u00edtaj\u00edc\u00ed asi 300 obraz\u016f a 2000 grafick\u00fdch list\u016f se bohu\u017eel ztratilo, kdy\u017e p\u0159i\u0161el o sv\u016fj ateli\u00e9r v Troppau.  <\/p>\n<p>Od roku 1945 lze Ferenzovu tvorbu pova\u017eovat za synt\u00e9zu prvk\u016f nov\u00e9ho impresionismu, expresionismu, kubismu a konstruktivismu. Jeho d\u00edla z\u00edskala mezin\u00e1rodn\u00ed uzn\u00e1n\u00ed a vystavoval v Evrop\u011b i v z\u00e1mo\u0159\u00ed. V roce 1980 mu byla ud\u011blena Hornoslezsk\u00e1 kulturn\u00ed cena. Albert Ferenz zem\u0159el v b\u0159eznu 1994 v Mnichov\u011b.   <\/p>\n","protected":false},"excerpt":{"rendered":"<p>Albert Ferenz (1907-1994)<br \/>\nPl\u00e1tno by m\u011blo b\u00fdt znovu napnuto a vy\u010di\u0161t\u011bno.<\/p>\n","protected":false},"featured_media":7699,"template":"","meta":{"site-sidebar-layout":"default","site-content-layout":"","ast-site-content-layout":"default","site-content-style":"default","site-sidebar-style":"default","ast-global-header-display":"","ast-banner-title-visibility":"","ast-main-header-display":"","ast-hfb-above-header-display":"","ast-hfb-below-header-display":"","ast-hfb-mobile-header-display":"","site-post-title":"","ast-breadcrumbs-content":"","ast-featured-img":"","footer-sml-layout":"","ast-disable-related-posts":"","theme-transparent-header-meta":"default","adv-header-id-meta":"","stick-header-meta":"","header-above-stick-meta":"","header-main-stick-meta":"","header-below-stick-meta":"","astra-migrate-meta-layouts":"default","ast-page-background-enabled":"default","ast-page-background-meta":{"desktop":{"background-color":"var(--ast-global-color-4)","background-image":"","background-repeat":"repeat","background-position":"center center","background-size":"auto","background-attachment":"scroll","background-type":"","background-media":"","overlay-type":"","overlay-color":"","overlay-opacity":"","overlay-gradient":""},"tablet":{"background-color":"","background-image":"","background-repeat":"repeat","background-position":"center center","background-size":"auto","background-attachment":"scroll","background-type":"","background-media":"","overlay-type":"","overlay-color":"","overlay-opacity":"","overlay-gradient":""},"mobile":{"background-color":"","background-image":"","background-repeat":"repeat","background-position":"center center","background-size":"auto","background-attachment":"scroll","background-type":"","background-media":"","overlay-type":"","overlay-color":"","overlay-opacity":"","overlay-gradient":""}},"ast-content-background-meta":{"desktop":{"background-color":"var(--ast-global-color-5)","background-image":"","background-repeat":"repeat","background-position":"center center","background-size":"auto","background-attachment":"scroll","background-type":"","background-media":"","overlay-type":"","overlay-color":"","overlay-opacity":"","overlay-gradient":""},"tablet":{"background-color":"var(--ast-global-color-5)","background-image":"","background-repeat":"repeat","background-position":"center center","background-size":"auto","background-attachment":"scroll","background-type":"","background-media":"","overlay-type":"","overlay-color":"","overlay-opacity":"","overlay-gradient":""},"mobile":{"background-color":"var(--ast-global-color-5)","background-image":"","background-repeat":"repeat","background-position":"center center","background-size":"auto","background-attachment":"scroll","background-type":"","background-media":"","overlay-type":"","overlay-color":"","overlay-opacity":"","overlay-gradient":""}}},"product_brand":[],"product_cat":[707,557],"product_tag":[14842,1437,1438,1439,14840,14837,1440,1441,1442,14839,14843],"class_list":{"0":"post-309023","1":"product","2":"type-product","3":"status-publish","4":"has-post-thumbnail","6":"product_cat-german-cs","7":"product_cat-painting-cs","8":"product_tag-albert-ferenz-cs","9":"product_tag-art-cs","10":"product_tag-gemalde-cs","11":"product_tag-kunst-cs","12":"product_tag-nemcina","13":"product_tag-olejomalba-cs","14":"product_tag-painting-cs","15":"product_tag-peintures-cs","16":"product_tag-pittura-cs","17":"product_tag-platno-cs","18":"product_tag-portret","19":"desktop-align-center","20":"tablet-align-left","21":"mobile-align-left","23":"first","24":"instock","25":"taxable","26":"shipping-taxable","27":"product-type-simple"},"_links":{"self":[{"href":"https:\/\/collection.galerie-gerdes.com\/cs\/wp-json\/wp\/v2\/product\/309023","targetHints":{"allow":["GET"]}}],"collection":[{"href":"https:\/\/collection.galerie-gerdes.com\/cs\/wp-json\/wp\/v2\/product"}],"about":[{"href":"https:\/\/collection.galerie-gerdes.com\/cs\/wp-json\/wp\/v2\/types\/product"}],"wp:featuredmedia":[{"embeddable":true,"href":"https:\/\/collection.galerie-gerdes.com\/cs\/wp-json\/wp\/v2\/media\/7699"}],"wp:attachment":[{"href":"https:\/\/collection.galerie-gerdes.com\/cs\/wp-json\/wp\/v2\/media?parent=309023"}],"wp:term":[{"taxonomy":"product_brand","embeddable":true,"href":"https:\/\/collection.galerie-gerdes.com\/cs\/wp-json\/wp\/v2\/product_brand?post=309023"},{"taxonomy":"product_cat","embeddable":true,"href":"https:\/\/collection.galerie-gerdes.com\/cs\/wp-json\/wp\/v2\/product_cat?post=309023"},{"taxonomy":"product_tag","embeddable":true,"href":"https:\/\/collection.galerie-gerdes.com\/cs\/wp-json\/wp\/v2\/product_tag?post=309023"}],"curies":[{"name":"wp","href":"https:\/\/api.w.org\/{rel}","templated":true}]}}