{"id":309063,"date":"2023-12-16T22:46:00","date_gmt":"2023-12-16T21:46:00","guid":{"rendered":"https:\/\/collection.galerie-gerdes.com\/produkt\/vesnicka-hudba-kresba-adolf-muenzer-muz-s-tubou\/"},"modified":"2023-12-16T22:46:00","modified_gmt":"2023-12-16T21:46:00","slug":"vesnicka-hudba-kresba-adolf-muenzer-muz-s-tubou","status":"publish","type":"product","link":"https:\/\/collection.galerie-gerdes.com\/cs\/p\/vesnicka-hudba-kresba-adolf-muenzer-muz-s-tubou\/","title":{"rendered":"&#8222;Vesnick\u00e1 hudba&#8220;, kresba, Adolf M\u00fcnzer, mu\u017e s tubou"},"content":{"rendered":"<p>Narodil se v Ple\u00dfu v Horn\u00edm Slezsku, po otcov\u011b brzk\u00e9 smrti v roce 1876 str\u00e1vil d\u011btstv\u00ed v Breslau, kde nav\u0161t\u011bvoval Maty\u00e1\u0161ovo gymn\u00e1zium a v roce 1886 se za\u010dal u\u010dit u dekorativn\u00edho mal\u00ed\u0159e Georga Heintzeho. Pozd\u011bji pokra\u010doval ve vzd\u011bl\u00e1v\u00e1n\u00ed na Um\u011bleckopr\u016fmyslov\u00e9 \u0161kole v Breslau a u\u010dili ho u\u010ditel\u00e9 jako Heinrich Irmann, Paul Schobelt a Albrecht Br\u00e4uer.  <\/p>\n<p>V roce 1894 za\u010dal M\u00fcnzer studovat na Akademii v\u00fdtvarn\u00fdch um\u011bn\u00ed v Mnichov\u011b, kde ho u\u010dili renomovan\u00ed um\u011blci jako Karl Raupp a Otto Seitz. B\u011bhem vojensk\u00e9 slu\u017eby nastoupil do mal\u00ed\u0159sk\u00e9 t\u0159\u00eddy Paula Hoeckera, kter\u00fd se intenzivn\u011b v\u011bnoval malb\u011b v plen\u00e9ru. M\u00fcnzer zde dokonce v roce 1896 z\u00edskal vlastn\u00ed mistrovsk\u00fd ateli\u00e9r.  <\/p>\n<p>V roce 1898 se stal jedn\u00edm ze dvou v\u00edt\u011bz\u016f prvn\u00ed sout\u011b\u017ee Ludwiga Stollwercka o n\u00e1vrhy sb\u011bratelsk\u00fdch obraz\u016f Stollwerck s finan\u010dn\u00ed odm\u011bnou 1000 marek. Od roku 1899 M\u00fcnzer vystavoval sv\u00e1 d\u00edla v mnichovsk\u00e9m Glaspalastu jako \u010dlen skupiny um\u011blc\u016f Scholle. To ho tak\u00e9 p\u0159ivedlo ke spolupr\u00e1ci s mnichovsk\u00fdm t\u00fdden\u00edkem &#8222;Jugend&#8220; a satirick\u00fdm \u010dasopisem &#8222;Simplicissimus&#8220;.  <\/p>\n<p>B\u011bhem pobytu v Pa\u0159\u00ed\u017ei v letech 1900-1902 upevnil sv\u016fj um\u011bleck\u00fd v\u00fdvoj. V roce 1903 se sezn\u00e1mil s Mari\u00ed Theresi\u00ed Dree\u00dfenovou, rozenou von Vestenhof, s n\u00ed\u017e se rok po velkolep\u00e9m skand\u00e1lu o\u017eenil. Tento skand\u00e1l vedl k rozvodu pan\u00ed Dree\u00dfenov\u00e9 a jej\u00edho man\u017eela.   <\/p>\n<p>V roce 1909 se M\u00fcnzer stal vedouc\u00edm mal\u00ed\u0159sk\u00e9 t\u0159\u00eddy na Akademii um\u011bn\u00ed v D\u00fcsseldorfu, kde vyu\u010doval a\u017e do roku 1932. V t\u00e9to dob\u011b tak\u00e9 vytv\u00e1\u0159el n\u00e1st\u011bnn\u00e9 a n\u00e1stropn\u00ed malby pro d\u00fcsseldorfskou okresn\u00ed spr\u00e1vu. B\u011bhem prvn\u00ed sv\u011btov\u00e9 v\u00e1lky slou\u017eil v roce 1915 jako v\u00e1le\u010dn\u00fd mal\u00ed\u0159 na front\u011b a v roce 1917 se p\u0159ihl\u00e1sil jako dobrovoln\u00edk, ale akce se nedo\u010dkal.  <\/p>\n<p>V roce 1938 se rodina M\u00fcnzerov\u00fdch p\u0159est\u011bhovala do Holzhausenu u Ammersee. M\u00fcnzerova d\u00edla byla vystavena v r\u016fzn\u00fdch renomovan\u00fdch muze\u00edch a sb\u00edrk\u00e1ch, v\u010detn\u011b Neue Pinakothek v Mnichov\u011b, Wallraf-Richartz-Museum v Kol\u00edn\u011b nad R\u00fdnem, St\u00e4dtisches Kunstmuseum v D\u00fcsseldorfu a sb\u00edrky Kunstverein v Basileji. <\/p>\n<p>V letech 1938-1944 se M\u00fcnzer aktivn\u011b \u00fa\u010dastnil Velk\u00fdch n\u011bmeck\u00fdch v\u00fdstav um\u011bn\u00ed, kter\u00e9 iniciovali n\u00e1rodn\u00ed socialist\u00e9 v mnichovsk\u00e9m Dom\u011b n\u011bmeck\u00e9ho um\u011bn\u00ed, a dokonce prodal jedno d\u00edlo Adolfu Hitlerovi. V roce 1950 vystavoval t\u0159icet obraz\u016f v mnichovsk\u00e9m um\u011bleck\u00e9m dru\u017estvu. V roce 1944 byl M\u00fcnzer za\u0159azen na seznam vyznamenan\u00fdch \u0158\u00ed\u0161sk\u00fdm ministerstvem lidov\u00e9 osv\u011bty a propagandy.  <\/p>\n<p>M\u00fcnzer\u016fv vyprav\u011b\u010dsk\u00fd styl se projevil v jeho grafice, zejm\u00e9na v ilustrac\u00edch poh\u00e1dek pro nakladatelstv\u00ed Scholz v Mohu\u010di. Byl tak\u00e9 \u010dlenem Deutscher K\u00fcnstlerbund. <\/p>\n","protected":false},"excerpt":{"rendered":"<p>Adolf M\u00fcnzer (1870-1953)<br \/>\nZn\u00e1mky st\u00e1\u0159\u00ed, viz foto<\/p>\n","protected":false},"featured_media":7672,"template":"","meta":{"site-sidebar-layout":"default","site-content-layout":"","ast-site-content-layout":"default","site-content-style":"default","site-sidebar-style":"default","ast-global-header-display":"","ast-banner-title-visibility":"","ast-main-header-display":"","ast-hfb-above-header-display":"","ast-hfb-below-header-display":"","ast-hfb-mobile-header-display":"","site-post-title":"","ast-breadcrumbs-content":"","ast-featured-img":"","footer-sml-layout":"","ast-disable-related-posts":"","theme-transparent-header-meta":"default","adv-header-id-meta":"","stick-header-meta":"","header-above-stick-meta":"","header-main-stick-meta":"","header-below-stick-meta":"","astra-migrate-meta-layouts":"default","ast-page-background-enabled":"default","ast-page-background-meta":{"desktop":{"background-color":"var(--ast-global-color-4)","background-image":"","background-repeat":"repeat","background-position":"center center","background-size":"auto","background-attachment":"scroll","background-type":"","background-media":"","overlay-type":"","overlay-color":"","overlay-opacity":"","overlay-gradient":""},"tablet":{"background-color":"","background-image":"","background-repeat":"repeat","background-position":"center center","background-size":"auto","background-attachment":"scroll","background-type":"","background-media":"","overlay-type":"","overlay-color":"","overlay-opacity":"","overlay-gradient":""},"mobile":{"background-color":"","background-image":"","background-repeat":"repeat","background-position":"center center","background-size":"auto","background-attachment":"scroll","background-type":"","background-media":"","overlay-type":"","overlay-color":"","overlay-opacity":"","overlay-gradient":""}},"ast-content-background-meta":{"desktop":{"background-color":"var(--ast-global-color-5)","background-image":"","background-repeat":"repeat","background-position":"center center","background-size":"auto","background-attachment":"scroll","background-type":"","background-media":"","overlay-type":"","overlay-color":"","overlay-opacity":"","overlay-gradient":""},"tablet":{"background-color":"var(--ast-global-color-5)","background-image":"","background-repeat":"repeat","background-position":"center center","background-size":"auto","background-attachment":"scroll","background-type":"","background-media":"","overlay-type":"","overlay-color":"","overlay-opacity":"","overlay-gradient":""},"mobile":{"background-color":"var(--ast-global-color-5)","background-image":"","background-repeat":"repeat","background-position":"center center","background-size":"auto","background-attachment":"scroll","background-type":"","background-media":"","overlay-type":"","overlay-color":"","overlay-opacity":"","overlay-gradient":""}}},"product_brand":[],"product_cat":[707,557],"product_tag":[14927,1437,1438,14928,1439,14840,1440,1441,1442],"class_list":{"0":"post-309063","1":"product","2":"type-product","3":"status-publish","4":"has-post-thumbnail","6":"product_cat-german-cs","7":"product_cat-painting-cs","8":"product_tag-adolf-muenzer-cs","9":"product_tag-art-cs","10":"product_tag-gemalde-cs","11":"product_tag-kresleni","12":"product_tag-kunst-cs","13":"product_tag-nemcina","14":"product_tag-painting-cs","15":"product_tag-peintures-cs","16":"product_tag-pittura-cs","17":"desktop-align-center","18":"tablet-align-left","19":"mobile-align-left","21":"first","22":"instock","23":"taxable","24":"shipping-taxable","25":"product-type-simple"},"_links":{"self":[{"href":"https:\/\/collection.galerie-gerdes.com\/cs\/wp-json\/wp\/v2\/product\/309063","targetHints":{"allow":["GET"]}}],"collection":[{"href":"https:\/\/collection.galerie-gerdes.com\/cs\/wp-json\/wp\/v2\/product"}],"about":[{"href":"https:\/\/collection.galerie-gerdes.com\/cs\/wp-json\/wp\/v2\/types\/product"}],"wp:featuredmedia":[{"embeddable":true,"href":"https:\/\/collection.galerie-gerdes.com\/cs\/wp-json\/wp\/v2\/media\/7672"}],"wp:attachment":[{"href":"https:\/\/collection.galerie-gerdes.com\/cs\/wp-json\/wp\/v2\/media?parent=309063"}],"wp:term":[{"taxonomy":"product_brand","embeddable":true,"href":"https:\/\/collection.galerie-gerdes.com\/cs\/wp-json\/wp\/v2\/product_brand?post=309063"},{"taxonomy":"product_cat","embeddable":true,"href":"https:\/\/collection.galerie-gerdes.com\/cs\/wp-json\/wp\/v2\/product_cat?post=309063"},{"taxonomy":"product_tag","embeddable":true,"href":"https:\/\/collection.galerie-gerdes.com\/cs\/wp-json\/wp\/v2\/product_tag?post=309063"}],"curies":[{"name":"wp","href":"https:\/\/api.w.org\/{rel}","templated":true}]}}