{"id":309094,"date":"2023-12-16T16:23:37","date_gmt":"2023-12-16T15:23:37","guid":{"rendered":"https:\/\/collection.galerie-gerdes.com\/produkt\/danska-krajina-dum-u-jezera-malba-achton-friis\/"},"modified":"2023-12-16T16:23:37","modified_gmt":"2023-12-16T15:23:37","slug":"danska-krajina-dum-u-jezera-malba-achton-friis","status":"publish","type":"product","link":"https:\/\/collection.galerie-gerdes.com\/cs\/p\/danska-krajina-dum-u-jezera-malba-achton-friis\/","title":{"rendered":"D\u00e1nsk\u00e1 krajina, d\u016fm u jezera, malba, Achton Friis"},"content":{"rendered":"<p>Achton Johannes Friis (1871-1939) byl zn\u00e1m\u00fd mal\u00ed\u0159 a ilustr\u00e1tor. Narodil se 5. z\u00e1\u0159\u00ed 1871 v Trustrupu, Lyngby Sogn, okres Randers, a zem\u0159el 17. prosince 1939 v Kodani. Jeho matka Maren F. Friesov\u00e1 byla dcerou farm\u00e1\u0159e a 15. prosince 1909 se v Kodani provdala za houslistku Marthu Elsterovou. Martha se narodila v t\u00e9m\u017ee m\u011bst\u011b 17. z\u00e1\u0159\u00ed 1879 a zem\u0159ela ve Frederiksbergu 28. \u00fanora 1966. Byla dcerou kapit\u00e1na Chr. Gregerse E. a Lovise Augusty Petersenov\u00fdch, kte\u0159\u00ed byli z\u00e1mo\u017en\u00ed.    <\/p>\n<p>Achton Friis byl v\u0161estrann\u00fd mu\u017e, kter\u00fd v sob\u011b spojoval vlastnosti farm\u00e1\u0159e a aristokratick\u00e9 vystupov\u00e1n\u00ed. Tato jedine\u010dn\u00e1 kombinace mu umo\u017enila v\u00e9st ob\u011btav\u00fd a mimo\u0159\u00e1dn\u011b smyslupln\u00fd \u017eivot, p\u0159esto\u017ee v \u017e\u00e1dn\u00e9m oboru nevynikal mimo\u0159\u00e1dn\u00fdm nad\u00e1n\u00edm. B\u011bhem d\u00e1nsk\u00e9 expedice s Myliusem-Erichsenem v sob\u011b objevil spisovatelsk\u00fd a v\u00fdtvarn\u00fd talent, hluboce dojat\u00fd krajinou severov\u00fdchodn\u00edho pob\u0159e\u017e\u00ed Gr\u00f3nska. Vytvo\u0159il \u0159adu \u017eiv\u00fdch a p\u016fsobiv\u00fdch krajinomaleb a tak\u00e9 leptal a maloval portr\u00e9ty, mimo jin\u00e9 sv\u00e9ho p\u0159\u00edtele J\u00f8rgena Br\u00f8nlunda. Tato d\u00edla byla reprodukov\u00e1na v Mylius-Erichsenov\u00fdch knih\u00e1ch o Gr\u00f3nsku.    <\/p>\n<p>Krom\u011b um\u011bleck\u00fdch p\u0159\u00edsp\u011bvk\u016f Friis tak\u00e9 psal a ilustroval cestopisy, nap\u0159\u00edklad v knize &#8222;Arktick\u00fd lovec&#8220;. Jeho skute\u010dn\u00fdm darem v\u0161ak bylo zachycen\u00ed rozmanit\u00fdch kr\u00e1s D\u00e1nska o\u010dima um\u011blce. Jeho d\u00edla &#8222;D\u00e1nsk\u00e9 ostrovy  <\/p>\n","protected":false},"excerpt":{"rendered":"<p>Achton Johannes Friis (1871-1939)<br \/>\nJednotliv\u00e9 barevn\u00e9 ztr\u00e1ty, \u0161kr\u00e1bance, prom\u00e1\u010dkliny<\/p>\n","protected":false},"featured_media":7645,"template":"","meta":{"site-sidebar-layout":"default","site-content-layout":"","ast-site-content-layout":"default","site-content-style":"default","site-sidebar-style":"default","ast-global-header-display":"","ast-banner-title-visibility":"","ast-main-header-display":"","ast-hfb-above-header-display":"","ast-hfb-below-header-display":"","ast-hfb-mobile-header-display":"","site-post-title":"","ast-breadcrumbs-content":"","ast-featured-img":"","footer-sml-layout":"","ast-disable-related-posts":"","theme-transparent-header-meta":"default","adv-header-id-meta":"","stick-header-meta":"","header-above-stick-meta":"","header-main-stick-meta":"","header-below-stick-meta":"","astra-migrate-meta-layouts":"default","ast-page-background-enabled":"default","ast-page-background-meta":{"desktop":{"background-color":"var(--ast-global-color-4)","background-image":"","background-repeat":"repeat","background-position":"center center","background-size":"auto","background-attachment":"scroll","background-type":"","background-media":"","overlay-type":"","overlay-color":"","overlay-opacity":"","overlay-gradient":""},"tablet":{"background-color":"","background-image":"","background-repeat":"repeat","background-position":"center center","background-size":"auto","background-attachment":"scroll","background-type":"","background-media":"","overlay-type":"","overlay-color":"","overlay-opacity":"","overlay-gradient":""},"mobile":{"background-color":"","background-image":"","background-repeat":"repeat","background-position":"center center","background-size":"auto","background-attachment":"scroll","background-type":"","background-media":"","overlay-type":"","overlay-color":"","overlay-opacity":"","overlay-gradient":""}},"ast-content-background-meta":{"desktop":{"background-color":"var(--ast-global-color-5)","background-image":"","background-repeat":"repeat","background-position":"center center","background-size":"auto","background-attachment":"scroll","background-type":"","background-media":"","overlay-type":"","overlay-color":"","overlay-opacity":"","overlay-gradient":""},"tablet":{"background-color":"var(--ast-global-color-5)","background-image":"","background-repeat":"repeat","background-position":"center center","background-size":"auto","background-attachment":"scroll","background-type":"","background-media":"","overlay-type":"","overlay-color":"","overlay-opacity":"","overlay-gradient":""},"mobile":{"background-color":"var(--ast-global-color-5)","background-image":"","background-repeat":"repeat","background-position":"center center","background-size":"auto","background-attachment":"scroll","background-type":"","background-media":"","overlay-type":"","overlay-color":"","overlay-opacity":"","overlay-gradient":""}}},"product_brand":[],"product_cat":[2706,555,557],"product_tag":[1437,15012,1438,15010,1439,14837,1440,1441,1442,14839],"class_list":{"0":"post-309094","1":"product","2":"type-product","3":"status-publish","4":"has-post-thumbnail","6":"product_cat-danish-cs","7":"product_cat-landschaft-cs","8":"product_cat-painting-cs","9":"product_tag-art-cs","10":"product_tag-danstina","11":"product_tag-gemalde-cs","12":"product_tag-krajina-cs","13":"product_tag-kunst-cs","14":"product_tag-olejomalba-cs","15":"product_tag-painting-cs","16":"product_tag-peintures-cs","17":"product_tag-pittura-cs","18":"product_tag-platno-cs","19":"desktop-align-center","20":"tablet-align-left","21":"mobile-align-left","23":"first","24":"instock","25":"taxable","26":"shipping-taxable","27":"product-type-simple"},"_links":{"self":[{"href":"https:\/\/collection.galerie-gerdes.com\/cs\/wp-json\/wp\/v2\/product\/309094","targetHints":{"allow":["GET"]}}],"collection":[{"href":"https:\/\/collection.galerie-gerdes.com\/cs\/wp-json\/wp\/v2\/product"}],"about":[{"href":"https:\/\/collection.galerie-gerdes.com\/cs\/wp-json\/wp\/v2\/types\/product"}],"wp:featuredmedia":[{"embeddable":true,"href":"https:\/\/collection.galerie-gerdes.com\/cs\/wp-json\/wp\/v2\/media\/7645"}],"wp:attachment":[{"href":"https:\/\/collection.galerie-gerdes.com\/cs\/wp-json\/wp\/v2\/media?parent=309094"}],"wp:term":[{"taxonomy":"product_brand","embeddable":true,"href":"https:\/\/collection.galerie-gerdes.com\/cs\/wp-json\/wp\/v2\/product_brand?post=309094"},{"taxonomy":"product_cat","embeddable":true,"href":"https:\/\/collection.galerie-gerdes.com\/cs\/wp-json\/wp\/v2\/product_cat?post=309094"},{"taxonomy":"product_tag","embeddable":true,"href":"https:\/\/collection.galerie-gerdes.com\/cs\/wp-json\/wp\/v2\/product_tag?post=309094"}],"curies":[{"name":"wp","href":"https:\/\/api.w.org\/{rel}","templated":true}]}}