{"id":325991,"date":"2025-09-23T13:37:00","date_gmt":"2025-09-23T11:37:00","guid":{"rendered":"https:\/\/collection.galerie-gerdes.com\/?post_type=product&#038;p=325991"},"modified":"2025-09-23T13:44:13","modified_gmt":"2025-09-23T11:44:13","slug":"maerchen-von-gerola-foehrenbach-scheerenschnitt-von-werner-hahmann-1974-4-von-4","status":"publish","type":"product","link":"https:\/\/collection.galerie-gerdes.com\/cs\/p\/maerchen-von-gerola-foehrenbach-scheerenschnitt-von-werner-hahmann-1974-4-von-4\/","title":{"rendered":"M\u00e4rchen von Gerola F\u00f6hrenbach | Scheerenschnitt von Werner Hahmann, 1974 | 4 von 4"},"content":{"rendered":"<p><strong>M\u00e4rchen: Der in einem Strauch verzauberte Prinz<\/strong><\/p>\n<p data-start=\"95\" data-end=\"342\"><strong data-start=\"95\" data-end=\"119\">Werner Franz Hahmann<\/strong> (*1. Dezember 1883 in Chemnitz; \u202015. September 1977 in Berlin) war ein deutscher Maler, Grafiker und Architekt, der insbesondere durch seine Radierungen und Karikaturen f\u00fcr die Zeitschrift <em data-start=\"309\" data-end=\"325\">Kladderadatsch<\/em> bekannt wurde.<\/p>\n<p data-start=\"344\" data-end=\"775\">Nach einem Architekturstudium an der Gewerbeakademie in Chemnitz setzte er seine k\u00fcnstlerische Ausbildung an den Kunstakademien in Dresden, M\u00fcnchen und Paris fort. W\u00e4hrend seiner Dresdner Zeit wurde er Mitglied des Corps Thuringia. In seinen Radierungen, Zeichnungen und Karikaturen griff Hahmann h\u00e4ufig Szenen aus dem Pariser Stadtleben, sp\u00e4ter auch Motive aus dem sozialen Alltag Berlins sowie Themen der deutschen Politik auf.<\/p>\n<p data-start=\"777\" data-end=\"1045\">Er pr\u00e4sentierte seine Arbeiten unter anderem bei den Chemnitzer Ausstellungen in den Jahren 1910, 1912 und 1918, bei den Dresdner Aquarellausstellungen 1913 sowie bei graphischen Ausstellungen in Hamburg und auf der Ausstellung f\u00fcr das Buchgewerbe in Leipzig (1914).<\/p>\n<p data-start=\"1047\" data-end=\"1493\">Seit 1914 war Hahmann Mitarbeiter der Zeitschrift <em data-start=\"1097\" data-end=\"1113\">Kladderadatsch<\/em> und ver\u00f6ffentlichte dar\u00fcber hinaus Karikaturen in der <em data-start=\"1168\" data-end=\"1193\">Magdeburgischen Zeitung<\/em>, die eine Sammlung seiner Werke herausgab. Neben seiner k\u00fcnstlerischen T\u00e4tigkeit wirkte er in Berlin zun\u00e4chst als Privatdozent und sp\u00e4ter als Professor an der Technischen Hochschule. Auch als Buchillustrator trat er hervor, etwa durch seine Illustrationen zu einem M\u00e4rchenband von Thea von Harbou.<\/p>\n","protected":false},"excerpt":{"rendered":"<p>Werner Franz Hahmann (1883 &#8211; 1977)<\/p>\n","protected":false},"featured_media":325999,"template":"","meta":{"site-sidebar-layout":"default","site-content-layout":"","ast-site-content-layout":"default","site-content-style":"default","site-sidebar-style":"default","ast-global-header-display":"","ast-banner-title-visibility":"","ast-main-header-display":"","ast-hfb-above-header-display":"","ast-hfb-below-header-display":"","ast-hfb-mobile-header-display":"","site-post-title":"","ast-breadcrumbs-content":"","ast-featured-img":"","footer-sml-layout":"","ast-disable-related-posts":"","theme-transparent-header-meta":"default","adv-header-id-meta":"","stick-header-meta":"","header-above-stick-meta":"","header-main-stick-meta":"","header-below-stick-meta":"","astra-migrate-meta-layouts":"set","ast-page-background-enabled":"default","ast-page-background-meta":{"desktop":{"background-color":"var(--ast-global-color-4)","background-image":"","background-repeat":"repeat","background-position":"center center","background-size":"auto","background-attachment":"scroll","background-type":"","background-media":"","overlay-type":"","overlay-color":"","overlay-opacity":"","overlay-gradient":""},"tablet":{"background-color":"","background-image":"","background-repeat":"repeat","background-position":"center center","background-size":"auto","background-attachment":"scroll","background-type":"","background-media":"","overlay-type":"","overlay-color":"","overlay-opacity":"","overlay-gradient":""},"mobile":{"background-color":"","background-image":"","background-repeat":"repeat","background-position":"center center","background-size":"auto","background-attachment":"scroll","background-type":"","background-media":"","overlay-type":"","overlay-color":"","overlay-opacity":"","overlay-gradient":""}},"ast-content-background-meta":{"desktop":{"background-color":"var(--ast-global-color-5)","background-image":"","background-repeat":"repeat","background-position":"center center","background-size":"auto","background-attachment":"scroll","background-type":"","background-media":"","overlay-type":"","overlay-color":"","overlay-opacity":"","overlay-gradient":""},"tablet":{"background-color":"var(--ast-global-color-5)","background-image":"","background-repeat":"repeat","background-position":"center center","background-size":"auto","background-attachment":"scroll","background-type":"","background-media":"","overlay-type":"","overlay-color":"","overlay-opacity":"","overlay-gradient":""},"mobile":{"background-color":"var(--ast-global-color-5)","background-image":"","background-repeat":"repeat","background-position":"center center","background-size":"auto","background-attachment":"scroll","background-type":"","background-media":"","overlay-type":"","overlay-color":"","overlay-opacity":"","overlay-gradient":""}}},"product_brand":[],"product_cat":[15269],"product_tag":[],"class_list":{"0":"post-325991","1":"product","2":"type-product","3":"status-publish","4":"has-post-thumbnail","6":"product_cat-werner-hahmann","7":"desktop-align-center","8":"tablet-align-left","9":"mobile-align-left","11":"first","12":"instock","13":"taxable","14":"shipping-taxable","15":"product-type-simple"},"_links":{"self":[{"href":"https:\/\/collection.galerie-gerdes.com\/cs\/wp-json\/wp\/v2\/product\/325991","targetHints":{"allow":["GET"]}}],"collection":[{"href":"https:\/\/collection.galerie-gerdes.com\/cs\/wp-json\/wp\/v2\/product"}],"about":[{"href":"https:\/\/collection.galerie-gerdes.com\/cs\/wp-json\/wp\/v2\/types\/product"}],"wp:featuredmedia":[{"embeddable":true,"href":"https:\/\/collection.galerie-gerdes.com\/cs\/wp-json\/wp\/v2\/media\/325999"}],"wp:attachment":[{"href":"https:\/\/collection.galerie-gerdes.com\/cs\/wp-json\/wp\/v2\/media?parent=325991"}],"wp:term":[{"taxonomy":"product_brand","embeddable":true,"href":"https:\/\/collection.galerie-gerdes.com\/cs\/wp-json\/wp\/v2\/product_brand?post=325991"},{"taxonomy":"product_cat","embeddable":true,"href":"https:\/\/collection.galerie-gerdes.com\/cs\/wp-json\/wp\/v2\/product_cat?post=325991"},{"taxonomy":"product_tag","embeddable":true,"href":"https:\/\/collection.galerie-gerdes.com\/cs\/wp-json\/wp\/v2\/product_tag?post=325991"}],"curies":[{"name":"wp","href":"https:\/\/api.w.org\/{rel}","templated":true}]}}