{"id":395879,"date":"2026-01-12T20:01:32","date_gmt":"2026-01-12T19:01:32","guid":{"rendered":"https:\/\/collection.galerie-gerdes.com\/?post_type=product&#038;p=395879"},"modified":"2026-02-14T21:08:20","modified_gmt":"2026-02-14T20:08:20","slug":"gemaelde-von-erich-horndasch","status":"publish","type":"product","link":"https:\/\/collection.galerie-gerdes.com\/cs\/p\/gemaelde-von-erich-horndasch\/","title":{"rendered":"Blumenstillleben, 1954 | Gem\u00e4lde von Erich Horndasch"},"content":{"rendered":"<p>Erich Horndasch (*22. Juni 1926 in M\u00fcnchen; \u2020 1. Mai 2010 in Stammham) war ein bayerischer K\u00fcnstler, der insbesondere im Bereich der christlichen Kunst t\u00e4tig war.<\/p>\n<p>Horndasch wurde 1926 in M\u00fcnchen geboren. W\u00e4hrend des Zweiten Weltkriegs wurde er 1943 als Luftwaffenhelfer eingezogen. Er geriet in sowjetische Kriegsgefangenschaft, aus der ihm die Flucht gelang, woraufhin er nach M\u00fcnchen zur\u00fcckkehrte.<\/p>\n<p>Ab 1946 studierte er Grafik und Radierung an der Akademie der Bildenden K\u00fcnste M\u00fcnchen. Zu seinen Lehrern z\u00e4hlten unter anderem Karl Caspar, Hermann Kaspar und Willi Geiger. W\u00e4hrend dieser Zeit studierte auch Ingfried Henze mit ihm.<\/p>\n<p>Nach Abschluss seiner Ausbildung arbeitete Horndasch zun\u00e4chst in Die\u00dfen am Ammersee. Einen Schwerpunkt seiner k\u00fcnstlerischen T\u00e4tigkeit bildete die Ausgestaltung kirchlicher R\u00e4ume. Sp\u00e4ter lebte er in Stammham, wo er 2010 verstarb.<\/p>\n<p>Er zeigte sich in unterschiedlichen Techniken versiert. F\u00fcr die Fassadengestaltung des sogenannten Rhaetenhauses setzte er die Technik des Sgraffito ein. Daneben schuf er kleinformatige Aquarelle auf Papier, Glasbilder sowie Lithografien. Auch gro\u00dfformatige Glasfenster, Wandteppiche und Batikarbeiten geh\u00f6rten zu seinem \u0152uvre.<\/p>\n<p>Zudem war Horndasch Mitglied der Farbgebungskommission der Stadt Burghausen. Im Jahr 2003 wurde ihm der Kulturpreis des Landkreises Alt\u00f6tting verliehen. Bereits w\u00e4hrend seines Studiums trat er der Katholischen Bayerischen Studentenverbindung Rhaetia bei.<\/p>\n","protected":false},"excerpt":{"rendered":"<p class=\"p1\">Erich Horndasch (1926-2010)<\/p>\n","protected":false},"featured_media":396058,"template":"","meta":{"site-sidebar-layout":"default","site-content-layout":"","ast-site-content-layout":"default","site-content-style":"default","site-sidebar-style":"default","ast-global-header-display":"","ast-banner-title-visibility":"","ast-main-header-display":"","ast-hfb-above-header-display":"","ast-hfb-below-header-display":"","ast-hfb-mobile-header-display":"","site-post-title":"","ast-breadcrumbs-content":"","ast-featured-img":"","footer-sml-layout":"","ast-disable-related-posts":"","theme-transparent-header-meta":"default","adv-header-id-meta":"","stick-header-meta":"","header-above-stick-meta":"","header-main-stick-meta":"","header-below-stick-meta":"","astra-migrate-meta-layouts":"set","ast-page-background-enabled":"default","ast-page-background-meta":{"desktop":{"background-color":"var(--ast-global-color-4)","background-image":"","background-repeat":"repeat","background-position":"center center","background-size":"auto","background-attachment":"scroll","background-type":"","background-media":"","overlay-type":"","overlay-color":"","overlay-opacity":"","overlay-gradient":""},"tablet":{"background-color":"","background-image":"","background-repeat":"repeat","background-position":"center center","background-size":"auto","background-attachment":"scroll","background-type":"","background-media":"","overlay-type":"","overlay-color":"","overlay-opacity":"","overlay-gradient":""},"mobile":{"background-color":"","background-image":"","background-repeat":"repeat","background-position":"center center","background-size":"auto","background-attachment":"scroll","background-type":"","background-media":"","overlay-type":"","overlay-color":"","overlay-opacity":"","overlay-gradient":""}},"ast-content-background-meta":{"desktop":{"background-color":"var(--ast-global-color-5)","background-image":"","background-repeat":"repeat","background-position":"center center","background-size":"auto","background-attachment":"scroll","background-type":"","background-media":"","overlay-type":"","overlay-color":"","overlay-opacity":"","overlay-gradient":""},"tablet":{"background-color":"var(--ast-global-color-5)","background-image":"","background-repeat":"repeat","background-position":"center center","background-size":"auto","background-attachment":"scroll","background-type":"","background-media":"","overlay-type":"","overlay-color":"","overlay-opacity":"","overlay-gradient":""},"mobile":{"background-color":"var(--ast-global-color-5)","background-image":"","background-repeat":"repeat","background-position":"center center","background-size":"auto","background-attachment":"scroll","background-type":"","background-media":"","overlay-type":"","overlay-color":"","overlay-opacity":"","overlay-gradient":""}}},"product_brand":[],"product_cat":[15338],"product_tag":[],"class_list":{"0":"post-395879","1":"product","2":"type-product","3":"status-publish","4":"has-post-thumbnail","6":"product_cat-erich-horndasch","7":"desktop-align-center","8":"tablet-align-left","9":"mobile-align-left","11":"first","12":"instock","13":"taxable","14":"shipping-taxable","15":"product-type-simple"},"_links":{"self":[{"href":"https:\/\/collection.galerie-gerdes.com\/cs\/wp-json\/wp\/v2\/product\/395879","targetHints":{"allow":["GET"]}}],"collection":[{"href":"https:\/\/collection.galerie-gerdes.com\/cs\/wp-json\/wp\/v2\/product"}],"about":[{"href":"https:\/\/collection.galerie-gerdes.com\/cs\/wp-json\/wp\/v2\/types\/product"}],"wp:featuredmedia":[{"embeddable":true,"href":"https:\/\/collection.galerie-gerdes.com\/cs\/wp-json\/wp\/v2\/media\/396058"}],"wp:attachment":[{"href":"https:\/\/collection.galerie-gerdes.com\/cs\/wp-json\/wp\/v2\/media?parent=395879"}],"wp:term":[{"taxonomy":"product_brand","embeddable":true,"href":"https:\/\/collection.galerie-gerdes.com\/cs\/wp-json\/wp\/v2\/product_brand?post=395879"},{"taxonomy":"product_cat","embeddable":true,"href":"https:\/\/collection.galerie-gerdes.com\/cs\/wp-json\/wp\/v2\/product_cat?post=395879"},{"taxonomy":"product_tag","embeddable":true,"href":"https:\/\/collection.galerie-gerdes.com\/cs\/wp-json\/wp\/v2\/product_tag?post=395879"}],"curies":[{"name":"wp","href":"https:\/\/api.w.org\/{rel}","templated":true}]}}