{"id":417329,"date":"2026-02-07T17:30:40","date_gmt":"2026-02-07T16:30:40","guid":{"rendered":"https:\/\/collection.galerie-gerdes.com\/?post_type=product&#038;p=417329"},"modified":"2026-02-07T17:30:41","modified_gmt":"2026-02-07T16:30:41","slug":"kohlezeichnung-wanderer-1875-gemaelde-von-ernst-immanuel-mueller","status":"publish","type":"product","link":"https:\/\/collection.galerie-gerdes.com\/cs\/p\/kohlezeichnung-wanderer-1875-gemaelde-von-ernst-immanuel-mueller\/","title":{"rendered":"Kohlezeichnung Wanderer, 1875 | Gem\u00e4lde von Ernst Immanuel Mu\u0308ller"},"content":{"rendered":"<p data-start=\"76\" data-end=\"414\"><strong data-start=\"76\" data-end=\"101\">Ernst Immanuel M\u00fcller<\/strong> (* 1844 in Stuttgart; \u2020 1915 in M\u00fcnchen) war ein deutscher Maler. Seine k\u00fcnstlerische Ausbildung erhielt er zun\u00e4chst an der Stuttgarter Akademie, wo er Sch\u00fcler von Karl von H\u00e4berlin war. Anschlie\u00dfend setzte er seine Studien in M\u00fcnchen fort und arbeitete dort bei Wilhelm von L\u00f6fftz und Wilhelm von Lindenschmit.<\/p>\n<p data-start=\"416\" data-end=\"512\" data-is-last-node=\"\" data-is-only-node=\"\">M\u00fcller war im Verlauf seines Berufslebens sowohl in Frankfurt am Main als auch in M\u00fcnchen t\u00e4tig.<\/p>\n","protected":false},"excerpt":{"rendered":"<p>Ernst Immanuel M\u00fcller (1844 Stuttgart &#8211; 1915 M\u00fcnchen)<\/p>\n","protected":false},"featured_media":419292,"template":"","meta":{"site-sidebar-layout":"default","site-content-layout":"","ast-site-content-layout":"default","site-content-style":"default","site-sidebar-style":"default","ast-global-header-display":"","ast-banner-title-visibility":"","ast-main-header-display":"","ast-hfb-above-header-display":"","ast-hfb-below-header-display":"","ast-hfb-mobile-header-display":"","site-post-title":"","ast-breadcrumbs-content":"","ast-featured-img":"","footer-sml-layout":"","ast-disable-related-posts":"","theme-transparent-header-meta":"default","adv-header-id-meta":"","stick-header-meta":"","header-above-stick-meta":"","header-main-stick-meta":"","header-below-stick-meta":"","astra-migrate-meta-layouts":"set","ast-page-background-enabled":"default","ast-page-background-meta":{"desktop":{"background-color":"var(--ast-global-color-4)","background-image":"","background-repeat":"repeat","background-position":"center center","background-size":"auto","background-attachment":"scroll","background-type":"","background-media":"","overlay-type":"","overlay-color":"","overlay-opacity":"","overlay-gradient":""},"tablet":{"background-color":"","background-image":"","background-repeat":"repeat","background-position":"center center","background-size":"auto","background-attachment":"scroll","background-type":"","background-media":"","overlay-type":"","overlay-color":"","overlay-opacity":"","overlay-gradient":""},"mobile":{"background-color":"","background-image":"","background-repeat":"repeat","background-position":"center center","background-size":"auto","background-attachment":"scroll","background-type":"","background-media":"","overlay-type":"","overlay-color":"","overlay-opacity":"","overlay-gradient":""}},"ast-content-background-meta":{"desktop":{"background-color":"var(--ast-global-color-5)","background-image":"","background-repeat":"repeat","background-position":"center center","background-size":"auto","background-attachment":"scroll","background-type":"","background-media":"","overlay-type":"","overlay-color":"","overlay-opacity":"","overlay-gradient":""},"tablet":{"background-color":"var(--ast-global-color-5)","background-image":"","background-repeat":"repeat","background-position":"center center","background-size":"auto","background-attachment":"scroll","background-type":"","background-media":"","overlay-type":"","overlay-color":"","overlay-opacity":"","overlay-gradient":""},"mobile":{"background-color":"var(--ast-global-color-5)","background-image":"","background-repeat":"repeat","background-position":"center center","background-size":"auto","background-attachment":"scroll","background-type":"","background-media":"","overlay-type":"","overlay-color":"","overlay-opacity":"","overlay-gradient":""}}},"product_brand":[],"product_cat":[15363],"product_tag":[],"class_list":{"0":"post-417329","1":"product","2":"type-product","3":"status-publish","4":"has-post-thumbnail","6":"product_cat-ernst-immanuel-mueller","7":"desktop-align-center","8":"tablet-align-left","9":"mobile-align-left","11":"first","12":"instock","13":"taxable","14":"shipping-taxable","15":"product-type-simple"},"_links":{"self":[{"href":"https:\/\/collection.galerie-gerdes.com\/cs\/wp-json\/wp\/v2\/product\/417329","targetHints":{"allow":["GET"]}}],"collection":[{"href":"https:\/\/collection.galerie-gerdes.com\/cs\/wp-json\/wp\/v2\/product"}],"about":[{"href":"https:\/\/collection.galerie-gerdes.com\/cs\/wp-json\/wp\/v2\/types\/product"}],"wp:featuredmedia":[{"embeddable":true,"href":"https:\/\/collection.galerie-gerdes.com\/cs\/wp-json\/wp\/v2\/media\/419292"}],"wp:attachment":[{"href":"https:\/\/collection.galerie-gerdes.com\/cs\/wp-json\/wp\/v2\/media?parent=417329"}],"wp:term":[{"taxonomy":"product_brand","embeddable":true,"href":"https:\/\/collection.galerie-gerdes.com\/cs\/wp-json\/wp\/v2\/product_brand?post=417329"},{"taxonomy":"product_cat","embeddable":true,"href":"https:\/\/collection.galerie-gerdes.com\/cs\/wp-json\/wp\/v2\/product_cat?post=417329"},{"taxonomy":"product_tag","embeddable":true,"href":"https:\/\/collection.galerie-gerdes.com\/cs\/wp-json\/wp\/v2\/product_tag?post=417329"}],"curies":[{"name":"wp","href":"https:\/\/api.w.org\/{rel}","templated":true}]}}