{"id":4898,"date":"2024-04-04T23:40:55","date_gmt":"2024-04-04T21:40:55","guid":{"rendered":"https:\/\/collection.galerie-gerdes.com\/?post_type=product&#038;p=4898"},"modified":"2024-09-16T12:08:31","modified_gmt":"2024-09-16T10:08:31","slug":"portrat-von-duc-dallemagne-odet-de-foix-vicomte-de-lautrec-1485-1528-francois-clouet-zugeschrieben-umkreis","status":"publish","type":"product","link":"https:\/\/collection.galerie-gerdes.com\/cs\/p\/portrat-von-duc-dallemagne-odet-de-foix-vicomte-de-lautrec-1485-1528-francois-clouet-zugeschrieben-umkreis\/","title":{"rendered":"Portr\u00e4t von duc d&#8217;Allemagne Odet de Foix, Vicomte de Lautrec (1485-1528), Francois Clouet, zugeschrieben\/Umkreis"},"content":{"rendered":"<p>Fran\u00e7ois Clouet, auch bekannt unter dem Namen Fran\u00e7ois Janet, wurde 1510 in Tours geboren und verstarb am 22. September 1572 in Paris. Er war ein franz\u00f6sischer Maler.<\/p>\n<p>Clouets Vater, der niederl\u00e4ndische Maler Jean Clouet, lie\u00df sich zun\u00e4chst in Tours und sp\u00e4ter in Paris nieder. Aufgrund seines Vornamens Jean wurde er auch als Janet (eigentlich Jehannet) bekannt. Diese Namensverwendung f\u00fchrte zu Verwirrungen, da auch sein Sohn gelegentlich den Nachnamen Janet trug.<\/p>\n<p>Im Jahr 1541 erhielt Fran\u00e7ois Clouet die franz\u00f6sische Staatsb\u00fcrgerschaft und diente als Hofmaler der K\u00f6nige Franz I., Heinrich II. und Karls IX.<\/p>\n<p>Clouets Gem\u00e4lde zeigen deutlich den Einfluss seiner niederl\u00e4ndischen Herkunft. Sie sind fein gearbeitet, oft in einem vorherrschenden silbergrauen Ton, der die Modellierung des Fleisches etwas flach erscheinen l\u00e4sst. Im Vergleich zu Holbein, dem einige seiner Werke f\u00e4lschlicherweise zugeschrieben wurden, erreicht er nicht das gleiche Niveau. Clouet wird der Zweiten Schule von Fontainebleau zugerechnet.<\/p>\n<p>Zu seinen bedeutendsten Werken geh\u00f6rt das lebensgro\u00dfe Portr\u00e4t von Karl IX. im Wiener Belvedere. Der Louvre in Paris beherbergt ebenfalls Portr\u00e4ts von Karl IX. und Elisabeth von \u00d6sterreich. Eine Sammlung von 88 Portr\u00e4ts von Mitgliedern des franz\u00f6sischen Hofes, gezeichnet mit schwarzer und roter Kreide, befindet sich in Howard Castle.<\/p>\n<p>Ein bekanntes Werk von Clouet ist das Gem\u00e4lde &#8222;Dame im Bad&#8220;, das urspr\u00fcnglich als Darstellung von Diane de Poitiers identifiziert wurde, jedoch wahrscheinlicherweise Marie Touchet, der Geliebten von Karl IX., \u00e4hnelt. Zahlreiche Zeichnungen, haupts\u00e4chlich im Mus\u00e9e Cond\u00e9, werden ebenfalls ihm zugeschrieben.<\/p>\n","protected":false},"excerpt":{"rendered":"<p>Francois Clouet (Tours 1510 &#8211; 1572 Paris)<\/p>\n","protected":false},"featured_media":4913,"template":"","meta":{"site-sidebar-layout":"default","site-content-layout":"","ast-site-content-layout":"default","site-content-style":"default","site-sidebar-style":"default","ast-global-header-display":"","ast-banner-title-visibility":"","ast-main-header-display":"","ast-hfb-above-header-display":"","ast-hfb-below-header-display":"","ast-hfb-mobile-header-display":"","site-post-title":"","ast-breadcrumbs-content":"","ast-featured-img":"","footer-sml-layout":"","ast-disable-related-posts":"","theme-transparent-header-meta":"default","adv-header-id-meta":"","stick-header-meta":"","header-above-stick-meta":"","header-main-stick-meta":"","header-below-stick-meta":"","astra-migrate-meta-layouts":"set","ast-page-background-enabled":"default","ast-page-background-meta":{"desktop":{"background-color":"var(--ast-global-color-4)","background-image":"","background-repeat":"repeat","background-position":"center center","background-size":"auto","background-attachment":"scroll","background-type":"","background-media":"","overlay-type":"","overlay-color":"","overlay-opacity":"","overlay-gradient":""},"tablet":{"background-color":"","background-image":"","background-repeat":"repeat","background-position":"center center","background-size":"auto","background-attachment":"scroll","background-type":"","background-media":"","overlay-type":"","overlay-color":"","overlay-opacity":"","overlay-gradient":""},"mobile":{"background-color":"","background-image":"","background-repeat":"repeat","background-position":"center center","background-size":"auto","background-attachment":"scroll","background-type":"","background-media":"","overlay-type":"","overlay-color":"","overlay-opacity":"","overlay-gradient":""}},"ast-content-background-meta":{"desktop":{"background-color":"var(--ast-global-color-5)","background-image":"","background-repeat":"repeat","background-position":"center center","background-size":"auto","background-attachment":"scroll","background-type":"","background-media":"","overlay-type":"","overlay-color":"","overlay-opacity":"","overlay-gradient":""},"tablet":{"background-color":"var(--ast-global-color-5)","background-image":"","background-repeat":"repeat","background-position":"center center","background-size":"auto","background-attachment":"scroll","background-type":"","background-media":"","overlay-type":"","overlay-color":"","overlay-opacity":"","overlay-gradient":""},"mobile":{"background-color":"var(--ast-global-color-5)","background-image":"","background-repeat":"repeat","background-position":"center center","background-size":"auto","background-attachment":"scroll","background-type":"","background-media":"","overlay-type":"","overlay-color":"","overlay-opacity":"","overlay-gradient":""}}},"product_brand":[],"product_cat":[55,309,65,179,267],"product_tag":[364,362,363,74,361,365,14383,14382],"class_list":{"0":"post-4898","1":"product","2":"type-product","3":"status-publish","4":"has-post-thumbnail","6":"product_cat-17th-century","7":"product_cat-francois-clouet","8":"product_cat-franzoesisch","9":"product_cat-gemaelde","10":"product_cat-oelgemaelde","11":"product_tag-art","12":"product_tag-gemalde","13":"product_tag-kunst","14":"product_tag-painting","15":"product_tag-peintures","16":"product_tag-pittura","17":"product_tag-sehr-gross","18":"product_tag-speditionsversand","19":"desktop-align-center","20":"tablet-align-left","21":"mobile-align-left","23":"first","24":"instock","25":"taxable","26":"shipping-taxable","27":"product-type-simple"},"_links":{"self":[{"href":"https:\/\/collection.galerie-gerdes.com\/cs\/wp-json\/wp\/v2\/product\/4898","targetHints":{"allow":["GET"]}}],"collection":[{"href":"https:\/\/collection.galerie-gerdes.com\/cs\/wp-json\/wp\/v2\/product"}],"about":[{"href":"https:\/\/collection.galerie-gerdes.com\/cs\/wp-json\/wp\/v2\/types\/product"}],"wp:featuredmedia":[{"embeddable":true,"href":"https:\/\/collection.galerie-gerdes.com\/cs\/wp-json\/wp\/v2\/media\/4913"}],"wp:attachment":[{"href":"https:\/\/collection.galerie-gerdes.com\/cs\/wp-json\/wp\/v2\/media?parent=4898"}],"wp:term":[{"taxonomy":"product_brand","embeddable":true,"href":"https:\/\/collection.galerie-gerdes.com\/cs\/wp-json\/wp\/v2\/product_brand?post=4898"},{"taxonomy":"product_cat","embeddable":true,"href":"https:\/\/collection.galerie-gerdes.com\/cs\/wp-json\/wp\/v2\/product_cat?post=4898"},{"taxonomy":"product_tag","embeddable":true,"href":"https:\/\/collection.galerie-gerdes.com\/cs\/wp-json\/wp\/v2\/product_tag?post=4898"}],"curies":[{"name":"wp","href":"https:\/\/api.w.org\/{rel}","templated":true}]}}