{"id":205000,"date":"2024-07-27T23:03:05","date_gmt":"2024-07-27T21:03:05","guid":{"rendered":"https:\/\/www.collection.galerie-gerdes.com\/?post_type=product&#038;p=205000"},"modified":"2024-09-26T15:57:28","modified_gmt":"2024-09-26T13:57:28","slug":"herbstliches-waldstueck-frits-mondriaan-1853-1932","status":"publish","type":"product","link":"https:\/\/collection.galerie-gerdes.com\/da\/p\/herbstliches-waldstueck-frits-mondriaan-1853-1932\/","title":{"rendered":"Herbstliches Waldst\u00fcck | Frits MONDRIAAN (1853-1932)"},"content":{"rendered":"<p>Frederic Hendrik (Frits) Mondriaan (Den Haag, 16. April 1853 &#8211; Den Haag, 16. Dezember 1932) war ein niederl\u00e4ndischer Amateurmaler und Onkel des ber\u00fchmten Malers Piet Mondriaan.<\/p>\n<p>Er war der Sohn von Willem Frederik Mondriaan, dem er 1878 in seinem Haager Friseur-, Parf\u00fcm- und Per\u00fcckengesch\u00e4ft folgte. Er war auch als Anstreicher t\u00e4tig. Um 1885 begann Frits ernsthaft zu malen. Er malt haupts\u00e4chlich Landschaften im Stil der Haager Schule. Er besuchte regelm\u00e4\u00dfig seinen Bruder Pieter Cornelis in Winterswijk, wo er dem jungen Piet Mondrian beim Zeichnenlernen half. Um 1905 unterrichtete er auch die amerikanische K\u00fcnstlerin Theresa van Raalte. Er heiratete Josephine Marie Destr\u00e9e (1854-1928), mit der er mindestens einen Sohn hatte, der das Erwachsenenalter erreichte, den Ladenbesitzer Frederic Hendrik Mondrian.<\/p>\n","protected":false},"excerpt":{"rendered":"<p>Frits MONDRIAAN (1853-1932)<\/p>\n","protected":false},"featured_media":205184,"template":"","meta":{"site-sidebar-layout":"default","site-content-layout":"","ast-site-content-layout":"default","site-content-style":"default","site-sidebar-style":"default","ast-global-header-display":"","ast-banner-title-visibility":"","ast-main-header-display":"","ast-hfb-above-header-display":"","ast-hfb-below-header-display":"","ast-hfb-mobile-header-display":"","site-post-title":"","ast-breadcrumbs-content":"","ast-featured-img":"","footer-sml-layout":"","ast-disable-related-posts":"","theme-transparent-header-meta":"default","adv-header-id-meta":"","stick-header-meta":"","header-above-stick-meta":"","header-main-stick-meta":"","header-below-stick-meta":"","astra-migrate-meta-layouts":"set","ast-page-background-enabled":"default","ast-page-background-meta":{"desktop":{"background-color":"var(--ast-global-color-4)","background-image":"","background-repeat":"repeat","background-position":"center center","background-size":"auto","background-attachment":"scroll","background-type":"","background-media":"","overlay-type":"","overlay-color":"","overlay-opacity":"","overlay-gradient":""},"tablet":{"background-color":"","background-image":"","background-repeat":"repeat","background-position":"center center","background-size":"auto","background-attachment":"scroll","background-type":"","background-media":"","overlay-type":"","overlay-color":"","overlay-opacity":"","overlay-gradient":""},"mobile":{"background-color":"","background-image":"","background-repeat":"repeat","background-position":"center center","background-size":"auto","background-attachment":"scroll","background-type":"","background-media":"","overlay-type":"","overlay-color":"","overlay-opacity":"","overlay-gradient":""}},"ast-content-background-meta":{"desktop":{"background-color":"var(--ast-global-color-5)","background-image":"","background-repeat":"repeat","background-position":"center center","background-size":"auto","background-attachment":"scroll","background-type":"","background-media":"","overlay-type":"","overlay-color":"","overlay-opacity":"","overlay-gradient":""},"tablet":{"background-color":"var(--ast-global-color-5)","background-image":"","background-repeat":"repeat","background-position":"center center","background-size":"auto","background-attachment":"scroll","background-type":"","background-media":"","overlay-type":"","overlay-color":"","overlay-opacity":"","overlay-gradient":""},"mobile":{"background-color":"var(--ast-global-color-5)","background-image":"","background-repeat":"repeat","background-position":"center center","background-size":"auto","background-attachment":"scroll","background-type":"","background-media":"","overlay-type":"","overlay-color":"","overlay-opacity":"","overlay-gradient":""}}},"product_brand":[],"product_cat":[52,14301,179,409,127,267],"product_tag":[],"class_list":{"0":"post-205000","1":"product","2":"type-product","3":"status-publish","4":"has-post-thumbnail","6":"product_cat-20th-century","7":"product_cat-frits-mondriaan","8":"product_cat-gemaelde","9":"product_cat-landschaft","10":"product_cat-niederlaendisch","11":"product_cat-oelgemaelde","12":"desktop-align-center","13":"tablet-align-left","14":"mobile-align-left","16":"first","17":"instock","18":"taxable","19":"shipping-taxable","20":"product-type-simple"},"_links":{"self":[{"href":"https:\/\/collection.galerie-gerdes.com\/da\/wp-json\/wp\/v2\/product\/205000","targetHints":{"allow":["GET"]}}],"collection":[{"href":"https:\/\/collection.galerie-gerdes.com\/da\/wp-json\/wp\/v2\/product"}],"about":[{"href":"https:\/\/collection.galerie-gerdes.com\/da\/wp-json\/wp\/v2\/types\/product"}],"wp:featuredmedia":[{"embeddable":true,"href":"https:\/\/collection.galerie-gerdes.com\/da\/wp-json\/wp\/v2\/media\/205184"}],"wp:attachment":[{"href":"https:\/\/collection.galerie-gerdes.com\/da\/wp-json\/wp\/v2\/media?parent=205000"}],"wp:term":[{"taxonomy":"product_brand","embeddable":true,"href":"https:\/\/collection.galerie-gerdes.com\/da\/wp-json\/wp\/v2\/product_brand?post=205000"},{"taxonomy":"product_cat","embeddable":true,"href":"https:\/\/collection.galerie-gerdes.com\/da\/wp-json\/wp\/v2\/product_cat?post=205000"},{"taxonomy":"product_tag","embeddable":true,"href":"https:\/\/collection.galerie-gerdes.com\/da\/wp-json\/wp\/v2\/product_tag?post=205000"}],"curies":[{"name":"wp","href":"https:\/\/api.w.org\/{rel}","templated":true}]}}