{"id":206,"date":"2023-12-21T09:40:03","date_gmt":"2023-12-21T08:40:03","guid":{"rendered":"https:\/\/collection.galerie-gerdes.com\/?post_type=product&#038;p=206"},"modified":"2024-04-24T14:06:40","modified_gmt":"2024-04-24T12:06:40","slug":"gurgeln-im-bauch-2006","status":"publish","type":"product","link":"https:\/\/collection.galerie-gerdes.com\/da\/p\/gurgeln-im-bauch-2006\/","title":{"rendered":"Gurgeln im Bauch, 2006, Abstraktes Gem\u00e4lde von Hans Tyderle"},"content":{"rendered":"<p>Hans Tyderle (eigentlich Johann Tyderle; * 15. Dezember 1926 in Zwittau, Tschechoslowakei) ist ein deutscher Zeichner und Maler, der sich seit Jahrzehnten mit der Kunst der Enkaustik, einer alten Maltechnik mit Wachs, besch\u00e4ftigt.<\/p>\n<p>Tyderles Werke sind sowohl dem Expressionismus zuzuordnen, als auch der abstrakten Kunst. Die behandelten Themen umfassen Portr\u00e4tmalerei, Stillleben, religi\u00f6se Kunst, Akt und Erotik, seltener auch Landschaft. Der K\u00fcnstler signiert seine Gem\u00e4lde mit dem K\u00fcrzel \u201eHa Ty\u201c.<\/p>\n","protected":false},"excerpt":{"rendered":"<p>Hans Tyderle (1926)<br \/>\nR\u00e4nder besch\u00e4digt. \u00d6l auf Pappe<\/p>\n","protected":false},"featured_media":208,"template":"","meta":{"site-sidebar-layout":"default","site-content-layout":"","ast-site-content-layout":"default","site-content-style":"default","site-sidebar-style":"default","ast-global-header-display":"","ast-banner-title-visibility":"","ast-main-header-display":"","ast-hfb-above-header-display":"","ast-hfb-below-header-display":"","ast-hfb-mobile-header-display":"","site-post-title":"","ast-breadcrumbs-content":"","ast-featured-img":"","footer-sml-layout":"","ast-disable-related-posts":"","theme-transparent-header-meta":"default","adv-header-id-meta":"","stick-header-meta":"","header-above-stick-meta":"","header-main-stick-meta":"","header-below-stick-meta":"","astra-migrate-meta-layouts":"set","ast-page-background-enabled":"default","ast-page-background-meta":{"desktop":{"background-color":"var(--ast-global-color-4)","background-image":"","background-repeat":"repeat","background-position":"center center","background-size":"auto","background-attachment":"scroll","background-type":"","background-media":"","overlay-type":"","overlay-color":"","overlay-opacity":"","overlay-gradient":""},"tablet":{"background-color":"","background-image":"","background-repeat":"repeat","background-position":"center center","background-size":"auto","background-attachment":"scroll","background-type":"","background-media":"","overlay-type":"","overlay-color":"","overlay-opacity":"","overlay-gradient":""},"mobile":{"background-color":"","background-image":"","background-repeat":"repeat","background-position":"center center","background-size":"auto","background-attachment":"scroll","background-type":"","background-media":"","overlay-type":"","overlay-color":"","overlay-opacity":"","overlay-gradient":""}},"ast-content-background-meta":{"desktop":{"background-color":"var(--ast-global-color-5)","background-image":"","background-repeat":"repeat","background-position":"center center","background-size":"auto","background-attachment":"scroll","background-type":"","background-media":"","overlay-type":"","overlay-color":"","overlay-opacity":"","overlay-gradient":""},"tablet":{"background-color":"var(--ast-global-color-5)","background-image":"","background-repeat":"repeat","background-position":"center center","background-size":"auto","background-attachment":"scroll","background-type":"","background-media":"","overlay-type":"","overlay-color":"","overlay-opacity":"","overlay-gradient":""},"mobile":{"background-color":"var(--ast-global-color-5)","background-image":"","background-repeat":"repeat","background-position":"center center","background-size":"auto","background-attachment":"scroll","background-type":"","background-media":"","overlay-type":"","overlay-color":"","overlay-opacity":"","overlay-gradient":""}}},"product_brand":[],"product_cat":[56,25,179,92],"product_tag":[364,362,363,74,361,365],"class_list":{"0":"post-206","1":"product","2":"type-product","3":"status-publish","4":"has-post-thumbnail","6":"product_cat-21th-century","7":"product_cat-deutsch","8":"product_cat-gemaelde","9":"product_cat-hans-tyderle","10":"product_tag-art","11":"product_tag-gemalde","12":"product_tag-kunst","13":"product_tag-painting","14":"product_tag-peintures","15":"product_tag-pittura","16":"desktop-align-center","17":"tablet-align-left","18":"mobile-align-left","20":"first","21":"instock","22":"taxable","23":"shipping-taxable","24":"product-type-simple"},"_links":{"self":[{"href":"https:\/\/collection.galerie-gerdes.com\/da\/wp-json\/wp\/v2\/product\/206","targetHints":{"allow":["GET"]}}],"collection":[{"href":"https:\/\/collection.galerie-gerdes.com\/da\/wp-json\/wp\/v2\/product"}],"about":[{"href":"https:\/\/collection.galerie-gerdes.com\/da\/wp-json\/wp\/v2\/types\/product"}],"wp:featuredmedia":[{"embeddable":true,"href":"https:\/\/collection.galerie-gerdes.com\/da\/wp-json\/wp\/v2\/media\/208"}],"wp:attachment":[{"href":"https:\/\/collection.galerie-gerdes.com\/da\/wp-json\/wp\/v2\/media?parent=206"}],"wp:term":[{"taxonomy":"product_brand","embeddable":true,"href":"https:\/\/collection.galerie-gerdes.com\/da\/wp-json\/wp\/v2\/product_brand?post=206"},{"taxonomy":"product_cat","embeddable":true,"href":"https:\/\/collection.galerie-gerdes.com\/da\/wp-json\/wp\/v2\/product_cat?post=206"},{"taxonomy":"product_tag","embeddable":true,"href":"https:\/\/collection.galerie-gerdes.com\/da\/wp-json\/wp\/v2\/product_tag?post=206"}],"curies":[{"name":"wp","href":"https:\/\/api.w.org\/{rel}","templated":true}]}}