{"id":217756,"date":"2024-08-05T19:06:18","date_gmt":"2024-08-05T17:06:18","guid":{"rendered":"https:\/\/www.collection.galerie-gerdes.com\/?post_type=product&#038;p=217756"},"modified":"2024-08-17T15:02:30","modified_gmt":"2024-08-17T13:02:30","slug":"landschaft-mit-bergen-gemaelde-von-gustav-tauschinsky","status":"publish","type":"product","link":"https:\/\/collection.galerie-gerdes.com\/da\/p\/landschaft-mit-bergen-gemaelde-von-gustav-tauschinsky\/","title":{"rendered":"Landschaft mit Bergen | Gem\u00e4lde von Gustav Tauschinsky"},"content":{"rendered":"<div class=\"flex-shrink-0 flex flex-col relative items-end\">\n<div>\n<div class=\"pt-0\">\n<div class=\"gizmo-bot-avatar flex h-8 w-8 items-center justify-center overflow-hidden rounded-full\">\n<div class=\"relative p-1 rounded-sm flex items-center justify-center bg-token-main-surface-primary text-token-text-primary h-8 w-8\"><span style=\"font-size: 16px;\">Gustav Tauschinsky war ein deutscher Maler und Grafiker, geboren 1888 in Budigsdorf, Kreis Hohenstadt, und verstorben 1978 in Ludwigsburg. Nach dem Besuch des Gymnasiums in Tr\u00fcbau setzte er seine Ausbildung an der Wiener Akademie fort. Tauschinsky war sp\u00e4ter als Lehrer am Deutschen Gymnasium in Triest t\u00e4tig. W\u00e4hrend des Ersten Weltkriegs erlitt er eine Verletzung, was seine Laufbahn beeinflusste. Nach dem Krieg arbeitete er als freischaffender K\u00fcnstler. Aufgrund der Vertreibung w\u00e4hrend der politischen Umw\u00e4lzungen lie\u00df sich Tauschinsky in Eglosheim bei Ludwigsburg nieder. 1976 wurde ihm der Sch\u00f6nhengster Kulturpreis verliehen, eine Auszeichnung, die seine kulturellen Beitr\u00e4ge w\u00fcrdigte.<\/span><\/div>\n<\/div>\n<\/div>\n<\/div>\n<\/div>\n","protected":false},"excerpt":{"rendered":"<p>Gustav Tauschinsky (1888-1978)<\/p>\n","protected":false},"featured_media":217968,"template":"","meta":{"site-sidebar-layout":"default","site-content-layout":"","ast-site-content-layout":"default","site-content-style":"default","site-sidebar-style":"default","ast-global-header-display":"","ast-banner-title-visibility":"","ast-main-header-display":"","ast-hfb-above-header-display":"","ast-hfb-below-header-display":"","ast-hfb-mobile-header-display":"","site-post-title":"","ast-breadcrumbs-content":"","ast-featured-img":"","footer-sml-layout":"","ast-disable-related-posts":"","theme-transparent-header-meta":"default","adv-header-id-meta":"","stick-header-meta":"","header-above-stick-meta":"","header-main-stick-meta":"","header-below-stick-meta":"","astra-migrate-meta-layouts":"set","ast-page-background-enabled":"default","ast-page-background-meta":{"desktop":{"background-color":"var(--ast-global-color-4)","background-image":"","background-repeat":"repeat","background-position":"center center","background-size":"auto","background-attachment":"scroll","background-type":"","background-media":"","overlay-type":"","overlay-color":"","overlay-opacity":"","overlay-gradient":""},"tablet":{"background-color":"","background-image":"","background-repeat":"repeat","background-position":"center center","background-size":"auto","background-attachment":"scroll","background-type":"","background-media":"","overlay-type":"","overlay-color":"","overlay-opacity":"","overlay-gradient":""},"mobile":{"background-color":"","background-image":"","background-repeat":"repeat","background-position":"center center","background-size":"auto","background-attachment":"scroll","background-type":"","background-media":"","overlay-type":"","overlay-color":"","overlay-opacity":"","overlay-gradient":""}},"ast-content-background-meta":{"desktop":{"background-color":"var(--ast-global-color-5)","background-image":"","background-repeat":"repeat","background-position":"center center","background-size":"auto","background-attachment":"scroll","background-type":"","background-media":"","overlay-type":"","overlay-color":"","overlay-opacity":"","overlay-gradient":""},"tablet":{"background-color":"var(--ast-global-color-5)","background-image":"","background-repeat":"repeat","background-position":"center center","background-size":"auto","background-attachment":"scroll","background-type":"","background-media":"","overlay-type":"","overlay-color":"","overlay-opacity":"","overlay-gradient":""},"mobile":{"background-color":"var(--ast-global-color-5)","background-image":"","background-repeat":"repeat","background-position":"center center","background-size":"auto","background-attachment":"scroll","background-type":"","background-media":"","overlay-type":"","overlay-color":"","overlay-opacity":"","overlay-gradient":""}}},"product_brand":[],"product_cat":[14324],"product_tag":[],"class_list":{"0":"post-217756","1":"product","2":"type-product","3":"status-publish","4":"has-post-thumbnail","6":"product_cat-gustav-tauschinsky","7":"desktop-align-center","8":"tablet-align-left","9":"mobile-align-left","11":"first","12":"instock","13":"taxable","14":"shipping-taxable","15":"product-type-simple"},"_links":{"self":[{"href":"https:\/\/collection.galerie-gerdes.com\/da\/wp-json\/wp\/v2\/product\/217756","targetHints":{"allow":["GET"]}}],"collection":[{"href":"https:\/\/collection.galerie-gerdes.com\/da\/wp-json\/wp\/v2\/product"}],"about":[{"href":"https:\/\/collection.galerie-gerdes.com\/da\/wp-json\/wp\/v2\/types\/product"}],"wp:featuredmedia":[{"embeddable":true,"href":"https:\/\/collection.galerie-gerdes.com\/da\/wp-json\/wp\/v2\/media\/217968"}],"wp:attachment":[{"href":"https:\/\/collection.galerie-gerdes.com\/da\/wp-json\/wp\/v2\/media?parent=217756"}],"wp:term":[{"taxonomy":"product_brand","embeddable":true,"href":"https:\/\/collection.galerie-gerdes.com\/da\/wp-json\/wp\/v2\/product_brand?post=217756"},{"taxonomy":"product_cat","embeddable":true,"href":"https:\/\/collection.galerie-gerdes.com\/da\/wp-json\/wp\/v2\/product_cat?post=217756"},{"taxonomy":"product_tag","embeddable":true,"href":"https:\/\/collection.galerie-gerdes.com\/da\/wp-json\/wp\/v2\/product_tag?post=217756"}],"curies":[{"name":"wp","href":"https:\/\/api.w.org\/{rel}","templated":true}]}}