{"id":230068,"date":"2024-08-28T22:10:31","date_gmt":"2024-08-28T20:10:31","guid":{"rendered":"https:\/\/www.collection.galerie-gerdes.com\/?post_type=product&#038;p=230068"},"modified":"2024-09-03T20:43:46","modified_gmt":"2024-09-03T18:43:46","slug":"stillleben-gemaelde-von-sepp-vees-sindelfinger-sezession","status":"publish","type":"product","link":"https:\/\/collection.galerie-gerdes.com\/da\/p\/stillleben-gemaelde-von-sepp-vees-sindelfinger-sezession\/","title":{"rendered":"Stillleben | Gem\u00e4lde von Sepp Vees | Sindelfinger Sezession"},"content":{"rendered":"<p>Sepp Vees, eigentlich Wolfgang Vees (* 11. November 1908 in Gundershofen; \u2020 1. Dezember 1989 in Weissach-Flacht), war ein deutscher K\u00fcnstler. Sohn eines Lehrers, begann Vees schon fr\u00fch mit der Malerei und arbeitete zun\u00e4chst autodidaktisch auf der Schw\u00e4bischen Alb. Auf Dr\u00e4ngen seines Vaters nahm er 1926 das Studium als Meistersch\u00fcler von Georg Burmester an der Akademie der bildenden K\u00fcnste in Kassel auf. Weitere Studien f\u00fchrte er in Worpswede, Berlin und an der Akademie der sch\u00f6nen K\u00fcnste in Stuttgart fort, wo er unter Robert Breyer lernte.<\/p>\n<p>1929 war Vees Mitbegr\u00fcnder der Stuttgarter Neuen Sezession, einer Gruppe, die dem Expressiven Realismus und der Verschollenen Generation zugerechnet wird. Angesichts der politischen Entwicklungen nach 1933 zog sich Vees nach Flacht zur\u00fcck und diente w\u00e4hrend des Zweiten Weltkriegs als Soldat in Frankreich und Russland. Nach seiner R\u00fcckkehr aus englischer Kriegsgefangenschaft lebte er erneut als freischaffender K\u00fcnstler in Flacht und unternahm zahlreiche Studienreisen.<\/p>\n<p>Vees verstand sich als expressiver Maler, inspiriert von den Farben Paul C\u00e9zannes und der Spontaneit\u00e4t von Max Slevogt, Lovis Corinth und Max Liebermann. Neben Gem\u00e4lden schuf er zahlreiche Betonglasfenster, bleiverglaste Fenster, Mosaiken und Sgraffiti an \u00f6ffentlichen Geb\u00e4uden und Kirchen. Vees starb 1989 in Flacht, wo 40 Werke aus seinem Nachlass heute in der Galerie Sepp Vees ausgestellt sind.<\/p>\n","protected":false},"excerpt":{"rendered":"<p>Sepp Vees (1908-1989)<\/p>\n","protected":false},"featured_media":233071,"template":"","meta":{"site-sidebar-layout":"default","site-content-layout":"","ast-site-content-layout":"default","site-content-style":"default","site-sidebar-style":"default","ast-global-header-display":"","ast-banner-title-visibility":"","ast-main-header-display":"","ast-hfb-above-header-display":"","ast-hfb-below-header-display":"","ast-hfb-mobile-header-display":"","site-post-title":"","ast-breadcrumbs-content":"","ast-featured-img":"","footer-sml-layout":"","ast-disable-related-posts":"","theme-transparent-header-meta":"default","adv-header-id-meta":"","stick-header-meta":"","header-above-stick-meta":"","header-main-stick-meta":"","header-below-stick-meta":"","astra-migrate-meta-layouts":"set","ast-page-background-enabled":"default","ast-page-background-meta":{"desktop":{"background-color":"var(--ast-global-color-4)","background-image":"","background-repeat":"repeat","background-position":"center center","background-size":"auto","background-attachment":"scroll","background-type":"","background-media":"","overlay-type":"","overlay-color":"","overlay-opacity":"","overlay-gradient":""},"tablet":{"background-color":"","background-image":"","background-repeat":"repeat","background-position":"center center","background-size":"auto","background-attachment":"scroll","background-type":"","background-media":"","overlay-type":"","overlay-color":"","overlay-opacity":"","overlay-gradient":""},"mobile":{"background-color":"","background-image":"","background-repeat":"repeat","background-position":"center center","background-size":"auto","background-attachment":"scroll","background-type":"","background-media":"","overlay-type":"","overlay-color":"","overlay-opacity":"","overlay-gradient":""}},"ast-content-background-meta":{"desktop":{"background-color":"var(--ast-global-color-5)","background-image":"","background-repeat":"repeat","background-position":"center center","background-size":"auto","background-attachment":"scroll","background-type":"","background-media":"","overlay-type":"","overlay-color":"","overlay-opacity":"","overlay-gradient":""},"tablet":{"background-color":"var(--ast-global-color-5)","background-image":"","background-repeat":"repeat","background-position":"center center","background-size":"auto","background-attachment":"scroll","background-type":"","background-media":"","overlay-type":"","overlay-color":"","overlay-opacity":"","overlay-gradient":""},"mobile":{"background-color":"var(--ast-global-color-5)","background-image":"","background-repeat":"repeat","background-position":"center center","background-size":"auto","background-attachment":"scroll","background-type":"","background-media":"","overlay-type":"","overlay-color":"","overlay-opacity":"","overlay-gradient":""}}},"product_brand":[],"product_cat":[14356],"product_tag":[],"class_list":{"0":"post-230068","1":"product","2":"type-product","3":"status-publish","4":"has-post-thumbnail","6":"product_cat-sepp-vees","7":"desktop-align-center","8":"tablet-align-left","9":"mobile-align-left","11":"first","12":"instock","13":"taxable","14":"shipping-taxable","15":"product-type-simple"},"_links":{"self":[{"href":"https:\/\/collection.galerie-gerdes.com\/da\/wp-json\/wp\/v2\/product\/230068","targetHints":{"allow":["GET"]}}],"collection":[{"href":"https:\/\/collection.galerie-gerdes.com\/da\/wp-json\/wp\/v2\/product"}],"about":[{"href":"https:\/\/collection.galerie-gerdes.com\/da\/wp-json\/wp\/v2\/types\/product"}],"wp:featuredmedia":[{"embeddable":true,"href":"https:\/\/collection.galerie-gerdes.com\/da\/wp-json\/wp\/v2\/media\/233071"}],"wp:attachment":[{"href":"https:\/\/collection.galerie-gerdes.com\/da\/wp-json\/wp\/v2\/media?parent=230068"}],"wp:term":[{"taxonomy":"product_brand","embeddable":true,"href":"https:\/\/collection.galerie-gerdes.com\/da\/wp-json\/wp\/v2\/product_brand?post=230068"},{"taxonomy":"product_cat","embeddable":true,"href":"https:\/\/collection.galerie-gerdes.com\/da\/wp-json\/wp\/v2\/product_cat?post=230068"},{"taxonomy":"product_tag","embeddable":true,"href":"https:\/\/collection.galerie-gerdes.com\/da\/wp-json\/wp\/v2\/product_tag?post=230068"}],"curies":[{"name":"wp","href":"https:\/\/api.w.org\/{rel}","templated":true}]}}