{"id":282405,"date":"2024-11-28T15:52:09","date_gmt":"2024-11-28T14:52:09","guid":{"rendered":"https:\/\/www.collection.galerie-gerdes.com\/?post_type=product&#038;p=282405"},"modified":"2024-12-18T16:46:13","modified_gmt":"2024-12-18T15:46:13","slug":"abstrakte-personendarstellung-1963-gemaelde-von-serge-helias","status":"publish","type":"product","link":"https:\/\/collection.galerie-gerdes.com\/da\/p\/abstrakte-personendarstellung-1963-gemaelde-von-serge-helias\/","title":{"rendered":"Abstrakte Personendarstellung, 1963 | Gem\u00e4lde von Serge Helias"},"content":{"rendered":"<p><strong>Serge H\u00e9lias<\/strong> war ein Maler und Professor an der \u00c9cole nationale des Beaux-Arts in Paris. Im Jahr 1973 zog er nach Clermont-Ferrand, wo er zu einer zentralen Figur des kulturellen Lebens der Stadt wurde.<\/p>\n<p>Er wirkte als Kurator f\u00fcr Ausstellungen zeitgen\u00f6ssischer Kunst und war Direktor der \u00c9cole des Beaux-Arts von Clermont-Ferrand, die er bis 1992 leitete. Viele seiner Sch\u00fcler und Nachfolger profitierten von seiner einf\u00fchlsamen Autorit\u00e4t und seinen vision\u00e4ren Gedanken.<\/p>\n<p>Einer seiner bekanntesten Leits\u00e4tze war:<br \/>\n<strong>\u201eKreativit\u00e4t bedeutet, das Leben jeden Tag neu zu erfinden.\u201c<\/strong><\/p>\n","protected":false},"excerpt":{"rendered":"<p>Serge Helias (1923-2007)<br \/>\nWeist einen waagrechten Kratzer auf.<\/p>\n","protected":false},"featured_media":284429,"template":"","meta":{"site-sidebar-layout":"default","site-content-layout":"","ast-site-content-layout":"default","site-content-style":"default","site-sidebar-style":"default","ast-global-header-display":"","ast-banner-title-visibility":"","ast-main-header-display":"","ast-hfb-above-header-display":"","ast-hfb-below-header-display":"","ast-hfb-mobile-header-display":"","site-post-title":"","ast-breadcrumbs-content":"","ast-featured-img":"","footer-sml-layout":"","ast-disable-related-posts":"","theme-transparent-header-meta":"default","adv-header-id-meta":"","stick-header-meta":"","header-above-stick-meta":"","header-main-stick-meta":"","header-below-stick-meta":"","astra-migrate-meta-layouts":"set","ast-page-background-enabled":"default","ast-page-background-meta":{"desktop":{"background-color":"var(--ast-global-color-4)","background-image":"","background-repeat":"repeat","background-position":"center center","background-size":"auto","background-attachment":"scroll","background-type":"","background-media":"","overlay-type":"","overlay-color":"","overlay-opacity":"","overlay-gradient":""},"tablet":{"background-color":"","background-image":"","background-repeat":"repeat","background-position":"center center","background-size":"auto","background-attachment":"scroll","background-type":"","background-media":"","overlay-type":"","overlay-color":"","overlay-opacity":"","overlay-gradient":""},"mobile":{"background-color":"","background-image":"","background-repeat":"repeat","background-position":"center center","background-size":"auto","background-attachment":"scroll","background-type":"","background-media":"","overlay-type":"","overlay-color":"","overlay-opacity":"","overlay-gradient":""}},"ast-content-background-meta":{"desktop":{"background-color":"var(--ast-global-color-5)","background-image":"","background-repeat":"repeat","background-position":"center center","background-size":"auto","background-attachment":"scroll","background-type":"","background-media":"","overlay-type":"","overlay-color":"","overlay-opacity":"","overlay-gradient":""},"tablet":{"background-color":"var(--ast-global-color-5)","background-image":"","background-repeat":"repeat","background-position":"center center","background-size":"auto","background-attachment":"scroll","background-type":"","background-media":"","overlay-type":"","overlay-color":"","overlay-opacity":"","overlay-gradient":""},"mobile":{"background-color":"var(--ast-global-color-5)","background-image":"","background-repeat":"repeat","background-position":"center center","background-size":"auto","background-attachment":"scroll","background-type":"","background-media":"","overlay-type":"","overlay-color":"","overlay-opacity":"","overlay-gradient":""}}},"product_brand":[],"product_cat":[52,419,65,179,268,14690],"product_tag":[],"class_list":{"0":"post-282405","1":"product","2":"type-product","3":"status-publish","4":"has-post-thumbnail","6":"product_cat-20th-century","7":"product_cat-abstrakt","8":"product_cat-franzoesisch","9":"product_cat-gemaelde","10":"product_cat-mischtechnik","11":"product_cat-serge-helias","12":"desktop-align-center","13":"tablet-align-left","14":"mobile-align-left","16":"first","17":"instock","18":"taxable","19":"shipping-taxable","20":"product-type-simple"},"_links":{"self":[{"href":"https:\/\/collection.galerie-gerdes.com\/da\/wp-json\/wp\/v2\/product\/282405","targetHints":{"allow":["GET"]}}],"collection":[{"href":"https:\/\/collection.galerie-gerdes.com\/da\/wp-json\/wp\/v2\/product"}],"about":[{"href":"https:\/\/collection.galerie-gerdes.com\/da\/wp-json\/wp\/v2\/types\/product"}],"wp:featuredmedia":[{"embeddable":true,"href":"https:\/\/collection.galerie-gerdes.com\/da\/wp-json\/wp\/v2\/media\/284429"}],"wp:attachment":[{"href":"https:\/\/collection.galerie-gerdes.com\/da\/wp-json\/wp\/v2\/media?parent=282405"}],"wp:term":[{"taxonomy":"product_brand","embeddable":true,"href":"https:\/\/collection.galerie-gerdes.com\/da\/wp-json\/wp\/v2\/product_brand?post=282405"},{"taxonomy":"product_cat","embeddable":true,"href":"https:\/\/collection.galerie-gerdes.com\/da\/wp-json\/wp\/v2\/product_cat?post=282405"},{"taxonomy":"product_tag","embeddable":true,"href":"https:\/\/collection.galerie-gerdes.com\/da\/wp-json\/wp\/v2\/product_tag?post=282405"}],"curies":[{"name":"wp","href":"https:\/\/api.w.org\/{rel}","templated":true}]}}