{"id":309061,"date":"2023-12-16T22:46:00","date_gmt":"2023-12-16T21:46:00","guid":{"rendered":"https:\/\/collection.galerie-gerdes.com\/produkt\/landsbymusik-tegning-adolf-muenzer-mand-med-tuba\/"},"modified":"2023-12-16T22:46:00","modified_gmt":"2023-12-16T21:46:00","slug":"landsbymusik-tegning-adolf-muenzer-mand-med-tuba","status":"publish","type":"product","link":"https:\/\/collection.galerie-gerdes.com\/da\/p\/landsbymusik-tegning-adolf-muenzer-mand-med-tuba\/","title":{"rendered":"&#8220;Landsbymusik&#8221;, tegning, Adolf M\u00fcnzer, mand med tuba"},"content":{"rendered":"<p>Han blev f\u00f8dt i Ple\u00df i Oberschlesien og tilbragte sin barndom i Breslau efter sin fars tidlige d\u00f8d i 1876, hvor han gik p\u00e5 Matthias-Gymnasium og begyndte at uddanne sig hos dekorationsmaleren Georg Heintze i 1886. Senere fortsatte han sin uddannelse p\u00e5 kunsth\u00e5ndv\u00e6rkerskolen i Breslau og blev undervist af l\u00e6rere som Heinrich Irmann, Paul Schobelt og Albrecht Br\u00e4uer.  <\/p>\n<p>I 1894 begyndte M\u00fcnzer sine studier p\u00e5 kunstakademiet i M\u00fcnchen, hvor han blev undervist af anerkendte kunstnere som Karl Raupp og Otto Seitz. Under sin milit\u00e6rtjeneste kom han i malerklasse hos Paul Hoecker, som fokuserede intensivt p\u00e5 friluftsmaleri. M\u00fcnzer fik endda sit eget mesteratelier her i 1896.  <\/p>\n<p>I 1898 var han en af to prisvindere i Ludwig Stollwercks f\u00f8rste konkurrence om design til Stollwercks samlerbilleder med en pr\u00e6miesum p\u00e5 1000 mark. Fra 1899 udstillede M\u00fcnzer sine v\u00e6rker i M\u00fcnchens Glaspalast som medlem af kunstnergruppen Scholle. Det f\u00f8rte ogs\u00e5 til et samarbejde med M\u00fcnchens ugemagasin &#8220;Jugend&#8221; og det satiriske magasin &#8220;Simplicissimus&#8221;.  <\/p>\n<p>Under et ophold i Paris fra 1900 til 1902 konsoliderede han sin kunstneriske udvikling. I 1903 m\u00f8dte han Marie Therese Dree\u00dfen, f\u00f8dt von Vestenhof, som han giftede sig med et \u00e5r efter en spektakul\u00e6r skandale. Skandalen f\u00f8rte til skilsmisse mellem fru Dree\u00dfen og hendes mand.   <\/p>\n<p>I 1909 blev M\u00fcnzer leder af en malerklasse p\u00e5 kunstakademiet i D\u00fcsseldorf, hvor han underviste indtil 1932. I denne periode skabte han ogs\u00e5 v\u00e6gmalerier og loftsmalerier til D\u00fcsseldorfs distriktsregering. Under F\u00f8rste Verdenskrig var han krigsmaler ved fronten i 1915 og meldte sig som frivillig i 1917, men kom ikke i aktion.  <\/p>\n<p>I 1938 flyttede familien M\u00fcnzer til Holzhausen am Ammersee. M\u00fcnzers v\u00e6rker blev udstillet p\u00e5 forskellige anerkendte museer og samlinger, herunder Neue Pinakothek i M\u00fcnchen, Wallraf-Richartz-Museum i K\u00f6ln, St\u00e4dtisches Kunstmuseum D\u00fcsseldorf og Kunstverein Basels samling. <\/p>\n<p>Mellem 1938 og 1944 deltog M\u00fcnzer aktivt i de store tyske kunstudstillinger, som nationalsocialisterne tog initiativ til i Haus der Deutschen Kunst i M\u00fcnchen, og han solgte endda et v\u00e6rk til Adolf Hitler. I 1950 udstillede han 30 malerier p\u00e5 M\u00fcnchens kunstnerkooperativ. M\u00fcnzer blev optaget p\u00e5 listen over dem, der blev h\u00e6dret af Reichsministerium f\u00fcr Volksaufkl\u00e4rung und Propaganda i 1944.  <\/p>\n<p>M\u00fcnzers fort\u00e6llende stil var tydelig i hans grafik, is\u00e6r i hans eventyrillustrationer for Scholz-forlaget i Mainz. Han var ogs\u00e5 medlem af Deutscher K\u00fcnstlerbund. <\/p>\n","protected":false},"excerpt":{"rendered":"<p>Adolf M\u00fcnzer (1870-1953)<br \/>\nAlderstegn, se fotos<\/p>\n","protected":false},"featured_media":7673,"template":"","meta":{"site-sidebar-layout":"default","site-content-layout":"","ast-site-content-layout":"default","site-content-style":"default","site-sidebar-style":"default","ast-global-header-display":"","ast-banner-title-visibility":"","ast-main-header-display":"","ast-hfb-above-header-display":"","ast-hfb-below-header-display":"","ast-hfb-mobile-header-display":"","site-post-title":"","ast-breadcrumbs-content":"","ast-featured-img":"","footer-sml-layout":"","ast-disable-related-posts":"","theme-transparent-header-meta":"default","adv-header-id-meta":"","stick-header-meta":"","header-above-stick-meta":"","header-main-stick-meta":"","header-below-stick-meta":"","astra-migrate-meta-layouts":"default","ast-page-background-enabled":"default","ast-page-background-meta":{"desktop":{"background-color":"var(--ast-global-color-4)","background-image":"","background-repeat":"repeat","background-position":"center center","background-size":"auto","background-attachment":"scroll","background-type":"","background-media":"","overlay-type":"","overlay-color":"","overlay-opacity":"","overlay-gradient":""},"tablet":{"background-color":"","background-image":"","background-repeat":"repeat","background-position":"center center","background-size":"auto","background-attachment":"scroll","background-type":"","background-media":"","overlay-type":"","overlay-color":"","overlay-opacity":"","overlay-gradient":""},"mobile":{"background-color":"","background-image":"","background-repeat":"repeat","background-position":"center center","background-size":"auto","background-attachment":"scroll","background-type":"","background-media":"","overlay-type":"","overlay-color":"","overlay-opacity":"","overlay-gradient":""}},"ast-content-background-meta":{"desktop":{"background-color":"var(--ast-global-color-5)","background-image":"","background-repeat":"repeat","background-position":"center center","background-size":"auto","background-attachment":"scroll","background-type":"","background-media":"","overlay-type":"","overlay-color":"","overlay-opacity":"","overlay-gradient":""},"tablet":{"background-color":"var(--ast-global-color-5)","background-image":"","background-repeat":"repeat","background-position":"center center","background-size":"auto","background-attachment":"scroll","background-type":"","background-media":"","overlay-type":"","overlay-color":"","overlay-opacity":"","overlay-gradient":""},"mobile":{"background-color":"var(--ast-global-color-5)","background-image":"","background-repeat":"repeat","background-position":"center center","background-size":"auto","background-attachment":"scroll","background-type":"","background-media":"","overlay-type":"","overlay-color":"","overlay-opacity":"","overlay-gradient":""}}},"product_brand":[],"product_cat":[709,563],"product_tag":[14919,1445,1446,1447,1448,1449,1450,14923,14921],"class_list":{"0":"post-309061","1":"product","2":"type-product","3":"status-publish","4":"has-post-thumbnail","6":"product_cat-german-da","7":"product_cat-painting-da","8":"product_tag-adolf-muenzer-da","9":"product_tag-art-da","10":"product_tag-gemalde-da","11":"product_tag-kunst-da","12":"product_tag-painting-da","13":"product_tag-peintures-da","14":"product_tag-pittura-da","15":"product_tag-tegning-da","16":"product_tag-tysk-da","17":"desktop-align-center","18":"tablet-align-left","19":"mobile-align-left","21":"first","22":"instock","23":"taxable","24":"shipping-taxable","25":"product-type-simple"},"_links":{"self":[{"href":"https:\/\/collection.galerie-gerdes.com\/da\/wp-json\/wp\/v2\/product\/309061","targetHints":{"allow":["GET"]}}],"collection":[{"href":"https:\/\/collection.galerie-gerdes.com\/da\/wp-json\/wp\/v2\/product"}],"about":[{"href":"https:\/\/collection.galerie-gerdes.com\/da\/wp-json\/wp\/v2\/types\/product"}],"wp:featuredmedia":[{"embeddable":true,"href":"https:\/\/collection.galerie-gerdes.com\/da\/wp-json\/wp\/v2\/media\/7673"}],"wp:attachment":[{"href":"https:\/\/collection.galerie-gerdes.com\/da\/wp-json\/wp\/v2\/media?parent=309061"}],"wp:term":[{"taxonomy":"product_brand","embeddable":true,"href":"https:\/\/collection.galerie-gerdes.com\/da\/wp-json\/wp\/v2\/product_brand?post=309061"},{"taxonomy":"product_cat","embeddable":true,"href":"https:\/\/collection.galerie-gerdes.com\/da\/wp-json\/wp\/v2\/product_cat?post=309061"},{"taxonomy":"product_tag","embeddable":true,"href":"https:\/\/collection.galerie-gerdes.com\/da\/wp-json\/wp\/v2\/product_tag?post=309061"}],"curies":[{"name":"wp","href":"https:\/\/api.w.org\/{rel}","templated":true}]}}