{"id":309091,"date":"2023-12-16T16:23:37","date_gmt":"2023-12-16T15:23:37","guid":{"rendered":"https:\/\/collection.galerie-gerdes.com\/produkt\/dansk-landskab-hus-ved-soeen-maleri-af-achton-friis\/"},"modified":"2023-12-16T16:23:37","modified_gmt":"2023-12-16T15:23:37","slug":"dansk-landskab-hus-ved-soeen-maleri-af-achton-friis","status":"publish","type":"product","link":"https:\/\/collection.galerie-gerdes.com\/da\/p\/dansk-landskab-hus-ved-soeen-maleri-af-achton-friis\/","title":{"rendered":"Dansk landskab, hus ved s\u00f8en, maleri af Achton Friis"},"content":{"rendered":"<p>Achton Johannes Friis (1871-1939) var en kendt maler og illustrator. Han blev f\u00f8dt den 5. september 1871 i Trustrup, Lyngby Sogn, Randers Amt, og d\u00f8de den 17. december 1939 i K\u00f8benhavn. Hans mor, Maren F. Fries, var datter af en landmand og blev gift med violinisten Martha Elster i K\u00f8benhavn den 15. december 1909. Martha blev f\u00f8dt i samme by den 17. september 1879 og d\u00f8de p\u00e5 Frederiksberg den 28. februar 1966. Hun var datter af kaptajn Chr. Gregers E. og Lovise Augusta Petersen, som var velhavende.    <\/p>\n<p>Achton Friis var en alsidig mand, der kombinerede landmandens kvaliteter med en aristokratisk fremtoning. Denne unikke blanding gjorde det muligt for ham at leve et liv, der var b\u00e5de hengivent og us\u00e6dvanligt meningsfuldt, selv om han ikke var s\u00e6rligt begavet inden for noget bestemt omr\u00e5de. Under den danske ekspedition med Mylius-Erichsen opdagede han sit talent som forfatter og billedkunstner, dybt bev\u00e6get af landskaberne p\u00e5 Gr\u00f8nlands nord\u00f8stlige kyst. Han skabte en r\u00e6kke levende og imponerende landskabsmalerier samt \u00e6tsede og malede portr\u00e6tter af bl.a. sin ven J\u00f8rgen Br\u00f8nlund. Disse v\u00e6rker blev gengivet i Mylius-Erichsens b\u00f8ger om Gr\u00f8nland.    <\/p>\n<p>Ud over sine kunstneriske bidrag skrev og illustrerede Friis ogs\u00e5 rejseskildringer, som f.eks. i bogen &#8220;Arctic Hunter&#8221;. Hans sande gave var dog at indfange Danmarks mangfoldige sk\u00f8nhed gennem en kunstners \u00f8jne. Hans v\u00e6rker, &#8220;De danske \u00f8er  <\/p>\n","protected":false},"excerpt":{"rendered":"<p>Achton Johannes Friis (1871-1939)<br \/>\nIndividuelle farvetab, ridser, buler<\/p>\n","protected":false},"featured_media":7646,"template":"","meta":{"site-sidebar-layout":"default","site-content-layout":"","ast-site-content-layout":"default","site-content-style":"default","site-sidebar-style":"default","ast-global-header-display":"","ast-banner-title-visibility":"","ast-main-header-display":"","ast-hfb-above-header-display":"","ast-hfb-below-header-display":"","ast-hfb-mobile-header-display":"","site-post-title":"","ast-breadcrumbs-content":"","ast-featured-img":"","footer-sml-layout":"","ast-disable-related-posts":"","theme-transparent-header-meta":"default","adv-header-id-meta":"","stick-header-meta":"","header-above-stick-meta":"","header-main-stick-meta":"","header-below-stick-meta":"","astra-migrate-meta-layouts":"default","ast-page-background-enabled":"default","ast-page-background-meta":{"desktop":{"background-color":"var(--ast-global-color-4)","background-image":"","background-repeat":"repeat","background-position":"center center","background-size":"auto","background-attachment":"scroll","background-type":"","background-media":"","overlay-type":"","overlay-color":"","overlay-opacity":"","overlay-gradient":""},"tablet":{"background-color":"","background-image":"","background-repeat":"repeat","background-position":"center center","background-size":"auto","background-attachment":"scroll","background-type":"","background-media":"","overlay-type":"","overlay-color":"","overlay-opacity":"","overlay-gradient":""},"mobile":{"background-color":"","background-image":"","background-repeat":"repeat","background-position":"center center","background-size":"auto","background-attachment":"scroll","background-type":"","background-media":"","overlay-type":"","overlay-color":"","overlay-opacity":"","overlay-gradient":""}},"ast-content-background-meta":{"desktop":{"background-color":"var(--ast-global-color-5)","background-image":"","background-repeat":"repeat","background-position":"center center","background-size":"auto","background-attachment":"scroll","background-type":"","background-media":"","overlay-type":"","overlay-color":"","overlay-opacity":"","overlay-gradient":""},"tablet":{"background-color":"var(--ast-global-color-5)","background-image":"","background-repeat":"repeat","background-position":"center center","background-size":"auto","background-attachment":"scroll","background-type":"","background-media":"","overlay-type":"","overlay-color":"","overlay-opacity":"","overlay-gradient":""},"mobile":{"background-color":"var(--ast-global-color-5)","background-image":"","background-repeat":"repeat","background-position":"center center","background-size":"auto","background-attachment":"scroll","background-type":"","background-media":"","overlay-type":"","overlay-color":"","overlay-opacity":"","overlay-gradient":""}}},"product_brand":[],"product_cat":[2708,561,563],"product_tag":[1445,15002,1446,1447,15004,15001,15003,1448,1449,1450],"class_list":{"0":"post-309091","1":"product","2":"type-product","3":"status-publish","4":"has-post-thumbnail","6":"product_cat-danish-da","7":"product_cat-landschaft-da","8":"product_cat-painting-da","9":"product_tag-art-da","10":"product_tag-dansk-da","11":"product_tag-gemalde-da","12":"product_tag-kunst-da","13":"product_tag-laerred","14":"product_tag-landskab","15":"product_tag-oliemaleri","16":"product_tag-painting-da","17":"product_tag-peintures-da","18":"product_tag-pittura-da","19":"desktop-align-center","20":"tablet-align-left","21":"mobile-align-left","23":"first","24":"instock","25":"taxable","26":"shipping-taxable","27":"product-type-simple"},"_links":{"self":[{"href":"https:\/\/collection.galerie-gerdes.com\/da\/wp-json\/wp\/v2\/product\/309091","targetHints":{"allow":["GET"]}}],"collection":[{"href":"https:\/\/collection.galerie-gerdes.com\/da\/wp-json\/wp\/v2\/product"}],"about":[{"href":"https:\/\/collection.galerie-gerdes.com\/da\/wp-json\/wp\/v2\/types\/product"}],"wp:featuredmedia":[{"embeddable":true,"href":"https:\/\/collection.galerie-gerdes.com\/da\/wp-json\/wp\/v2\/media\/7646"}],"wp:attachment":[{"href":"https:\/\/collection.galerie-gerdes.com\/da\/wp-json\/wp\/v2\/media?parent=309091"}],"wp:term":[{"taxonomy":"product_brand","embeddable":true,"href":"https:\/\/collection.galerie-gerdes.com\/da\/wp-json\/wp\/v2\/product_brand?post=309091"},{"taxonomy":"product_cat","embeddable":true,"href":"https:\/\/collection.galerie-gerdes.com\/da\/wp-json\/wp\/v2\/product_cat?post=309091"},{"taxonomy":"product_tag","embeddable":true,"href":"https:\/\/collection.galerie-gerdes.com\/da\/wp-json\/wp\/v2\/product_tag?post=309091"}],"curies":[{"name":"wp","href":"https:\/\/api.w.org\/{rel}","templated":true}]}}