{"id":325092,"date":"2025-09-22T14:22:21","date_gmt":"2025-09-22T12:22:21","guid":{"rendered":"https:\/\/collection.galerie-gerdes.com\/?post_type=product&#038;p=325092"},"modified":"2025-09-22T14:22:21","modified_gmt":"2025-09-22T12:22:21","slug":"studie-eines-pferdes-zeichnung-von-otto-stoeger","status":"publish","type":"product","link":"https:\/\/collection.galerie-gerdes.com\/da\/p\/studie-eines-pferdes-zeichnung-von-otto-stoeger\/","title":{"rendered":"Studie eines Pferdes | Zeichnung von Otto St\u00f6ger"},"content":{"rendered":"<p>Otto St\u00f6ger (* 11. April 1833 in Wegscheid; \u2020 27. Dezember 1900 in M\u00fcnchen) war ein deutscher Landschaftsmaler, Aquarellist, B\u00fchnenmaler und Humorist.<\/p>\n<p>Seit 1854 lebte er in M\u00fcnchen, wo er zun\u00e4chst ein Studium der Chemie und Pharmakologie an der Universit\u00e4t aufnahm, dieses jedoch bald zugunsten der Malerei aufgab. Angeregt durch den Landschaftsmaler August Erxleben besch\u00e4ftigte er sich auch mit experimentellen Farbenpr\u00e4paraten.<\/p>\n<p>St\u00f6ger unternahm eine Studienreise nach Italien und hielt sich von 1869 bis 1871 in Rom auf, wo er Mitglied des Deutschen K\u00fcnstlervereins wurde. Bereits zuvor war er Mitglied im K\u00fcnstlerverein Jung-M\u00fcnchen. Am 25. April 1870 \u00fcbernahm er das Amt des letzten Pr\u00e4sidenten eines Cervarofestes. Neben seinen Landschaftsarbeiten war er auch als Hoftheatermaler t\u00e4tig.<\/p>\n<p>Otto St\u00f6ger starb 1900 in M\u00fcnchen an einem Schlaganfall. Er hinterlie\u00df eine Ehefrau und zwei Kinder. Sein k\u00fcnstlerischer Nachlass mit rund 60 Studien und kleineren Gem\u00e4lden wurde im M\u00e4rz 1901 im Kunstverein M\u00fcnchen versteigert. Der Karikaturist E. von Heimburg fertigte eine Reihe humorvoller Zeichnungen von ihm unter dem Titel Otto St\u00f6ger mit seiner Riesenmappe.<\/p>\n","protected":false},"excerpt":{"rendered":"<p>Otto St\u00f6ger (* 11. April 1833 in Wegscheid; \u2020 27. Dezember 1900 in M\u00fcnchen) war ein deutscher Landschaftsmaler, Aquarellist, B\u00fchnenmaler [&hellip;]<\/p>\n","protected":false},"featured_media":325110,"template":"","meta":{"site-sidebar-layout":"default","site-content-layout":"","ast-site-content-layout":"default","site-content-style":"default","site-sidebar-style":"default","ast-global-header-display":"","ast-banner-title-visibility":"","ast-main-header-display":"","ast-hfb-above-header-display":"","ast-hfb-below-header-display":"","ast-hfb-mobile-header-display":"","site-post-title":"","ast-breadcrumbs-content":"","ast-featured-img":"","footer-sml-layout":"","ast-disable-related-posts":"","theme-transparent-header-meta":"default","adv-header-id-meta":"","stick-header-meta":"","header-above-stick-meta":"","header-main-stick-meta":"","header-below-stick-meta":"","astra-migrate-meta-layouts":"set","ast-page-background-enabled":"default","ast-page-background-meta":{"desktop":{"background-color":"var(--ast-global-color-4)","background-image":"","background-repeat":"repeat","background-position":"center center","background-size":"auto","background-attachment":"scroll","background-type":"","background-media":"","overlay-type":"","overlay-color":"","overlay-opacity":"","overlay-gradient":""},"tablet":{"background-color":"","background-image":"","background-repeat":"repeat","background-position":"center center","background-size":"auto","background-attachment":"scroll","background-type":"","background-media":"","overlay-type":"","overlay-color":"","overlay-opacity":"","overlay-gradient":""},"mobile":{"background-color":"","background-image":"","background-repeat":"repeat","background-position":"center center","background-size":"auto","background-attachment":"scroll","background-type":"","background-media":"","overlay-type":"","overlay-color":"","overlay-opacity":"","overlay-gradient":""}},"ast-content-background-meta":{"desktop":{"background-color":"var(--ast-global-color-5)","background-image":"","background-repeat":"repeat","background-position":"center center","background-size":"auto","background-attachment":"scroll","background-type":"","background-media":"","overlay-type":"","overlay-color":"","overlay-opacity":"","overlay-gradient":""},"tablet":{"background-color":"var(--ast-global-color-5)","background-image":"","background-repeat":"repeat","background-position":"center center","background-size":"auto","background-attachment":"scroll","background-type":"","background-media":"","overlay-type":"","overlay-color":"","overlay-opacity":"","overlay-gradient":""},"mobile":{"background-color":"var(--ast-global-color-5)","background-image":"","background-repeat":"repeat","background-position":"center center","background-size":"auto","background-attachment":"scroll","background-type":"","background-media":"","overlay-type":"","overlay-color":"","overlay-opacity":"","overlay-gradient":""}}},"product_brand":[],"product_cat":[53,25,15268,421,266],"product_tag":[],"class_list":{"0":"post-325092","1":"product","2":"type-product","3":"status-publish","4":"has-post-thumbnail","6":"product_cat-19th-century","7":"product_cat-deutsch","8":"product_cat-otto-stoeger","9":"product_cat-tiere","10":"product_cat-zeichnung","11":"desktop-align-center","12":"tablet-align-left","13":"mobile-align-left","15":"first","16":"instock","17":"taxable","18":"shipping-taxable","19":"product-type-simple"},"_links":{"self":[{"href":"https:\/\/collection.galerie-gerdes.com\/da\/wp-json\/wp\/v2\/product\/325092","targetHints":{"allow":["GET"]}}],"collection":[{"href":"https:\/\/collection.galerie-gerdes.com\/da\/wp-json\/wp\/v2\/product"}],"about":[{"href":"https:\/\/collection.galerie-gerdes.com\/da\/wp-json\/wp\/v2\/types\/product"}],"wp:featuredmedia":[{"embeddable":true,"href":"https:\/\/collection.galerie-gerdes.com\/da\/wp-json\/wp\/v2\/media\/325110"}],"wp:attachment":[{"href":"https:\/\/collection.galerie-gerdes.com\/da\/wp-json\/wp\/v2\/media?parent=325092"}],"wp:term":[{"taxonomy":"product_brand","embeddable":true,"href":"https:\/\/collection.galerie-gerdes.com\/da\/wp-json\/wp\/v2\/product_brand?post=325092"},{"taxonomy":"product_cat","embeddable":true,"href":"https:\/\/collection.galerie-gerdes.com\/da\/wp-json\/wp\/v2\/product_cat?post=325092"},{"taxonomy":"product_tag","embeddable":true,"href":"https:\/\/collection.galerie-gerdes.com\/da\/wp-json\/wp\/v2\/product_tag?post=325092"}],"curies":[{"name":"wp","href":"https:\/\/api.w.org\/{rel}","templated":true}]}}