{"id":3944,"date":"2024-03-19T10:41:40","date_gmt":"2024-03-19T09:41:40","guid":{"rendered":"https:\/\/collection.galerie-gerdes.com\/?post_type=product&#038;p=3944"},"modified":"2024-05-21T13:04:16","modified_gmt":"2024-05-21T11:04:16","slug":"skizze-zeichnung-von-franz-barbarini","status":"publish","type":"product","link":"https:\/\/collection.galerie-gerdes.com\/da\/p\/skizze-zeichnung-von-franz-barbarini\/","title":{"rendered":"Skizze \/ Zeichnung von Franz BARBARINI"},"content":{"rendered":"<p>Franz Barbarini wurde im Jahr 1804 in Znaim geboren und verstarb am 20. J\u00e4nner 1873 in Wien. Er war ein \u00f6sterreichischer Landschaftsmaler, Stecher und Radierer, dessen Werke sowohl f\u00fcr ihre k\u00fcnstlerische Qualit\u00e4t als auch f\u00fcr ihre realistische Darstellung der Natur bekannt waren.<\/p>\n<p>Seine k\u00fcnstlerische Ausbildung begann Barbarini im Jahr 1824 an der Bildhauerschule der Wiener Akademie der bildenden K\u00fcnste, wo er unter der Anleitung von J. N. Schaller und J. Kempel studierte. Parallel dazu arbeitete er als Graveur f\u00fcr Gold- und Silberfabrikanten. Nach diesen anf\u00e4nglichen Arbeiten im Bereich der Bildhauerei entschied sich Barbarini jedoch, sich ganz der Landschaftsmalerei zu widmen.<\/p>\n<p>W\u00e4hrend seiner Karriere unternahm Barbarini zahlreiche Studienreisen durch die \u00f6sterreichischen, schweizerischen und bayrischen Alpen, wo er Inspiration f\u00fcr seine Werke fand. Er schuf realistische \u00d6lbilder, Aquarelle, Zeichnungen und Radierungen, die die Sch\u00f6nheit und Vielfalt der alpinen Landschaft einfingen.<\/p>\n<p>Franz Barbarini hatte auch eine k\u00fcnstlerische Familie, da seine S\u00f6hne Gustav Barbarini (1840\u20131909) und Emil Barbarini (1855\u20131933) ebenfalls als Maler t\u00e4tig waren. Ihr k\u00fcnstlerisches Erbe f\u00fchrte die Tradition ihres Vaters weiter und trug zur Vielfalt der \u00f6sterreichischen Kunstlandschaft bei.<\/p>\n","protected":false},"excerpt":{"rendered":"<p>Franz BARBARINI (1804-1873)<\/p>\n","protected":false},"featured_media":3945,"template":"","meta":{"site-sidebar-layout":"default","site-content-layout":"","ast-site-content-layout":"default","site-content-style":"default","site-sidebar-style":"default","ast-global-header-display":"","ast-banner-title-visibility":"","ast-main-header-display":"","ast-hfb-above-header-display":"","ast-hfb-below-header-display":"","ast-hfb-mobile-header-display":"","site-post-title":"","ast-breadcrumbs-content":"","ast-featured-img":"","footer-sml-layout":"","ast-disable-related-posts":"","theme-transparent-header-meta":"default","adv-header-id-meta":"","stick-header-meta":"","header-above-stick-meta":"","header-main-stick-meta":"","header-below-stick-meta":"","astra-migrate-meta-layouts":"set","ast-page-background-enabled":"default","ast-page-background-meta":{"desktop":{"background-color":"var(--ast-global-color-4)","background-image":"","background-repeat":"repeat","background-position":"center center","background-size":"auto","background-attachment":"scroll","background-type":"","background-media":"","overlay-type":"","overlay-color":"","overlay-opacity":"","overlay-gradient":""},"tablet":{"background-color":"","background-image":"","background-repeat":"repeat","background-position":"center center","background-size":"auto","background-attachment":"scroll","background-type":"","background-media":"","overlay-type":"","overlay-color":"","overlay-opacity":"","overlay-gradient":""},"mobile":{"background-color":"","background-image":"","background-repeat":"repeat","background-position":"center center","background-size":"auto","background-attachment":"scroll","background-type":"","background-media":"","overlay-type":"","overlay-color":"","overlay-opacity":"","overlay-gradient":""}},"ast-content-background-meta":{"desktop":{"background-color":"var(--ast-global-color-5)","background-image":"","background-repeat":"repeat","background-position":"center center","background-size":"auto","background-attachment":"scroll","background-type":"","background-media":"","overlay-type":"","overlay-color":"","overlay-opacity":"","overlay-gradient":""},"tablet":{"background-color":"var(--ast-global-color-5)","background-image":"","background-repeat":"repeat","background-position":"center center","background-size":"auto","background-attachment":"scroll","background-type":"","background-media":"","overlay-type":"","overlay-color":"","overlay-opacity":"","overlay-gradient":""},"mobile":{"background-color":"var(--ast-global-color-5)","background-image":"","background-repeat":"repeat","background-position":"center center","background-size":"auto","background-attachment":"scroll","background-type":"","background-media":"","overlay-type":"","overlay-color":"","overlay-opacity":"","overlay-gradient":""}}},"product_brand":[],"product_cat":[15,53,278,179,409,266],"product_tag":[364,362,363,74,361,365],"class_list":{"0":"post-3944","1":"product","2":"type-product","3":"status-publish","4":"has-post-thumbnail","6":"product_cat-oesterreichisch","7":"product_cat-19th-century","8":"product_cat-franz-barbarini","9":"product_cat-gemaelde","10":"product_cat-landschaft","11":"product_cat-zeichnung","12":"product_tag-art","13":"product_tag-gemalde","14":"product_tag-kunst","15":"product_tag-painting","16":"product_tag-peintures","17":"product_tag-pittura","18":"desktop-align-center","19":"tablet-align-left","20":"mobile-align-left","22":"first","23":"instock","24":"taxable","25":"shipping-taxable","26":"product-type-simple"},"_links":{"self":[{"href":"https:\/\/collection.galerie-gerdes.com\/da\/wp-json\/wp\/v2\/product\/3944","targetHints":{"allow":["GET"]}}],"collection":[{"href":"https:\/\/collection.galerie-gerdes.com\/da\/wp-json\/wp\/v2\/product"}],"about":[{"href":"https:\/\/collection.galerie-gerdes.com\/da\/wp-json\/wp\/v2\/types\/product"}],"wp:featuredmedia":[{"embeddable":true,"href":"https:\/\/collection.galerie-gerdes.com\/da\/wp-json\/wp\/v2\/media\/3945"}],"wp:attachment":[{"href":"https:\/\/collection.galerie-gerdes.com\/da\/wp-json\/wp\/v2\/media?parent=3944"}],"wp:term":[{"taxonomy":"product_brand","embeddable":true,"href":"https:\/\/collection.galerie-gerdes.com\/da\/wp-json\/wp\/v2\/product_brand?post=3944"},{"taxonomy":"product_cat","embeddable":true,"href":"https:\/\/collection.galerie-gerdes.com\/da\/wp-json\/wp\/v2\/product_cat?post=3944"},{"taxonomy":"product_tag","embeddable":true,"href":"https:\/\/collection.galerie-gerdes.com\/da\/wp-json\/wp\/v2\/product_tag?post=3944"}],"curies":[{"name":"wp","href":"https:\/\/api.w.org\/{rel}","templated":true}]}}