{"id":5488,"date":"2024-04-21T12:29:22","date_gmt":"2024-04-21T10:29:22","guid":{"rendered":"https:\/\/collection.galerie-gerdes.com\/?post_type=product&#038;p=5488"},"modified":"2024-09-16T12:00:22","modified_gmt":"2024-09-16T10:00:22","slug":"politisches-portrat-1990-gemalde-von-mike-spike-froidl","status":"publish","type":"product","link":"https:\/\/collection.galerie-gerdes.com\/da\/p\/politisches-portrat-1990-gemalde-von-mike-spike-froidl\/","title":{"rendered":"Die heiligen drei K\u00f6nige als Portr\u00e4t 1990, Gem\u00e4lde von Mike Spike Froidl"},"content":{"rendered":"<div class=\"flex flex-grow flex-col max-w-full\">\n<div class=\"min-h-[20px] text-message flex flex-col items-start whitespace-pre-wrap break-words [.text-message+&amp;]:mt-5 juice:w-full juice:items-end overflow-x-auto gap-2\" dir=\"auto\" data-message-author-role=\"assistant\" data-message-id=\"a599455b-fee8-43af-81af-4bb659878f4b\">\n<div class=\"flex w-full flex-col gap-1 juice:empty:hidden juice:first:pt-[3px]\">\n<div class=\"markdown prose w-full break-words dark:prose-invert dark\">\n<p>Michael &#8220;Mike Spike&#8221; Froidl (* 17. Dezember 1964 in Regen, Bayerischer Wald) ist ein deutscher bildender K\u00fcnstler sowie Film- und Buchautor.<\/p>\n<p>Froidl wuchs ab 1970 in M\u00fcnchen auf. Von 1985 bis 1991 studierte er Malerei an der Akademie der Bildenden K\u00fcnste M\u00fcnchen bei Robin &#8220;Bluebeard&#8221; Page, der ihn zum Meistersch\u00fcler ernannte. Von 1994 bis 1997 war Froidl Assistent in der Klasse Page. Parallel dazu erhielt er von 1990 bis 1998 Unterricht beim Zenm\u00f6nch K. Kuwahara in fern\u00f6stlicher Kalligraphie.<\/p>\n<p>Schon in seiner Kindheit in den 1970er Jahren wurde Froidl sowohl von der Comickultur als auch von den Werken der alten Meister wie Albrecht D\u00fcrer beeinflusst. Tats\u00e4chlich lie\u00df er sich mehrere D\u00fcrermotive wie \u201eDie vier Reiter der Apokalypse\u201c und \u201eRitter, Tod und Teufel\u201c gro\u00dffl\u00e4chig t\u00e4towieren. Im Jahr 1990 war er Gast in der Live-Talkshow Club 2 des \u00f6sterreichischen Fernsehens, um als Kunstmaler \u00fcber das Ph\u00e4nomen T\u00e4towierung zu diskutieren. Zu seinen k\u00fcnstlerischen Einfl\u00fcssen z\u00e4hlen auch moderne K\u00fcnstler wie Toulouse-Lautrec und Egon Schiele.<\/p>\n<p>Seit Mitte der 1980er Jahre ist Froidl in der M\u00fcnchener Punkszene aktiv. Auf einer seiner Punkgeburtstagsfeiern im Dezember 1985 f\u00e4rbten Froidl und seine Freunde den Bart des eingeladenen Professors Robin Page blau. Dies inspirierte Page dazu, seinen Bart dauerhaft blau zu tragen und sich &#8220;Bluebeard&#8221; zu nennen.<\/p>\n<p>1986 gr\u00fcndete Froidl die Aktions- und Performancegruppe \u201eFlexheadorden\u201c und begann mit der Produktion von Film- und Fotowerken. Zudem vertiefte er sich in Kampfkunst und erlangte Meisterschaften im philippinischen Modern Arnis und im japanischen Aikido. Die Werke dieser Zeit sind durch eine comichafte Bildsprache gekennzeichnet, wie zum Beispiel die Portr\u00e4tserie ber\u00fchmter deutscher Punks und die Schlachtenbilder \u00fcber die Jugoslawienkriege und den Zweiten Golfkrieg.<\/p>\n<p>Ab Mitte der 1990er Jahre beeinflusste das Kalligraphiestudium bei Kuwahara seine Malerei, in der mehr asiatische Bildelemente und Kompositionskonzepte auftauchten. 1992 reiste er in selbstgebauter Ritterr\u00fcstung als moderner Don Quijote durch Spanien und dokumentierte dies in Film, Fotos und Zeichnungen. Diese Performance brachte ihm den Beinamen \u201eDon Chaos\u201c ein. 1997 f\u00fchrte ihn eine Reise nach China, die zu dem Film \u201eDon Chaos-Tse\u201c f\u00fchrte. Im gleichen Jahr ver\u00f6ffentlichte er das Buch \u201ePogo-Do \u2013 der Weg des Kampftanzes\u201c.<\/p>\n<p>Nach seinem Umzug nach Berlin im Jahr 1998 begann Froidl, Rollbilder im Stil der japanischen Kakemono zu malen. Seine Werke verbinden fern\u00f6stliche und westliche Maltechniken mit politischen und gesellschaftskritischen Botschaften. Auch Drucktechniken wie Linolschnitt flie\u00dfen in seine Arbeiten ein.<\/p>\n<p>2005 sorgte eine Strafanzeige der bayerischen Polizei wegen angeblicher Verbreitung von Pornografie f\u00fcr Aufsehen. Froidls Werk wurde beschlagnahmt, jedoch stellte die Staatsanwaltschaft M\u00fcnchen das Verfahren ein und best\u00e4tigte, dass Froidls Kunst keine Pornografie darstellt. 2013 erhielt das Kulturprojekt 84 GHz, bei dem Froidl involviert war, den Schwabinger Kunstpreis.<\/p>\n<p>Mit Bildserien wie \u201eClimate Change\u201c, \u201eFukushima\u201c und \u201eFestung Europa\u201c reagiert Froidl auf die politischen und gesellschaftlichen Ver\u00e4nderungen und Herausforderungen der Gegenwart.<\/p>\n<\/div>\n<\/div>\n<\/div>\n<\/div>\n<div class=\"mt-1 flex gap-3 empty:hidden juice:-ml-3\">\n<div class=\"items-center justify-start rounded-xl p-1 flex\">\n<div class=\"flex items-center\"><button class=\"rounded-lg text-token-text-secondary hover:bg-token-main-surface-secondary\"><\/button><button class=\"rounded-lg text-token-text-secondary hover:bg-token-main-surface-secondary\"><\/button><\/p>\n<div class=\"flex\"><\/div>\n<div class=\"flex items-center pb-0.5 juice:pb-0\">\n<div class=\"[&amp;_svg]:h-full [&amp;_svg]:w-full icon-md h-4 w-4\"><\/div>\n<\/div>\n<\/div>\n<\/div>\n<\/div>\n","protected":false},"excerpt":{"rendered":"<p>Mike Spike Froidl (*1964)<\/p>\n","protected":false},"featured_media":5536,"template":"","meta":{"site-sidebar-layout":"default","site-content-layout":"","ast-site-content-layout":"default","site-content-style":"default","site-sidebar-style":"default","ast-global-header-display":"","ast-banner-title-visibility":"","ast-main-header-display":"","ast-hfb-above-header-display":"","ast-hfb-below-header-display":"","ast-hfb-mobile-header-display":"","site-post-title":"","ast-breadcrumbs-content":"","ast-featured-img":"","footer-sml-layout":"","ast-disable-related-posts":"","theme-transparent-header-meta":"default","adv-header-id-meta":"","stick-header-meta":"","header-above-stick-meta":"","header-main-stick-meta":"","header-below-stick-meta":"","astra-migrate-meta-layouts":"set","ast-page-background-enabled":"default","ast-page-background-meta":{"desktop":{"background-color":"var(--ast-global-color-4)","background-image":"","background-repeat":"repeat","background-position":"center center","background-size":"auto","background-attachment":"scroll","background-type":"","background-media":"","overlay-type":"","overlay-color":"","overlay-opacity":"","overlay-gradient":""},"tablet":{"background-color":"","background-image":"","background-repeat":"repeat","background-position":"center center","background-size":"auto","background-attachment":"scroll","background-type":"","background-media":"","overlay-type":"","overlay-color":"","overlay-opacity":"","overlay-gradient":""},"mobile":{"background-color":"","background-image":"","background-repeat":"repeat","background-position":"center center","background-size":"auto","background-attachment":"scroll","background-type":"","background-media":"","overlay-type":"","overlay-color":"","overlay-opacity":"","overlay-gradient":""}},"ast-content-background-meta":{"desktop":{"background-color":"var(--ast-global-color-5)","background-image":"","background-repeat":"repeat","background-position":"center center","background-size":"auto","background-attachment":"scroll","background-type":"","background-media":"","overlay-type":"","overlay-color":"","overlay-opacity":"","overlay-gradient":""},"tablet":{"background-color":"var(--ast-global-color-5)","background-image":"","background-repeat":"repeat","background-position":"center center","background-size":"auto","background-attachment":"scroll","background-type":"","background-media":"","overlay-type":"","overlay-color":"","overlay-opacity":"","overlay-gradient":""},"mobile":{"background-color":"var(--ast-global-color-5)","background-image":"","background-repeat":"repeat","background-position":"center center","background-size":"auto","background-attachment":"scroll","background-type":"","background-media":"","overlay-type":"","overlay-color":"","overlay-opacity":"","overlay-gradient":""}}},"product_brand":[],"product_cat":[52,25,179,346,267],"product_tag":[364,362,363,74,361,365,14383,14382],"class_list":{"0":"post-5488","1":"product","2":"type-product","3":"status-publish","4":"has-post-thumbnail","6":"product_cat-20th-century","7":"product_cat-deutsch","8":"product_cat-gemaelde","9":"product_cat-mike-spike-froidl","10":"product_cat-oelgemaelde","11":"product_tag-art","12":"product_tag-gemalde","13":"product_tag-kunst","14":"product_tag-painting","15":"product_tag-peintures","16":"product_tag-pittura","17":"product_tag-sehr-gross","18":"product_tag-speditionsversand","19":"desktop-align-center","20":"tablet-align-left","21":"mobile-align-left","23":"first","24":"instock","25":"taxable","26":"shipping-taxable","27":"product-type-simple"},"_links":{"self":[{"href":"https:\/\/collection.galerie-gerdes.com\/da\/wp-json\/wp\/v2\/product\/5488","targetHints":{"allow":["GET"]}}],"collection":[{"href":"https:\/\/collection.galerie-gerdes.com\/da\/wp-json\/wp\/v2\/product"}],"about":[{"href":"https:\/\/collection.galerie-gerdes.com\/da\/wp-json\/wp\/v2\/types\/product"}],"wp:featuredmedia":[{"embeddable":true,"href":"https:\/\/collection.galerie-gerdes.com\/da\/wp-json\/wp\/v2\/media\/5536"}],"wp:attachment":[{"href":"https:\/\/collection.galerie-gerdes.com\/da\/wp-json\/wp\/v2\/media?parent=5488"}],"wp:term":[{"taxonomy":"product_brand","embeddable":true,"href":"https:\/\/collection.galerie-gerdes.com\/da\/wp-json\/wp\/v2\/product_brand?post=5488"},{"taxonomy":"product_cat","embeddable":true,"href":"https:\/\/collection.galerie-gerdes.com\/da\/wp-json\/wp\/v2\/product_cat?post=5488"},{"taxonomy":"product_tag","embeddable":true,"href":"https:\/\/collection.galerie-gerdes.com\/da\/wp-json\/wp\/v2\/product_tag?post=5488"}],"curies":[{"name":"wp","href":"https:\/\/api.w.org\/{rel}","templated":true}]}}