{"id":6839,"date":"2024-05-18T14:38:20","date_gmt":"2024-05-18T12:38:20","guid":{"rendered":"https:\/\/collection.galerie-gerdes.com\/?post_type=product&#038;p=6839"},"modified":"2024-05-18T14:38:22","modified_gmt":"2024-05-18T12:38:22","slug":"ansicht-der-stadt-mecheln-belgien-1955-gemaelde-von-babara-englaender","status":"publish","type":"product","link":"https:\/\/collection.galerie-gerdes.com\/da\/p\/ansicht-der-stadt-mecheln-belgien-1955-gemaelde-von-babara-englaender\/","title":{"rendered":"Ansicht der Stadt Mecheln (Belgien) 1955 | Gem\u00e4lde von Babara ENGLAENDER"},"content":{"rendered":"<p>Barbara (\u201eBabs\u201c) Englaender (* 24. Juli 1922 in Berga\/Elster; verheiratete Hartmann) ist eine deutsche Malerin und Zeichnerin.<\/p>\n<p>Englaender studierte an der Akademie der Bildenden K\u00fcnste M\u00fcnchen, wo sie von Franz Klemmer unterrichtet wurde. Sie ist Mitglied der Neuen Gruppe und des Deutschen K\u00fcnstlerbundes. Seit 1955 nimmt sie regelm\u00e4\u00dfig an der Gro\u00dfen Kunstausstellung im Haus der Kunst in M\u00fcnchen teil.<\/p>\n<p>Englaenders k\u00fcnstlerisches Werk konzentriert sich vor allem auf Aquarelle und Bleistiftzeichnungen. Ein h\u00e4ufiges Motiv in ihren Arbeiten sind ihre eigenen Tiere, die sie auf dem Gockelhof in Rottach-Egern h\u00e4lt und zeichnet.<\/p>\n<p>Sie war mit dem Maler Adolf Hartmann verheiratet. F\u00fcr ihre Verdienste wurde sie 1971 mit dem Verdienstkreuz 1. Klasse der Bundesrepublik Deutschland ausgezeichnet.<\/p>\n","protected":false},"excerpt":{"rendered":"<p>Babs ENGLAENDER (1922)<\/p>\n","protected":false},"featured_media":6843,"template":"","meta":{"site-sidebar-layout":"default","site-content-layout":"","ast-site-content-layout":"default","site-content-style":"default","site-sidebar-style":"default","ast-global-header-display":"","ast-banner-title-visibility":"","ast-main-header-display":"","ast-hfb-above-header-display":"","ast-hfb-below-header-display":"","ast-hfb-mobile-header-display":"","site-post-title":"","ast-breadcrumbs-content":"","ast-featured-img":"","footer-sml-layout":"","ast-disable-related-posts":"","theme-transparent-header-meta":"default","adv-header-id-meta":"","stick-header-meta":"","header-above-stick-meta":"","header-main-stick-meta":"","header-below-stick-meta":"","astra-migrate-meta-layouts":"set","ast-page-background-enabled":"default","ast-page-background-meta":{"desktop":{"background-color":"var(--ast-global-color-4)","background-image":"","background-repeat":"repeat","background-position":"center center","background-size":"auto","background-attachment":"scroll","background-type":"","background-media":"","overlay-type":"","overlay-color":"","overlay-opacity":"","overlay-gradient":""},"tablet":{"background-color":"","background-image":"","background-repeat":"repeat","background-position":"center center","background-size":"auto","background-attachment":"scroll","background-type":"","background-media":"","overlay-type":"","overlay-color":"","overlay-opacity":"","overlay-gradient":""},"mobile":{"background-color":"","background-image":"","background-repeat":"repeat","background-position":"center center","background-size":"auto","background-attachment":"scroll","background-type":"","background-media":"","overlay-type":"","overlay-color":"","overlay-opacity":"","overlay-gradient":""}},"ast-content-background-meta":{"desktop":{"background-color":"var(--ast-global-color-5)","background-image":"","background-repeat":"repeat","background-position":"center center","background-size":"auto","background-attachment":"scroll","background-type":"","background-media":"","overlay-type":"","overlay-color":"","overlay-opacity":"","overlay-gradient":""},"tablet":{"background-color":"var(--ast-global-color-5)","background-image":"","background-repeat":"repeat","background-position":"center center","background-size":"auto","background-attachment":"scroll","background-type":"","background-media":"","overlay-type":"","overlay-color":"","overlay-opacity":"","overlay-gradient":""},"mobile":{"background-color":"var(--ast-global-color-5)","background-image":"","background-repeat":"repeat","background-position":"center center","background-size":"auto","background-attachment":"scroll","background-type":"","background-media":"","overlay-type":"","overlay-color":"","overlay-opacity":"","overlay-gradient":""}}},"product_brand":[],"product_cat":[52,392,25,179,267],"product_tag":[],"class_list":{"0":"post-6839","1":"product","2":"type-product","3":"status-publish","4":"has-post-thumbnail","6":"product_cat-20th-century","7":"product_cat-babs-englaender","8":"product_cat-deutsch","9":"product_cat-gemaelde","10":"product_cat-oelgemaelde","11":"desktop-align-center","12":"tablet-align-left","13":"mobile-align-left","15":"first","16":"instock","17":"taxable","18":"shipping-taxable","19":"product-type-simple"},"_links":{"self":[{"href":"https:\/\/collection.galerie-gerdes.com\/da\/wp-json\/wp\/v2\/product\/6839","targetHints":{"allow":["GET"]}}],"collection":[{"href":"https:\/\/collection.galerie-gerdes.com\/da\/wp-json\/wp\/v2\/product"}],"about":[{"href":"https:\/\/collection.galerie-gerdes.com\/da\/wp-json\/wp\/v2\/types\/product"}],"wp:featuredmedia":[{"embeddable":true,"href":"https:\/\/collection.galerie-gerdes.com\/da\/wp-json\/wp\/v2\/media\/6843"}],"wp:attachment":[{"href":"https:\/\/collection.galerie-gerdes.com\/da\/wp-json\/wp\/v2\/media?parent=6839"}],"wp:term":[{"taxonomy":"product_brand","embeddable":true,"href":"https:\/\/collection.galerie-gerdes.com\/da\/wp-json\/wp\/v2\/product_brand?post=6839"},{"taxonomy":"product_cat","embeddable":true,"href":"https:\/\/collection.galerie-gerdes.com\/da\/wp-json\/wp\/v2\/product_cat?post=6839"},{"taxonomy":"product_tag","embeddable":true,"href":"https:\/\/collection.galerie-gerdes.com\/da\/wp-json\/wp\/v2\/product_tag?post=6839"}],"curies":[{"name":"wp","href":"https:\/\/api.w.org\/{rel}","templated":true}]}}