{"id":230059,"date":"2024-08-28T22:52:34","date_gmt":"2024-08-28T20:52:34","guid":{"rendered":"https:\/\/www.collection.galerie-gerdes.com\/?post_type=product&#038;p=230059"},"modified":"2024-09-03T20:43:45","modified_gmt":"2024-09-03T18:43:45","slug":"stillleben-blumenvase-1923-gemaelde-von-hermann-hoerner","status":"publish","type":"product","link":"https:\/\/collection.galerie-gerdes.com\/de\/p\/stillleben-blumenvase-1923-gemaelde-von-hermann-hoerner\/","title":{"rendered":"Stillleben Blumenvase, 1923 | Gem\u00e4lde von Hermann H\u00f6rner"},"content":{"rendered":"<p>Herrmann H\u00f6rner (1904\u20131964) war ein deutscher Maler. Er studierte von 1920 bis 1922 an der Kunstakademie Stuttgart und setzte seine Ausbildung von 1922 bis 1926 an der Kunsthochschule Berlin fort. Zwischen 1926 und 1928 besuchte er die Ecole des Beaux-Arts in Paris. 1928 hatte er eine Einzelausstellung in der Galerie Neumann-Nierendorf in Berlin. Ab 1929 arbeitete er als freischaffender K\u00fcnstler in Berlin. Er nahm 1938 an der Ausstellung &#8222;Berliner Kunst&#8220; des Vereins Berliner K\u00fcnstler teil und war 1939 in der &#8222;Gast-Ausstellung im Verein Berliner K\u00fcnstler&#8220; vertreten. Ab 1959 war er als freischaffender K\u00fcnstler in Schw\u00e4bisch Gm\u00fcnd t\u00e4tig.<\/p>\n","protected":false},"excerpt":{"rendered":"<p>Herrmann H\u00f6rner (1904\u20131964)<br \/>\nAn mehreren Stellen Farbfehlstellen\/-abplatzer.<\/p>\n","protected":false},"featured_media":230881,"template":"","meta":{"site-sidebar-layout":"default","site-content-layout":"","ast-site-content-layout":"default","site-content-style":"default","site-sidebar-style":"default","ast-global-header-display":"","ast-banner-title-visibility":"","ast-main-header-display":"","ast-hfb-above-header-display":"","ast-hfb-below-header-display":"","ast-hfb-mobile-header-display":"","site-post-title":"","ast-breadcrumbs-content":"","ast-featured-img":"","footer-sml-layout":"","ast-disable-related-posts":"","theme-transparent-header-meta":"default","adv-header-id-meta":"","stick-header-meta":"","header-above-stick-meta":"","header-main-stick-meta":"","header-below-stick-meta":"","astra-migrate-meta-layouts":"set","ast-page-background-enabled":"default","ast-page-background-meta":{"desktop":{"background-color":"var(--ast-global-color-4)","background-image":"","background-repeat":"repeat","background-position":"center center","background-size":"auto","background-attachment":"scroll","background-type":"","background-media":"","overlay-type":"","overlay-color":"","overlay-opacity":"","overlay-gradient":""},"tablet":{"background-color":"","background-image":"","background-repeat":"repeat","background-position":"center center","background-size":"auto","background-attachment":"scroll","background-type":"","background-media":"","overlay-type":"","overlay-color":"","overlay-opacity":"","overlay-gradient":""},"mobile":{"background-color":"","background-image":"","background-repeat":"repeat","background-position":"center center","background-size":"auto","background-attachment":"scroll","background-type":"","background-media":"","overlay-type":"","overlay-color":"","overlay-opacity":"","overlay-gradient":""}},"ast-content-background-meta":{"desktop":{"background-color":"var(--ast-global-color-5)","background-image":"","background-repeat":"repeat","background-position":"center center","background-size":"auto","background-attachment":"scroll","background-type":"","background-media":"","overlay-type":"","overlay-color":"","overlay-opacity":"","overlay-gradient":""},"tablet":{"background-color":"var(--ast-global-color-5)","background-image":"","background-repeat":"repeat","background-position":"center center","background-size":"auto","background-attachment":"scroll","background-type":"","background-media":"","overlay-type":"","overlay-color":"","overlay-opacity":"","overlay-gradient":""},"mobile":{"background-color":"var(--ast-global-color-5)","background-image":"","background-repeat":"repeat","background-position":"center center","background-size":"auto","background-attachment":"scroll","background-type":"","background-media":"","overlay-type":"","overlay-color":"","overlay-opacity":"","overlay-gradient":""}}},"product_brand":[],"product_cat":[14364],"product_tag":[],"class_list":{"0":"post-230059","1":"product","2":"type-product","3":"status-publish","4":"has-post-thumbnail","6":"product_cat-hermann-hoerner","7":"desktop-align-center","8":"tablet-align-left","9":"mobile-align-left","11":"first","12":"instock","13":"taxable","14":"shipping-taxable","15":"product-type-simple"},"_links":{"self":[{"href":"https:\/\/collection.galerie-gerdes.com\/de\/wp-json\/wp\/v2\/product\/230059","targetHints":{"allow":["GET"]}}],"collection":[{"href":"https:\/\/collection.galerie-gerdes.com\/de\/wp-json\/wp\/v2\/product"}],"about":[{"href":"https:\/\/collection.galerie-gerdes.com\/de\/wp-json\/wp\/v2\/types\/product"}],"wp:featuredmedia":[{"embeddable":true,"href":"https:\/\/collection.galerie-gerdes.com\/de\/wp-json\/wp\/v2\/media\/230881"}],"wp:attachment":[{"href":"https:\/\/collection.galerie-gerdes.com\/de\/wp-json\/wp\/v2\/media?parent=230059"}],"wp:term":[{"taxonomy":"product_brand","embeddable":true,"href":"https:\/\/collection.galerie-gerdes.com\/de\/wp-json\/wp\/v2\/product_brand?post=230059"},{"taxonomy":"product_cat","embeddable":true,"href":"https:\/\/collection.galerie-gerdes.com\/de\/wp-json\/wp\/v2\/product_cat?post=230059"},{"taxonomy":"product_tag","embeddable":true,"href":"https:\/\/collection.galerie-gerdes.com\/de\/wp-json\/wp\/v2\/product_tag?post=230059"}],"curies":[{"name":"wp","href":"https:\/\/api.w.org\/{rel}","templated":true}]}}