{"id":280053,"date":"2024-11-21T22:03:14","date_gmt":"2024-11-21T21:03:14","guid":{"rendered":"https:\/\/www.collection.galerie-gerdes.com\/?post_type=product&#038;p=280053"},"modified":"2024-12-18T16:46:14","modified_gmt":"2024-12-18T15:46:14","slug":"truthahn-lithographie-in-rot-von-henri-verstijnen","status":"publish","type":"product","link":"https:\/\/collection.galerie-gerdes.com\/de\/p\/truthahn-lithographie-in-rot-von-henri-verstijnen\/","title":{"rendered":"Truthahn | Lithographie in rot von HENRI VERSTIJNEN"},"content":{"rendered":"<p>Henri Cornelis Gerard Marie Verstijnen (* 9. Juli 1882 in Sukabumi, Java; \u2020 11. Januar 1940 in Scheveningen) war ein niederl\u00e4ndischer bildender K\u00fcnstler. Er arbeitete als Zeichner, Grafiker, Illustrator, Maler und Bildhauer. Die Themen seiner Werke kreisen h\u00e4ufig um Natur und Tiere, mit besonderem Schwerpunkt auf V\u00f6geln und Fischen.<\/p>\n<p>Die ersten zehn Jahre seines Lebens verbrachte Verstijnen auf Java. Tropische Einfl\u00fcsse aus dieser Zeit spiegeln sich in einigen seiner Werke wider. Er studierte von 1898 bis 1900 an der Akademie des Genootschap <em>Kunstoefening<\/em> in Arnheim. Ab 1900 war er als Plattendekorateur in der Keramikfabrik Zuid-Holland in Gouda t\u00e4tig. Zwischen 1904 und 1906 arbeitete er als Designer in der Keramik- und Metallindustrie in B\u00f6hmen und sp\u00e4ter nach seiner R\u00fcckkehr in die Niederlande bei der Soci\u00e9t\u00e9 C\u00e9ramique in Maastricht.<\/p>\n<p>Von 1918 bis 1940 lebte und arbeitete Verstijnen in Den Haag, wo er Mitglied der <em>Haagse Kunstkring<\/em> und des Malervereins <em>Pulchri Studio<\/em> war. Dort stellte er regelm\u00e4\u00dfig seine Gem\u00e4lde und Aquarelle aus. Ein breiteres Publikum erreichte er durch seine Tierkarikaturen, die in Zeitschriften wie <em>De Nieuwe Amsterdammer<\/em> (1910\u20131920) und <em>De Groene Amsterdammer<\/em> (1923\u20131927) erschienen. F\u00fcr letztere wurden seine satirischen Tierzeichnungen von Gedichten des Autors Charivarius (Pseudonym von G.J. Nolst Trenit\u00e9) begleitet.<\/p>\n<p>Verstijnen illustrierte zudem Kinder- und Schulb\u00fccher und arbeitete als Werbegrafiker. Er entwarf Karten und Kalender, oft mit Tiermotiven. Besonders bemerkenswert ist seine innovative Drucktechnik, die er <em>Grafico<\/em> nannte \u2013 eine Kombination aus Lithografie und Radierung, \u00fcber die er jedoch nur wenig dokumentierte.<\/p>\n<p>Die Natur und Tierwelt, insbesondere V\u00f6gel und Fische, pr\u00e4gten sein gesamtes k\u00fcnstlerisches Schaffen. Seit 1910 war er Mitglied der Theosophischen Gesellschaft, deren Gedankengut seinen Stil beeinflusste. Verstijnens Werk geh\u00f6rt stilistisch dem <em>Fin de Si\u00e8cle<\/em> an, enth\u00e4lt jedoch auch Elemente des Japonismus, des Jugendstils und des Symbolismus.<\/p>\n<p>W\u00e4hrend seiner Lebenszeit war Verstijnen ein popul\u00e4rer K\u00fcnstler, geriet jedoch in der zweiten H\u00e4lfte des 20. Jahrhunderts in Vergessenheit. 2006 wurde sein Leben und Werk in einer Monografie von A. Wagtbert Hansen und A. Kroon dokumentiert. Eine gro\u00dfe Retrospektive fand 2007 im Drents Museum in Assen und im Museum Mesdag in Den Haag statt. Werke Verstijnens befinden sich unter anderem in der Sammlung des Rijksmuseums.<\/p>\n","protected":false},"excerpt":{"rendered":"<p>HENRI VERSTIJNEN (1882-1940)<\/p>\n","protected":false},"featured_media":280084,"template":"","meta":{"site-sidebar-layout":"default","site-content-layout":"","ast-site-content-layout":"default","site-content-style":"default","site-sidebar-style":"default","ast-global-header-display":"","ast-banner-title-visibility":"","ast-main-header-display":"","ast-hfb-above-header-display":"","ast-hfb-below-header-display":"","ast-hfb-mobile-header-display":"","site-post-title":"","ast-breadcrumbs-content":"","ast-featured-img":"","footer-sml-layout":"","ast-disable-related-posts":"","theme-transparent-header-meta":"default","adv-header-id-meta":"","stick-header-meta":"","header-above-stick-meta":"","header-main-stick-meta":"","header-below-stick-meta":"","astra-migrate-meta-layouts":"set","ast-page-background-enabled":"default","ast-page-background-meta":{"desktop":{"background-color":"var(--ast-global-color-4)","background-image":"","background-repeat":"repeat","background-position":"center center","background-size":"auto","background-attachment":"scroll","background-type":"","background-media":"","overlay-type":"","overlay-color":"","overlay-opacity":"","overlay-gradient":""},"tablet":{"background-color":"","background-image":"","background-repeat":"repeat","background-position":"center center","background-size":"auto","background-attachment":"scroll","background-type":"","background-media":"","overlay-type":"","overlay-color":"","overlay-opacity":"","overlay-gradient":""},"mobile":{"background-color":"","background-image":"","background-repeat":"repeat","background-position":"center center","background-size":"auto","background-attachment":"scroll","background-type":"","background-media":"","overlay-type":"","overlay-color":"","overlay-opacity":"","overlay-gradient":""}},"ast-content-background-meta":{"desktop":{"background-color":"var(--ast-global-color-5)","background-image":"","background-repeat":"repeat","background-position":"center center","background-size":"auto","background-attachment":"scroll","background-type":"","background-media":"","overlay-type":"","overlay-color":"","overlay-opacity":"","overlay-gradient":""},"tablet":{"background-color":"var(--ast-global-color-5)","background-image":"","background-repeat":"repeat","background-position":"center center","background-size":"auto","background-attachment":"scroll","background-type":"","background-media":"","overlay-type":"","overlay-color":"","overlay-opacity":"","overlay-gradient":""},"mobile":{"background-color":"var(--ast-global-color-5)","background-image":"","background-repeat":"repeat","background-position":"center center","background-size":"auto","background-attachment":"scroll","background-type":"","background-media":"","overlay-type":"","overlay-color":"","overlay-opacity":"","overlay-gradient":""}}},"product_brand":[],"product_cat":[52,14277,14687,127,421],"product_tag":[],"class_list":{"0":"post-280053","1":"product","2":"type-product","3":"status-publish","4":"has-post-thumbnail","6":"product_cat-20th-century","7":"product_cat-druck","8":"product_cat-henri-verstijnen","9":"product_cat-niederlaendisch","10":"product_cat-tiere","11":"desktop-align-center","12":"tablet-align-left","13":"mobile-align-left","15":"first","16":"instock","17":"taxable","18":"shipping-taxable","19":"product-type-simple"},"_links":{"self":[{"href":"https:\/\/collection.galerie-gerdes.com\/de\/wp-json\/wp\/v2\/product\/280053","targetHints":{"allow":["GET"]}}],"collection":[{"href":"https:\/\/collection.galerie-gerdes.com\/de\/wp-json\/wp\/v2\/product"}],"about":[{"href":"https:\/\/collection.galerie-gerdes.com\/de\/wp-json\/wp\/v2\/types\/product"}],"wp:featuredmedia":[{"embeddable":true,"href":"https:\/\/collection.galerie-gerdes.com\/de\/wp-json\/wp\/v2\/media\/280084"}],"wp:attachment":[{"href":"https:\/\/collection.galerie-gerdes.com\/de\/wp-json\/wp\/v2\/media?parent=280053"}],"wp:term":[{"taxonomy":"product_brand","embeddable":true,"href":"https:\/\/collection.galerie-gerdes.com\/de\/wp-json\/wp\/v2\/product_brand?post=280053"},{"taxonomy":"product_cat","embeddable":true,"href":"https:\/\/collection.galerie-gerdes.com\/de\/wp-json\/wp\/v2\/product_cat?post=280053"},{"taxonomy":"product_tag","embeddable":true,"href":"https:\/\/collection.galerie-gerdes.com\/de\/wp-json\/wp\/v2\/product_tag?post=280053"}],"curies":[{"name":"wp","href":"https:\/\/api.w.org\/{rel}","templated":true}]}}