{"id":294975,"date":"2024-12-12T17:40:28","date_gmt":"2024-12-12T16:40:28","guid":{"rendered":"https:\/\/www.collection.galerie-gerdes.com\/?post_type=product&#038;p=294975"},"modified":"2024-12-18T16:46:07","modified_gmt":"2024-12-18T15:46:07","slug":"der-watzmann-gemaelde-von-will-klinger-franken","status":"publish","type":"product","link":"https:\/\/collection.galerie-gerdes.com\/de\/p\/der-watzmann-gemaelde-von-will-klinger-franken\/","title":{"rendered":"Der Watzmann | Gem\u00e4lde von Will Klinger-Franken | Bayerische Landschaft mit Wiese"},"content":{"rendered":"<p><strong>Will Klinger-Franken<\/strong> (* 21. September 1909 in Veitsh\u00f6chheim; \u2020 31. M\u00e4rz 1986 in Ramsau bei Berchtesgaden) war ein deutscher Kunstmaler, dessen Werke sich durch die Darstellungen von Kulturlandschaften und Industriemotiven auszeichnen.<\/p>\n<p>Bereits im Alter von sechs Jahren wurde Klinger von dem Impressionisten Peter W\u00fcrth im Zeichnen unterrichtet. Ab 1923 erhielt er in W\u00fcrzburg eine Ausbildung zum Kirchenmaler und studierte parallel bei Professor Heiner Dikreiter an der Kunstschule. Schon 1925 er\u00f6ffnete er sein erstes Atelier in W\u00fcrzburg. 1930 zog er nach M\u00fcnchen, wo er ein zehnj\u00e4hriges Studium an der Akademie der Bildenden K\u00fcnste absolvierte. Studienaufenthalte f\u00fchrten ihn 1935 und 1937 nach Italien, was seine k\u00fcnstlerische Entwicklung nachhaltig pr\u00e4gte.<\/p>\n<p>W\u00e4hrend der Kriegsjahre arbeitete Klinger neben seiner Kunst als Restaurator am Bayerischen Landesamt f\u00fcr Denkmalpflege in M\u00fcnchen unter der Leitung von Professor Schmuderer. Nach der Zerst\u00f6rung seines M\u00fcnchner Ateliers wurde er 1944 mit seiner Frau Anita Mueller, die er 1941 geheiratet hatte, nach Benediktbeuern evakuiert. Ab 1946 lebte die Familie vor\u00fcbergehend in Worpswede und kehrte 1948 nach Veitsh\u00f6chheim zur\u00fcck.<\/p>\n<p>Ab 1948 verbrachte Klinger mit seiner Familie regelm\u00e4\u00dfig die Sommermonate im Chiemgau und im Berchtesgadener Land. Schlie\u00dflich baute er 1960 in Ramsau bei Berchtesgaden ein Haus, das zu seinem Lebensmittelpunkt wurde. Seine Kinder, Eva Klinger-R\u00f6mhild (Bildhauerei und Keramik) und Thomas Klinger (Fotografie), traten ebenfalls in k\u00fcnstlerische Fu\u00dfstapfen.<\/p>\n<p>Seine fr\u00fchen Werke besch\u00e4ftigten sich vor allem mit Industrielandschaften in Bremen und Bremerhaven, w\u00e4hrend sein sp\u00e4teres Schaffen von der Kulturlandschaft zwischen Inn und Salzach gepr\u00e4gt war. Insbesondere die Landschaften seiner Wahlheimat Ramsau inspirierten ihn nachhaltig.<\/p>\n<p>Will Klinger-Franken stellte seine Werke unter anderem in M\u00fcnchen, Salzburg, Burghausen, Hallein und Traunstein aus. Er war Mitglied im Berufsverband Bildender K\u00fcnstler in M\u00fcnchen, in der Vereinigung Kunstschaffender in Unterfranken sowie im Berchtesgadener K\u00fcnstlerbund.<\/p>\n<p>Sein Werk verbindet eine pr\u00e4zise Beobachtungsgabe mit einer tiefen Wertsch\u00e4tzung f\u00fcr die dargestellten Landschaften und ihre kulturelle Bedeutung.<\/p>\n","protected":false},"excerpt":{"rendered":"<p>Will Klinger-Franken (1909-1986)<\/p>\n","protected":false},"featured_media":295195,"template":"","meta":{"site-sidebar-layout":"default","site-content-layout":"","ast-site-content-layout":"default","site-content-style":"default","site-sidebar-style":"default","ast-global-header-display":"","ast-banner-title-visibility":"","ast-main-header-display":"","ast-hfb-above-header-display":"","ast-hfb-below-header-display":"","ast-hfb-mobile-header-display":"","site-post-title":"","ast-breadcrumbs-content":"","ast-featured-img":"","footer-sml-layout":"","ast-disable-related-posts":"","theme-transparent-header-meta":"default","adv-header-id-meta":"","stick-header-meta":"","header-above-stick-meta":"","header-main-stick-meta":"","header-below-stick-meta":"","astra-migrate-meta-layouts":"set","ast-page-background-enabled":"default","ast-page-background-meta":{"desktop":{"background-color":"var(--ast-global-color-4)","background-image":"","background-repeat":"repeat","background-position":"center center","background-size":"auto","background-attachment":"scroll","background-type":"","background-media":"","overlay-type":"","overlay-color":"","overlay-opacity":"","overlay-gradient":""},"tablet":{"background-color":"","background-image":"","background-repeat":"repeat","background-position":"center center","background-size":"auto","background-attachment":"scroll","background-type":"","background-media":"","overlay-type":"","overlay-color":"","overlay-opacity":"","overlay-gradient":""},"mobile":{"background-color":"","background-image":"","background-repeat":"repeat","background-position":"center center","background-size":"auto","background-attachment":"scroll","background-type":"","background-media":"","overlay-type":"","overlay-color":"","overlay-opacity":"","overlay-gradient":""}},"ast-content-background-meta":{"desktop":{"background-color":"var(--ast-global-color-5)","background-image":"","background-repeat":"repeat","background-position":"center center","background-size":"auto","background-attachment":"scroll","background-type":"","background-media":"","overlay-type":"","overlay-color":"","overlay-opacity":"","overlay-gradient":""},"tablet":{"background-color":"var(--ast-global-color-5)","background-image":"","background-repeat":"repeat","background-position":"center center","background-size":"auto","background-attachment":"scroll","background-type":"","background-media":"","overlay-type":"","overlay-color":"","overlay-opacity":"","overlay-gradient":""},"mobile":{"background-color":"var(--ast-global-color-5)","background-image":"","background-repeat":"repeat","background-position":"center center","background-size":"auto","background-attachment":"scroll","background-type":"","background-media":"","overlay-type":"","overlay-color":"","overlay-opacity":"","overlay-gradient":""}}},"product_brand":[],"product_cat":[14724],"product_tag":[],"class_list":{"0":"post-294975","1":"product","2":"type-product","3":"status-publish","4":"has-post-thumbnail","6":"product_cat-will-klinger-franken","7":"desktop-align-center","8":"tablet-align-left","9":"mobile-align-left","11":"first","12":"instock","13":"taxable","14":"shipping-taxable","15":"product-type-simple"},"_links":{"self":[{"href":"https:\/\/collection.galerie-gerdes.com\/de\/wp-json\/wp\/v2\/product\/294975","targetHints":{"allow":["GET"]}}],"collection":[{"href":"https:\/\/collection.galerie-gerdes.com\/de\/wp-json\/wp\/v2\/product"}],"about":[{"href":"https:\/\/collection.galerie-gerdes.com\/de\/wp-json\/wp\/v2\/types\/product"}],"wp:featuredmedia":[{"embeddable":true,"href":"https:\/\/collection.galerie-gerdes.com\/de\/wp-json\/wp\/v2\/media\/295195"}],"wp:attachment":[{"href":"https:\/\/collection.galerie-gerdes.com\/de\/wp-json\/wp\/v2\/media?parent=294975"}],"wp:term":[{"taxonomy":"product_brand","embeddable":true,"href":"https:\/\/collection.galerie-gerdes.com\/de\/wp-json\/wp\/v2\/product_brand?post=294975"},{"taxonomy":"product_cat","embeddable":true,"href":"https:\/\/collection.galerie-gerdes.com\/de\/wp-json\/wp\/v2\/product_cat?post=294975"},{"taxonomy":"product_tag","embeddable":true,"href":"https:\/\/collection.galerie-gerdes.com\/de\/wp-json\/wp\/v2\/product_tag?post=294975"}],"curies":[{"name":"wp","href":"https:\/\/api.w.org\/{rel}","templated":true}]}}