{"id":3393,"date":"2024-02-29T12:00:02","date_gmt":"2024-02-29T11:00:02","guid":{"rendered":"https:\/\/collection.galerie-gerdes.com\/?post_type=product&#038;p=3393"},"modified":"2024-08-26T11:46:38","modified_gmt":"2024-08-26T09:46:38","slug":"herbst-landschaft-mit-bach-gemaelde-von-adolf-kapfhammer","status":"publish","type":"product","link":"https:\/\/collection.galerie-gerdes.com\/de\/p\/herbst-landschaft-mit-bach-gemaelde-von-adolf-kapfhammer\/","title":{"rendered":"Herbst Landschaft mit Bach, Gem\u00e4lde von Adolf Kapfhammer"},"content":{"rendered":"<p>Landschaftsmaler und Graphiker, studierte in Frankfurt, bereiste Holland, die Schweiz und Tirol, seit 1911 auf Ausstellungen im M\u00fcnchner Glaspalast vertreten, sowie auf anderen gro\u00dfen deutschen Kunstausstellungen, Mitglied im Reichsverband bildender K\u00fcnstler Deutschlands, der M\u00fcnchner K\u00fcnstlergenossenschaft und in der Allgemeinen Deutschen Kunstgenossenschaft, Bilder in den Museen von Freising und Ludwigshafen<\/p>\n","protected":false},"excerpt":{"rendered":"<p>Adolf Kapfhammer (1867 M\u00fcnchen &#8211; 1911 M\u00fcnchen)<br \/>\nSollte gereinigt werden<\/p>\n","protected":false},"featured_media":3406,"template":"","meta":{"site-sidebar-layout":"default","site-content-layout":"","ast-site-content-layout":"default","site-content-style":"default","site-sidebar-style":"default","ast-global-header-display":"","ast-banner-title-visibility":"","ast-main-header-display":"","ast-hfb-above-header-display":"","ast-hfb-below-header-display":"","ast-hfb-mobile-header-display":"","site-post-title":"","ast-breadcrumbs-content":"","ast-featured-img":"","footer-sml-layout":"","ast-disable-related-posts":"","theme-transparent-header-meta":"default","adv-header-id-meta":"","stick-header-meta":"","header-above-stick-meta":"","header-main-stick-meta":"","header-below-stick-meta":"","astra-migrate-meta-layouts":"set","ast-page-background-enabled":"default","ast-page-background-meta":{"desktop":{"background-color":"var(--ast-global-color-4)","background-image":"","background-repeat":"repeat","background-position":"center center","background-size":"auto","background-attachment":"scroll","background-type":"","background-media":"","overlay-type":"","overlay-color":"","overlay-opacity":"","overlay-gradient":""},"tablet":{"background-color":"","background-image":"","background-repeat":"repeat","background-position":"center center","background-size":"auto","background-attachment":"scroll","background-type":"","background-media":"","overlay-type":"","overlay-color":"","overlay-opacity":"","overlay-gradient":""},"mobile":{"background-color":"","background-image":"","background-repeat":"repeat","background-position":"center center","background-size":"auto","background-attachment":"scroll","background-type":"","background-media":"","overlay-type":"","overlay-color":"","overlay-opacity":"","overlay-gradient":""}},"ast-content-background-meta":{"desktop":{"background-color":"var(--ast-global-color-5)","background-image":"","background-repeat":"repeat","background-position":"center center","background-size":"auto","background-attachment":"scroll","background-type":"","background-media":"","overlay-type":"","overlay-color":"","overlay-opacity":"","overlay-gradient":""},"tablet":{"background-color":"var(--ast-global-color-5)","background-image":"","background-repeat":"repeat","background-position":"center center","background-size":"auto","background-attachment":"scroll","background-type":"","background-media":"","overlay-type":"","overlay-color":"","overlay-opacity":"","overlay-gradient":""},"mobile":{"background-color":"var(--ast-global-color-5)","background-image":"","background-repeat":"repeat","background-position":"center center","background-size":"auto","background-attachment":"scroll","background-type":"","background-media":"","overlay-type":"","overlay-color":"","overlay-opacity":"","overlay-gradient":""}}},"product_brand":[],"product_cat":[52,229,25,179,409],"product_tag":[364,362,363,74,361,365],"class_list":{"0":"post-3393","1":"product","2":"type-product","3":"status-publish","4":"has-post-thumbnail","6":"product_cat-20th-century","7":"product_cat-adolf-kapfhammer","8":"product_cat-deutsch","9":"product_cat-gemaelde","10":"product_cat-landschaft","11":"product_tag-art","12":"product_tag-gemalde","13":"product_tag-kunst","14":"product_tag-painting","15":"product_tag-peintures","16":"product_tag-pittura","17":"desktop-align-center","18":"tablet-align-left","19":"mobile-align-left","21":"first","22":"instock","23":"taxable","24":"shipping-taxable","25":"product-type-simple"},"_links":{"self":[{"href":"https:\/\/collection.galerie-gerdes.com\/de\/wp-json\/wp\/v2\/product\/3393","targetHints":{"allow":["GET"]}}],"collection":[{"href":"https:\/\/collection.galerie-gerdes.com\/de\/wp-json\/wp\/v2\/product"}],"about":[{"href":"https:\/\/collection.galerie-gerdes.com\/de\/wp-json\/wp\/v2\/types\/product"}],"wp:featuredmedia":[{"embeddable":true,"href":"https:\/\/collection.galerie-gerdes.com\/de\/wp-json\/wp\/v2\/media\/3406"}],"wp:attachment":[{"href":"https:\/\/collection.galerie-gerdes.com\/de\/wp-json\/wp\/v2\/media?parent=3393"}],"wp:term":[{"taxonomy":"product_brand","embeddable":true,"href":"https:\/\/collection.galerie-gerdes.com\/de\/wp-json\/wp\/v2\/product_brand?post=3393"},{"taxonomy":"product_cat","embeddable":true,"href":"https:\/\/collection.galerie-gerdes.com\/de\/wp-json\/wp\/v2\/product_cat?post=3393"},{"taxonomy":"product_tag","embeddable":true,"href":"https:\/\/collection.galerie-gerdes.com\/de\/wp-json\/wp\/v2\/product_tag?post=3393"}],"curies":[{"name":"wp","href":"https:\/\/api.w.org\/{rel}","templated":true}]}}