{"id":428,"date":"2023-12-25T18:04:52","date_gmt":"2023-12-25T17:04:52","guid":{"rendered":"https:\/\/collection.galerie-gerdes.com\/?post_type=product&#038;p=428"},"modified":"2024-05-21T13:07:15","modified_gmt":"2024-05-21T11:07:15","slug":"bad-wimpfen-hans-busse-1867-1914","status":"publish","type":"product","link":"https:\/\/collection.galerie-gerdes.com\/de\/p\/bad-wimpfen-hans-busse-1867-1914\/","title":{"rendered":"Landschaft Bad Wimpfen, \u00d6lgem\u00e4lde von Hermann Busse"},"content":{"rendered":"<p>Hermann Busse, geboren am 25. Februar 1883 in L\u00fctkendorf und verstorben am 8. Januar 1970 in Heilbronn, war ein deutscher Maler.<\/p>\n<p>Als das vierte und letzte Kind des Zimmermanns Wilhelm Busse und seiner Frau Wilhelmine Thurmann wurde er in L\u00fctkendorf geboren. Er besuchte die \u00f6rtliche Volksschule und absolvierte anschlie\u00dfend eine siebenj\u00e4hrige Malerlehre in Putlitz, bei der er sich auf dekorative Wandmalerei spezialisierte. Nach Abschluss seiner Lehre begab er sich zwischen 1906 und 1907 auf eine zweij\u00e4hrige Bildungsreise durch Deutschland, die Schweiz, \u00d6sterreich und Italien. In den Jahren 1907 bis 1912 lebte er abwechselnd in Berlin, wo er seine k\u00fcnstlerische Karriere vorantrieb, und in L\u00fctkendorf, wo er seine Eltern unterst\u00fctzte. Neben seiner Arbeit im Berliner Maleratelier E. Delorette war er auch als freischaffender K\u00fcnstler t\u00e4tig und erhielt 1911 auf der Perleberger Jubil\u00e4ums-Gewerbausstellung die Silberne Medaille f\u00fcr drei seiner Gem\u00e4lde.<\/p>\n<p>Durch die Unterst\u00fctzung des Ritterschaftsdirektors von Freier erhielt Busse eine Subvention des Provinzialausschusses Brandenburg in H\u00f6he von 1000 Goldmark, die es ihm 1914 erm\u00f6glichte, sich an der Hochschule f\u00fcr die bildenden K\u00fcnste in Berlin einzuschreiben. Seine akademische Ausbildung wurde jedoch von 1915 bis 1919 durch seinen Dienst als Ersatz-Reservist zur Marine unterbrochen. Nach seinem Milit\u00e4rdienst setzte er sein Studium bei Professor Arthur Krapf fort und wurde 1920 Meistersch\u00fcler von Professor Olof Jernberg. In den Jahren 1919 und 1920 unternahm er Studienreisen nach Th\u00fcringen und W\u00fcrttemberg, wo er seine zuk\u00fcnftige Frau Leni Kieser kennenlernte. Von da an verbrachte er die Sommer in Jagstfeld und die Wintermonate in Berlin.<\/p>\n<p>Busse nahm an den Gro\u00dfen Berliner Kunstausstellungen der Jahre 1921, 1922 und 1924 teil, bevor er 1924 aufgrund der Wirtschaftskrise zu seiner Frau nach Jagstfeld zog. In den folgenden Jahren beteiligte er sich an Ausstellungen im M\u00fcnchner Glaspalast und er\u00f6ffnete 1930 eigene Ausstellungsr\u00e4ume in Jagstfeld. Er wurde Mitglied des Heilbronner K\u00fcnstlerbundes und malte gemeinsam mit Wilhelm Sch\u00e4ffer. Nach 1933 war Busse auch im Gemeinderat der neu gebildeten Gemeinde Bad Friedrichshall t\u00e4tig und war zeitweise stellvertretender B\u00fcrgermeister.<\/p>\n<p>W\u00e4hrend des Zweiten Weltkriegs wurden 1944 Teile seiner fr\u00fchen Werke in Berlin und 1945 der Gasthof in Jagstfeld zerst\u00f6rt. Nach dem Krieg dienten seine wiederhergestellten Atelier- und Ausstellungsr\u00e4ume als Unterk\u00fcnfte f\u00fcr Fl\u00fcchtlinge, was ihn dazu veranlasste, vermehrt in der freien Natur zu malen.<\/p>\n<p>Im Jahr 1953 beteiligte er sich an einer Gruppenausstellung im W\u00fcrttembergischen Kunstverein Stuttgart und Heilbronn, und 1955 gr\u00fcndete er den Jagstfelder Kreis, eine lose K\u00fcnstlervereinigung. 1960 musste er seine R\u00e4ume im Gasthof Sch\u00f6ne Aussicht aufgeben und zog nach Heilbronn. 1963 veranstaltete der Kunstverein Heilbronn eine Retrospektive zu Busse&#8217;s 80. Geburtstag. Hermann Busse verstarb am 8. Januar 1970 in Heilbronn. Im Historischen Museum der Stadt Heilbronn fand im selben Jahr eine Ged\u00e4chtnisausstellung statt, und 1980 pr\u00e4sentierten die St\u00e4dtischen Museen Heilbronn erneut eine Werkschau des Malers.<\/p>\n","protected":false},"excerpt":{"rendered":"<div class=\"show-more-text\" data-text-height=\"200\">\n<div>\n<p>Herrmann Busse (1883- 1970)<\/p>\n<\/div>\n<\/div>\n<div id=\"lot-list-kuenstler-container\">\n<div>\n<div>\n<div id=\"connection-lost-layer\">Einzelne Farbfehlstellen, Gem\u00e4lde sollte gereinigt werden<\/div>\n<div class=\"lot-filter-kuenstler\">\n<div class=\"lot-list-header\">\n<h2><\/h2>\n<\/div>\n<\/div>\n<\/div>\n<\/div>\n<\/div>\n","protected":false},"featured_media":430,"template":"","meta":{"site-sidebar-layout":"default","site-content-layout":"","ast-site-content-layout":"default","site-content-style":"default","site-sidebar-style":"default","ast-global-header-display":"","ast-banner-title-visibility":"","ast-main-header-display":"","ast-hfb-above-header-display":"","ast-hfb-below-header-display":"","ast-hfb-mobile-header-display":"","site-post-title":"","ast-breadcrumbs-content":"","ast-featured-img":"","footer-sml-layout":"","ast-disable-related-posts":"","theme-transparent-header-meta":"default","adv-header-id-meta":"","stick-header-meta":"","header-above-stick-meta":"","header-main-stick-meta":"","header-below-stick-meta":"","astra-migrate-meta-layouts":"set","ast-page-background-enabled":"default","ast-page-background-meta":{"desktop":{"background-color":"var(--ast-global-color-4)","background-image":"","background-repeat":"repeat","background-position":"center center","background-size":"auto","background-attachment":"scroll","background-type":"","background-media":"","overlay-type":"","overlay-color":"","overlay-opacity":"","overlay-gradient":""},"tablet":{"background-color":"","background-image":"","background-repeat":"repeat","background-position":"center center","background-size":"auto","background-attachment":"scroll","background-type":"","background-media":"","overlay-type":"","overlay-color":"","overlay-opacity":"","overlay-gradient":""},"mobile":{"background-color":"","background-image":"","background-repeat":"repeat","background-position":"center center","background-size":"auto","background-attachment":"scroll","background-type":"","background-media":"","overlay-type":"","overlay-color":"","overlay-opacity":"","overlay-gradient":""}},"ast-content-background-meta":{"desktop":{"background-color":"var(--ast-global-color-5)","background-image":"","background-repeat":"repeat","background-position":"center center","background-size":"auto","background-attachment":"scroll","background-type":"","background-media":"","overlay-type":"","overlay-color":"","overlay-opacity":"","overlay-gradient":""},"tablet":{"background-color":"var(--ast-global-color-5)","background-image":"","background-repeat":"repeat","background-position":"center center","background-size":"auto","background-attachment":"scroll","background-type":"","background-media":"","overlay-type":"","overlay-color":"","overlay-opacity":"","overlay-gradient":""},"mobile":{"background-color":"var(--ast-global-color-5)","background-image":"","background-repeat":"repeat","background-position":"center center","background-size":"auto","background-attachment":"scroll","background-type":"","background-media":"","overlay-type":"","overlay-color":"","overlay-opacity":"","overlay-gradient":""}}},"product_brand":[],"product_cat":[52,25,179,324,409],"product_tag":[364,362,363,74,361,365],"class_list":{"0":"post-428","1":"product","2":"type-product","3":"status-publish","4":"has-post-thumbnail","6":"product_cat-20th-century","7":"product_cat-deutsch","8":"product_cat-gemaelde","9":"product_cat-hermann-busse","10":"product_cat-landschaft","11":"product_tag-art","12":"product_tag-gemalde","13":"product_tag-kunst","14":"product_tag-painting","15":"product_tag-peintures","16":"product_tag-pittura","17":"desktop-align-center","18":"tablet-align-left","19":"mobile-align-left","21":"first","22":"instock","23":"taxable","24":"shipping-taxable","25":"product-type-simple"},"_links":{"self":[{"href":"https:\/\/collection.galerie-gerdes.com\/de\/wp-json\/wp\/v2\/product\/428","targetHints":{"allow":["GET"]}}],"collection":[{"href":"https:\/\/collection.galerie-gerdes.com\/de\/wp-json\/wp\/v2\/product"}],"about":[{"href":"https:\/\/collection.galerie-gerdes.com\/de\/wp-json\/wp\/v2\/types\/product"}],"wp:featuredmedia":[{"embeddable":true,"href":"https:\/\/collection.galerie-gerdes.com\/de\/wp-json\/wp\/v2\/media\/430"}],"wp:attachment":[{"href":"https:\/\/collection.galerie-gerdes.com\/de\/wp-json\/wp\/v2\/media?parent=428"}],"wp:term":[{"taxonomy":"product_brand","embeddable":true,"href":"https:\/\/collection.galerie-gerdes.com\/de\/wp-json\/wp\/v2\/product_brand?post=428"},{"taxonomy":"product_cat","embeddable":true,"href":"https:\/\/collection.galerie-gerdes.com\/de\/wp-json\/wp\/v2\/product_cat?post=428"},{"taxonomy":"product_tag","embeddable":true,"href":"https:\/\/collection.galerie-gerdes.com\/de\/wp-json\/wp\/v2\/product_tag?post=428"}],"curies":[{"name":"wp","href":"https:\/\/api.w.org\/{rel}","templated":true}]}}