{"id":442900,"date":"2026-02-14T15:48:06","date_gmt":"2026-02-14T14:48:06","guid":{"rendered":"https:\/\/collection.galerie-gerdes.com\/?post_type=product&#038;p=442900"},"modified":"2026-02-14T15:54:28","modified_gmt":"2026-02-14T14:54:28","slug":"ansicht-gemaelde-von-theodor-herrmann","status":"publish","type":"product","link":"https:\/\/collection.galerie-gerdes.com\/de\/p\/ansicht-gemaelde-von-theodor-herrmann\/","title":{"rendered":"Ansicht | Gem\u00e4lde von Theodor Herrmann"},"content":{"rendered":"<p>Theodor Herrmann (*27. Juli 1881 in Stade; \u2020 15. Dezember 1926 in Bremen) war ein deutscher Maler, Zeichner und Grafiker des Impressionismus und des Jugendstils. Er z\u00e4hlt zur zweiten Generation der K\u00fcnstlerkolonie Worpswede.<\/p>\n<p>Herrmann wurde als Sohn eines Bauunternehmers geboren. Er besuchte die Grundschule am Burggraben sowie bis 1896 das Gymnasium Athenaeum in Stade. Fr\u00fch zeigte sich seine Neigung zum Zeichnen und zum Theater. Er studierte an der Gro\u00dfherzoglich-S\u00e4chsischen Kunstschule in Weimar, unter anderem bei dem Maler Leopold von Kalckreuth, der ihn f\u00f6rderte. 1898 setzte er seine Ausbildung an der Akademie der Bildenden K\u00fcnste in Karlsruhe fort und folgte 1899 seinem Lehrer an die Akademie der Bildenden K\u00fcnste in Stuttgart. Aus dieser Zeit sind vor allem Seelandschaften bekannt.<\/p>\n<p>Bereits fr\u00fch entstanden Buchillustrationen, unter anderem f\u00fcr den Sch\u00fcnemann Verlag sowie f\u00fcr die Zeitung Niedersachsen. Ab 1901 lebte Herrmann in Ritterhude und stand in engem Kontakt mit der K\u00fcnstlerkolonie Worpswede. K\u00fcnstler wie Heinrich Vogeler und Fritz Mackensen beeinflussten sein Werk nachhaltig.<\/p>\n<p>1903 zog Herrmann nach Zeven, wo er Verbindungen zu dem Vorgeschichtler und Heimatforscher Hans M\u00fcller-Brauel aufbaute. Der K\u00fcnstler Ernst M\u00fcller-Scheessel, Begr\u00fcnder des Bremer K\u00fcnstlerbundes, sowie der Unternehmer Ludwig Roselius vermittelten ihm Auftr\u00e4ge. Er gestaltete Friese f\u00fcr den Landsitz Hodenberg des Reeders Robert Rickmers in Oberneuland und illustrierte Werke des Schriftstellers Heinrich Scharrelmann.<\/p>\n<p>Ab 1904 wohnte Herrmann in Oberndorf an der Oste. Es folgten weitere Illustrationsarbeiten f\u00fcr B\u00fccher und Kalender. In den Jahren 1905 und 1906 unternahm er Reisen nach Bayern und Italien. Ab 1906 unterhielt er ein Atelier in Hamburg und arbeitete zwischen 1907 und 1910 f\u00fcr das Kunstgewerbezentrum M\u00fcller-Brauel in Zeven. 1913 lebte er in Berlin, sp\u00e4ter wieder in Hamburg, wo er B\u00fchnenbilder und Illustrationen schuf.<\/p>\n<p>Mit Beginn des Ersten Weltkriegs wurde Herrmann 1914 als Soldat an die Ostfront eingezogen. Dort fertigte er zahlreiche Skizzen an. 1916 kehrte er nach Hamburg zur\u00fcck. 1918 lie\u00df er sich in Bremen nieder, zun\u00e4chst mit einem Atelier am Neustadtswall, sp\u00e4ter in der Altstadt. Sein Verh\u00e4ltnis zum Direktor der Kunsthalle Bremen, Emil Waldmann, galt als angespannt. Obwohl Herrmann an Ausstellungen beteiligt war, wurden seine Werke nicht angekauft. Lediglich das \u00d6lbild Rivieralandschaft von 1926 gelangte 1928 als Geschenk von Roselius in den Besitz der Kunsthalle.<\/p>\n<p>Zu seinen Bremer Arbeiten z\u00e4hlen Ausmalungen privater H\u00e4user, ein Karnevalsbild im Bremer Ratskeller sowie ein Wandgem\u00e4lde in der Schee\u00dfeler M\u00fchle. Auch in dieser Zeit blieb er als Illustrator t\u00e4tig. Der Versuch, eine Lehrstelle an der Kunstschule Bremen zu erhalten, blieb erfolglos.<\/p>\n<p>Herrmanns Werk ist vom Jugendstil und vom Impressionismus gepr\u00e4gt. Neben Einfl\u00fcssen des schw\u00e4bischen Impressionismus w\u00e4hrend seiner Studienzeit wirkten die Worpsweder Maler stilbildend. In seiner fr\u00fchen Schaffensphase stand die Grafik im Vordergrund, insbesondere Buchillustrationen f\u00fcr Hamburger und Bremer Verlage. Erst in den 1920er Jahren wandte er sich verst\u00e4rkt der Landschaftsmalerei zu. Die vergleichsweise geringe Zahl seiner Gem\u00e4lde h\u00e4ngt auch damit zusammen, dass er sich erst wenige Jahre vor seinem fr\u00fchen Tod intensiver der Malerei widmete.<\/p>\n<p>W\u00e4hrend des Zweiten Weltkriegs ging ein Gro\u00dfteil seines k\u00fcnstlerischen Nachlasses verloren, wodurch sein Werk lange Zeit in Vergessenheit geriet. Erst Anfang der 1990er Jahre wurde Herrmann wieder st\u00e4rker wahrgenommen, unter anderem im Zusammenhang mit der Tausendjahrfeier der Stadt Stade.<\/p>\n","protected":false},"excerpt":{"rendered":"<p>Theodor Herrmann (1881-1926)<\/p>\n","protected":false},"featured_media":443053,"template":"","meta":{"site-sidebar-layout":"default","site-content-layout":"","ast-site-content-layout":"default","site-content-style":"default","site-sidebar-style":"default","ast-global-header-display":"","ast-banner-title-visibility":"","ast-main-header-display":"","ast-hfb-above-header-display":"","ast-hfb-below-header-display":"","ast-hfb-mobile-header-display":"","site-post-title":"","ast-breadcrumbs-content":"","ast-featured-img":"","footer-sml-layout":"","ast-disable-related-posts":"","theme-transparent-header-meta":"default","adv-header-id-meta":"","stick-header-meta":"","header-above-stick-meta":"","header-main-stick-meta":"","header-below-stick-meta":"","astra-migrate-meta-layouts":"set","ast-page-background-enabled":"default","ast-page-background-meta":{"desktop":{"background-color":"var(--ast-global-color-4)","background-image":"","background-repeat":"repeat","background-position":"center center","background-size":"auto","background-attachment":"scroll","background-type":"","background-media":"","overlay-type":"","overlay-color":"","overlay-opacity":"","overlay-gradient":""},"tablet":{"background-color":"","background-image":"","background-repeat":"repeat","background-position":"center center","background-size":"auto","background-attachment":"scroll","background-type":"","background-media":"","overlay-type":"","overlay-color":"","overlay-opacity":"","overlay-gradient":""},"mobile":{"background-color":"","background-image":"","background-repeat":"repeat","background-position":"center center","background-size":"auto","background-attachment":"scroll","background-type":"","background-media":"","overlay-type":"","overlay-color":"","overlay-opacity":"","overlay-gradient":""}},"ast-content-background-meta":{"desktop":{"background-color":"var(--ast-global-color-5)","background-image":"","background-repeat":"repeat","background-position":"center center","background-size":"auto","background-attachment":"scroll","background-type":"","background-media":"","overlay-type":"","overlay-color":"","overlay-opacity":"","overlay-gradient":""},"tablet":{"background-color":"var(--ast-global-color-5)","background-image":"","background-repeat":"repeat","background-position":"center center","background-size":"auto","background-attachment":"scroll","background-type":"","background-media":"","overlay-type":"","overlay-color":"","overlay-opacity":"","overlay-gradient":""},"mobile":{"background-color":"var(--ast-global-color-5)","background-image":"","background-repeat":"repeat","background-position":"center center","background-size":"auto","background-attachment":"scroll","background-type":"","background-media":"","overlay-type":"","overlay-color":"","overlay-opacity":"","overlay-gradient":""}}},"product_brand":[],"product_cat":[15381],"product_tag":[],"class_list":{"0":"post-442900","1":"product","2":"type-product","3":"status-publish","4":"has-post-thumbnail","6":"product_cat-theodor-herrmann","7":"desktop-align-center","8":"tablet-align-left","9":"mobile-align-left","11":"first","12":"instock","13":"taxable","14":"shipping-taxable","15":"product-type-simple"},"_links":{"self":[{"href":"https:\/\/collection.galerie-gerdes.com\/de\/wp-json\/wp\/v2\/product\/442900","targetHints":{"allow":["GET"]}}],"collection":[{"href":"https:\/\/collection.galerie-gerdes.com\/de\/wp-json\/wp\/v2\/product"}],"about":[{"href":"https:\/\/collection.galerie-gerdes.com\/de\/wp-json\/wp\/v2\/types\/product"}],"wp:featuredmedia":[{"embeddable":true,"href":"https:\/\/collection.galerie-gerdes.com\/de\/wp-json\/wp\/v2\/media\/443053"}],"wp:attachment":[{"href":"https:\/\/collection.galerie-gerdes.com\/de\/wp-json\/wp\/v2\/media?parent=442900"}],"wp:term":[{"taxonomy":"product_brand","embeddable":true,"href":"https:\/\/collection.galerie-gerdes.com\/de\/wp-json\/wp\/v2\/product_brand?post=442900"},{"taxonomy":"product_cat","embeddable":true,"href":"https:\/\/collection.galerie-gerdes.com\/de\/wp-json\/wp\/v2\/product_cat?post=442900"},{"taxonomy":"product_tag","embeddable":true,"href":"https:\/\/collection.galerie-gerdes.com\/de\/wp-json\/wp\/v2\/product_tag?post=442900"}],"curies":[{"name":"wp","href":"https:\/\/api.w.org\/{rel}","templated":true}]}}