{"id":5031,"date":"2024-04-08T11:41:38","date_gmt":"2024-04-08T09:41:38","guid":{"rendered":"https:\/\/collection.galerie-gerdes.com\/?post_type=product&#038;p=5031"},"modified":"2024-09-16T12:08:31","modified_gmt":"2024-09-16T10:08:31","slug":"scherzende-putti-imitieren-einen-maler-und-sein-model-gemalde-von-franz-lefler","status":"publish","type":"product","link":"https:\/\/collection.galerie-gerdes.com\/de\/p\/scherzende-putti-imitieren-einen-maler-und-sein-model-gemalde-von-franz-lefler\/","title":{"rendered":"Scherzende Putti imitieren einen Maler und sein Model, Gem\u00e4lde von Franz Lefler"},"content":{"rendered":"<p>Franz Lefler, geboren 1831 in Langenbruck, B\u00f6hmen (heute Dlouh\u00fd Most, Tschechische Republik), verstarb am 19. Juni 1898 in Wei\u00dfenbach an der Triesting, Nieder\u00f6sterreich. Er war ein Maler und ist bekannt als der Vater des K\u00fcnstlers Heinrich Lefler.<\/p>\n<p>Seine Ausbildung erhielt er an den Kunstakademien in Prag und sp\u00e4ter ab 1858 in Wien, wo er bei den Malern Geiger und Wurzinger studierte. Anschlie\u00dfend unternahm er Studienreisen, vor allem nach Deutschland und Italien. Lefler zeichnete sich besonders durch seine F\u00e4higkeiten als Zeichner und Aquarellist aus und schuf Werke in den Genres Genre, Portr\u00e4t, Allegorie und Historienmalerei. Seine Kunst zeigte eine ausgepr\u00e4gte dekorative Qualit\u00e4t, die sich auch in seinen Entw\u00fcrfen f\u00fcr Theater-Vorh\u00e4nge, wie etwa am Carltheater, sowie in seinen Decken- und Wandgem\u00e4lden widerspiegelte. Sein Atelier befand sich in der 4. Alleegasse (heute Argentinierstra\u00dfe) 66 in Wien. Nach seinem Tod wurden seine Werke in Auktionen versteigert, darunter 1904 in Wien und 1913 in Berlin. Einige seiner Arbeiten sind im Historischen Museum der Stadt Wien zu finden.<\/p>\n","protected":false},"excerpt":{"rendered":"<p>Franz Lefler (1831-1898)<\/p>\n","protected":false},"featured_media":5062,"template":"","meta":{"site-sidebar-layout":"default","site-content-layout":"","ast-site-content-layout":"default","site-content-style":"default","site-sidebar-style":"default","ast-global-header-display":"","ast-banner-title-visibility":"","ast-main-header-display":"","ast-hfb-above-header-display":"","ast-hfb-below-header-display":"","ast-hfb-mobile-header-display":"","site-post-title":"","ast-breadcrumbs-content":"","ast-featured-img":"","footer-sml-layout":"","ast-disable-related-posts":"","theme-transparent-header-meta":"default","adv-header-id-meta":"","stick-header-meta":"","header-above-stick-meta":"","header-main-stick-meta":"","header-below-stick-meta":"","astra-migrate-meta-layouts":"set","ast-page-background-enabled":"default","ast-page-background-meta":{"desktop":{"background-color":"var(--ast-global-color-4)","background-image":"","background-repeat":"repeat","background-position":"center center","background-size":"auto","background-attachment":"scroll","background-type":"","background-media":"","overlay-type":"","overlay-color":"","overlay-opacity":"","overlay-gradient":""},"tablet":{"background-color":"","background-image":"","background-repeat":"repeat","background-position":"center center","background-size":"auto","background-attachment":"scroll","background-type":"","background-media":"","overlay-type":"","overlay-color":"","overlay-opacity":"","overlay-gradient":""},"mobile":{"background-color":"","background-image":"","background-repeat":"repeat","background-position":"center center","background-size":"auto","background-attachment":"scroll","background-type":"","background-media":"","overlay-type":"","overlay-color":"","overlay-opacity":"","overlay-gradient":""}},"ast-content-background-meta":{"desktop":{"background-color":"var(--ast-global-color-5)","background-image":"","background-repeat":"repeat","background-position":"center center","background-size":"auto","background-attachment":"scroll","background-type":"","background-media":"","overlay-type":"","overlay-color":"","overlay-opacity":"","overlay-gradient":""},"tablet":{"background-color":"var(--ast-global-color-5)","background-image":"","background-repeat":"repeat","background-position":"center center","background-size":"auto","background-attachment":"scroll","background-type":"","background-media":"","overlay-type":"","overlay-color":"","overlay-opacity":"","overlay-gradient":""},"mobile":{"background-color":"var(--ast-global-color-5)","background-image":"","background-repeat":"repeat","background-position":"center center","background-size":"auto","background-attachment":"scroll","background-type":"","background-media":"","overlay-type":"","overlay-color":"","overlay-opacity":"","overlay-gradient":""}}},"product_brand":[],"product_cat":[15,53,321,179,267],"product_tag":[364,362,363,74,361,365,14383,14382],"class_list":{"0":"post-5031","1":"product","2":"type-product","3":"status-publish","4":"has-post-thumbnail","6":"product_cat-oesterreichisch","7":"product_cat-19th-century","8":"product_cat-franz-lefler","9":"product_cat-gemaelde","10":"product_cat-oelgemaelde","11":"product_tag-art","12":"product_tag-gemalde","13":"product_tag-kunst","14":"product_tag-painting","15":"product_tag-peintures","16":"product_tag-pittura","17":"product_tag-sehr-gross","18":"product_tag-speditionsversand","19":"desktop-align-center","20":"tablet-align-left","21":"mobile-align-left","23":"first","24":"instock","25":"taxable","26":"shipping-taxable","27":"product-type-simple"},"_links":{"self":[{"href":"https:\/\/collection.galerie-gerdes.com\/de\/wp-json\/wp\/v2\/product\/5031","targetHints":{"allow":["GET"]}}],"collection":[{"href":"https:\/\/collection.galerie-gerdes.com\/de\/wp-json\/wp\/v2\/product"}],"about":[{"href":"https:\/\/collection.galerie-gerdes.com\/de\/wp-json\/wp\/v2\/types\/product"}],"wp:featuredmedia":[{"embeddable":true,"href":"https:\/\/collection.galerie-gerdes.com\/de\/wp-json\/wp\/v2\/media\/5062"}],"wp:attachment":[{"href":"https:\/\/collection.galerie-gerdes.com\/de\/wp-json\/wp\/v2\/media?parent=5031"}],"wp:term":[{"taxonomy":"product_brand","embeddable":true,"href":"https:\/\/collection.galerie-gerdes.com\/de\/wp-json\/wp\/v2\/product_brand?post=5031"},{"taxonomy":"product_cat","embeddable":true,"href":"https:\/\/collection.galerie-gerdes.com\/de\/wp-json\/wp\/v2\/product_cat?post=5031"},{"taxonomy":"product_tag","embeddable":true,"href":"https:\/\/collection.galerie-gerdes.com\/de\/wp-json\/wp\/v2\/product_tag?post=5031"}],"curies":[{"name":"wp","href":"https:\/\/api.w.org\/{rel}","templated":true}]}}