{"id":5034,"date":"2024-04-08T13:33:51","date_gmt":"2024-04-08T11:33:51","guid":{"rendered":"https:\/\/collection.galerie-gerdes.com\/?post_type=product&#038;p=5034"},"modified":"2024-09-26T17:08:47","modified_gmt":"2024-09-26T15:08:47","slug":"landung-in-yport-1858-aquarell-von-jules-achille-noel","status":"publish","type":"product","link":"https:\/\/collection.galerie-gerdes.com\/de\/p\/landung-in-yport-1858-aquarell-von-jules-achille-noel\/","title":{"rendered":"Landung in Yport 1858, Aquarell von Jules Achille No\u00ebl"},"content":{"rendered":"<p>Jules Achille No\u00ebl, der eigentlich Louis Assez No\u00ebl hie\u00df, wurde am 24. Februar 1815 in Quimper geboren und verstarb am 26. M\u00e4rz 1881 in Algier. Er war ein franz\u00f6sischer Landschafts- und Marinemaler, dessen Hauptwirkungsgebiete die Bretagne und die Normandie waren.<\/p>\n<p>Urspr\u00fcnglich stammte seine Familie aus Lothringen, und es gibt einige Quellen, die sein Geburtsjahr dort auf 1810 datieren. Sein Vater, ein Zeichner beim Bau des Kanals von Nantes nach Brest, gab ihm seinen ersten Zeichenunterricht. Sp\u00e4ter studierte er an der &#8222;Acad\u00e9mie de Peinture et de Dessin&#8220; (Acad\u00e9mie Charioux) in Brest. Anschlie\u00dfend zog er nach Paris, um sein Gl\u00fcck zu suchen, und wurde dort vom bretonischen Maler Pierre-Julien Gilbert beeinflusst. Nach vier Jahren harter Arbeit in der Hauptstadt kehrte er in die Bretagne zur\u00fcck, um in Saint-Pol-de-L\u00e9on, Lorient und Nantes Zeichenunterricht zu geben.<\/p>\n<p>Ab 1840 nahm er am Salon teil und wurde 1845 von Maurice Alhoy beauftragt, Illustrationen f\u00fcr das Buch &#8222;Les Bagnes: historie types, myst\u00e8res&#8230;&#8220; anzufertigen, das sich mit Gef\u00e4ngnissen besch\u00e4ftigte. Schlie\u00dflich erregte seine Arbeit die Aufmerksamkeit von Prinz Louis, Herzog von Nemours, der ihm eine Stelle als Professor f\u00fcr Design am Lyc\u00e9e Henri-IV verschaffte. Dort unterrichtete er von 1847 bis zu seiner Pensionierung im Jahr 1879, wobei Albert Lynch und F\u00e9lix Buhot zu seinen bekanntesten Sch\u00fclern z\u00e4hlten.<\/p>\n<p>W\u00e4hrend der Schulferien kehrte er in die Bretagne zur\u00fcck, um zu malen. Als er sich gesundheitlich angeschlagen im Ruhestand befand, zog er zu seiner Tochter und deren Mann nach Algerien, wo er schlie\u00dflich verstarb.<\/p>\n<p>Sein Malstil wurde oft mit dem von Eug\u00e8ne Isabey verglichen, und er erhielt Lob von Baudelaire. Im Jahr 2005 zeigte das Mus\u00e9e des beaux-arts de Quimper eine umfangreiche Retrospektive seiner Werke.<\/p>\n","protected":false},"excerpt":{"rendered":"<p>Jules Achille No\u00ebl (1810-1881)<\/p>\n","protected":false},"featured_media":5093,"template":"","meta":{"site-sidebar-layout":"default","site-content-layout":"","ast-site-content-layout":"default","site-content-style":"default","site-sidebar-style":"default","ast-global-header-display":"","ast-banner-title-visibility":"","ast-main-header-display":"","ast-hfb-above-header-display":"","ast-hfb-below-header-display":"","ast-hfb-mobile-header-display":"","site-post-title":"","ast-breadcrumbs-content":"","ast-featured-img":"","footer-sml-layout":"","ast-disable-related-posts":"","theme-transparent-header-meta":"default","adv-header-id-meta":"","stick-header-meta":"","header-above-stick-meta":"","header-main-stick-meta":"","header-below-stick-meta":"","astra-migrate-meta-layouts":"set","ast-page-background-enabled":"default","ast-page-background-meta":{"desktop":{"background-color":"var(--ast-global-color-4)","background-image":"","background-repeat":"repeat","background-position":"center center","background-size":"auto","background-attachment":"scroll","background-type":"","background-media":"","overlay-type":"","overlay-color":"","overlay-opacity":"","overlay-gradient":""},"tablet":{"background-color":"","background-image":"","background-repeat":"repeat","background-position":"center center","background-size":"auto","background-attachment":"scroll","background-type":"","background-media":"","overlay-type":"","overlay-color":"","overlay-opacity":"","overlay-gradient":""},"mobile":{"background-color":"","background-image":"","background-repeat":"repeat","background-position":"center center","background-size":"auto","background-attachment":"scroll","background-type":"","background-media":"","overlay-type":"","overlay-color":"","overlay-opacity":"","overlay-gradient":""}},"ast-content-background-meta":{"desktop":{"background-color":"var(--ast-global-color-5)","background-image":"","background-repeat":"repeat","background-position":"center center","background-size":"auto","background-attachment":"scroll","background-type":"","background-media":"","overlay-type":"","overlay-color":"","overlay-opacity":"","overlay-gradient":""},"tablet":{"background-color":"var(--ast-global-color-5)","background-image":"","background-repeat":"repeat","background-position":"center center","background-size":"auto","background-attachment":"scroll","background-type":"","background-media":"","overlay-type":"","overlay-color":"","overlay-opacity":"","overlay-gradient":""},"mobile":{"background-color":"var(--ast-global-color-5)","background-image":"","background-repeat":"repeat","background-position":"center center","background-size":"auto","background-attachment":"scroll","background-type":"","background-media":"","overlay-type":"","overlay-color":"","overlay-opacity":"","overlay-gradient":""}}},"product_brand":[],"product_cat":[53,265,65,179,325],"product_tag":[364,362,363,74,361,365],"class_list":{"0":"post-5034","1":"product","2":"type-product","3":"status-publish","4":"has-post-thumbnail","6":"product_cat-19th-century","7":"product_cat-aquarell","8":"product_cat-franzoesisch","9":"product_cat-gemaelde","10":"product_cat-jules-achille-noel","11":"product_tag-art","12":"product_tag-gemalde","13":"product_tag-kunst","14":"product_tag-painting","15":"product_tag-peintures","16":"product_tag-pittura","17":"desktop-align-center","18":"tablet-align-left","19":"mobile-align-left","21":"first","22":"instock","23":"taxable","24":"shipping-taxable","25":"product-type-simple"},"_links":{"self":[{"href":"https:\/\/collection.galerie-gerdes.com\/de\/wp-json\/wp\/v2\/product\/5034","targetHints":{"allow":["GET"]}}],"collection":[{"href":"https:\/\/collection.galerie-gerdes.com\/de\/wp-json\/wp\/v2\/product"}],"about":[{"href":"https:\/\/collection.galerie-gerdes.com\/de\/wp-json\/wp\/v2\/types\/product"}],"wp:featuredmedia":[{"embeddable":true,"href":"https:\/\/collection.galerie-gerdes.com\/de\/wp-json\/wp\/v2\/media\/5093"}],"wp:attachment":[{"href":"https:\/\/collection.galerie-gerdes.com\/de\/wp-json\/wp\/v2\/media?parent=5034"}],"wp:term":[{"taxonomy":"product_brand","embeddable":true,"href":"https:\/\/collection.galerie-gerdes.com\/de\/wp-json\/wp\/v2\/product_brand?post=5034"},{"taxonomy":"product_cat","embeddable":true,"href":"https:\/\/collection.galerie-gerdes.com\/de\/wp-json\/wp\/v2\/product_cat?post=5034"},{"taxonomy":"product_tag","embeddable":true,"href":"https:\/\/collection.galerie-gerdes.com\/de\/wp-json\/wp\/v2\/product_tag?post=5034"}],"curies":[{"name":"wp","href":"https:\/\/api.w.org\/{rel}","templated":true}]}}