{"id":5846,"date":"2024-04-22T21:51:08","date_gmt":"2024-04-22T19:51:08","guid":{"rendered":"https:\/\/collection.galerie-gerdes.com\/?post_type=product&#038;p=5846"},"modified":"2024-05-21T13:02:03","modified_gmt":"2024-05-21T11:02:03","slug":"berglandschaft-gemalde-von-wolfgang-heinz-unger","status":"publish","type":"product","link":"https:\/\/collection.galerie-gerdes.com\/de\/p\/berglandschaft-gemalde-von-wolfgang-heinz-unger\/","title":{"rendered":"Berglandschaft, Gem\u00e4lde von Wolfgang Heinz Unger"},"content":{"rendered":"<p>Wolfgang Heinz Unger, geboren am 17. September 1929 in Halle\/Saale und verstorben am 7. Juli 2019 in M\u00fcnchen, war ein herausragender Vertreter der deutschen sp\u00e4timpressionistischen Landschaftsmalerei.<\/p>\n<p>Seine formenden Jahre verbrachte Unger in Halle, wo er bereits w\u00e4hrend seiner Schulzeit unter der Anleitung von William Krannich (1892\u20131968) erste Schritte in der Kunst unternahm. Von 1945 bis 1948 absolvierte er eine Lehre bei Alexander Meuten, einem angesehenen Kunsthandwerker, und setzte dann sein Studium an der renommierten Kunsthochschule Burg Giebichenstein fort.<\/p>\n<p>Der Ruf der Kunst lockte Unger nach Westberlin, wo er ab 1952 bei einem Bildergro\u00dfh\u00e4ndler t\u00e4tig war. Parallel dazu begann er gemeinsame Kunstreisen mit dem Berliner Landschaftsmaler Willy Hermann (1895\u20131963) zu unternehmen, eine Erfahrung, die sein k\u00fcnstlerisches Verst\u00e4ndnis erweiterte. Nach seiner Heirat im Jahr 1954 gr\u00fcndete Unger einen eigenen Bildergro\u00dfhandel in D\u00fcsseldorf, der Werke traditioneller Malerei sowie seine eigenen Kreationen vertrieb.<\/p>\n<p>Eine bedeutende Begegnung pr\u00e4gte Ungers k\u00fcnstlerische Entwicklung ma\u00dfgeblich: Otto Pippel, ein angesehener Maler, der ihn bis zu seinem Tod im Jahr 1960 unterst\u00fctzte und mit dem er eng zusammenarbeitete. Dieser Zeitraum markierte auch die Anf\u00e4nge seiner eigenen Ausstellungen, die in den 1960er Jahren in renommierten Galerien wie der Galerie Schumacher in M\u00fcnchen und bei Sagert &amp; Co. in Berlin stattfanden.<\/p>\n<p>Nach seiner Scheidung im Jahr 1964 begab sich Unger auf ausgedehnte Auslandsreisen, um Landschaftsstudien in verschiedenen Teilen der Welt anzufertigen, darunter Europa, Afrika, Nord- und S\u00fcdamerika, Indien und Thailand. Die Vielfalt dieser Erfahrungen floss in seine Werke ein und bereicherte sein k\u00fcnstlerisches Repertoire. Nach seiner zweiten Heirat im Jahr 1966 er\u00f6ffnete er 1972 die renommierte Galerie \u201cDas Gem\u00e4lde Cabinet\u201d mit einer hochgelobten Ausstellung in Bad D\u00fcrkheim.<\/p>\n<p>In den Jahren von 1972 bis 1996 war Unger regelm\u00e4\u00dfig an Ausstellungsbeteiligungen mit Werken des 19. und 20. Jahrhunderts beteiligt. Zusammen mit seiner Frau Annette zeugte er zwei Kinder, Christian und Nicole. Nach der Scheidung von seiner zweiten Frau konzentrierte er sich ab 1998 wieder vollst\u00e4ndig auf seine Malerei und legte sein Engagement f\u00fcr das \u201cGem\u00e4lde Cabinett Unger\u201d nieder.<\/p>\n","protected":false},"excerpt":{"rendered":"<p>Wolfgang Heinz Unger (1929-2019)<\/p>\n","protected":false},"featured_media":5849,"template":"","meta":{"site-sidebar-layout":"default","site-content-layout":"","ast-site-content-layout":"default","site-content-style":"default","site-sidebar-style":"default","ast-global-header-display":"","ast-banner-title-visibility":"","ast-main-header-display":"","ast-hfb-above-header-display":"","ast-hfb-below-header-display":"","ast-hfb-mobile-header-display":"","site-post-title":"","ast-breadcrumbs-content":"","ast-featured-img":"","footer-sml-layout":"","ast-disable-related-posts":"","theme-transparent-header-meta":"default","adv-header-id-meta":"","stick-header-meta":"","header-above-stick-meta":"","header-main-stick-meta":"","header-below-stick-meta":"","astra-migrate-meta-layouts":"set","ast-page-background-enabled":"default","ast-page-background-meta":{"desktop":{"background-color":"var(--ast-global-color-4)","background-image":"","background-repeat":"repeat","background-position":"center center","background-size":"auto","background-attachment":"scroll","background-type":"","background-media":"","overlay-type":"","overlay-color":"","overlay-opacity":"","overlay-gradient":""},"tablet":{"background-color":"","background-image":"","background-repeat":"repeat","background-position":"center center","background-size":"auto","background-attachment":"scroll","background-type":"","background-media":"","overlay-type":"","overlay-color":"","overlay-opacity":"","overlay-gradient":""},"mobile":{"background-color":"","background-image":"","background-repeat":"repeat","background-position":"center center","background-size":"auto","background-attachment":"scroll","background-type":"","background-media":"","overlay-type":"","overlay-color":"","overlay-opacity":"","overlay-gradient":""}},"ast-content-background-meta":{"desktop":{"background-color":"var(--ast-global-color-5)","background-image":"","background-repeat":"repeat","background-position":"center center","background-size":"auto","background-attachment":"scroll","background-type":"","background-media":"","overlay-type":"","overlay-color":"","overlay-opacity":"","overlay-gradient":""},"tablet":{"background-color":"var(--ast-global-color-5)","background-image":"","background-repeat":"repeat","background-position":"center center","background-size":"auto","background-attachment":"scroll","background-type":"","background-media":"","overlay-type":"","overlay-color":"","overlay-opacity":"","overlay-gradient":""},"mobile":{"background-color":"var(--ast-global-color-5)","background-image":"","background-repeat":"repeat","background-position":"center center","background-size":"auto","background-attachment":"scroll","background-type":"","background-media":"","overlay-type":"","overlay-color":"","overlay-opacity":"","overlay-gradient":""}}},"product_brand":[],"product_cat":[52,25,179,409,267,176],"product_tag":[364,362,363,74,361,365],"class_list":{"0":"post-5846","1":"product","2":"type-product","3":"status-publish","4":"has-post-thumbnail","6":"product_cat-20th-century","7":"product_cat-deutsch","8":"product_cat-gemaelde","9":"product_cat-landschaft","10":"product_cat-oelgemaelde","11":"product_cat-wolfgang-heinz-unger","12":"product_tag-art","13":"product_tag-gemalde","14":"product_tag-kunst","15":"product_tag-painting","16":"product_tag-peintures","17":"product_tag-pittura","18":"desktop-align-center","19":"tablet-align-left","20":"mobile-align-left","22":"first","23":"instock","24":"taxable","25":"shipping-taxable","26":"product-type-simple"},"_links":{"self":[{"href":"https:\/\/collection.galerie-gerdes.com\/de\/wp-json\/wp\/v2\/product\/5846","targetHints":{"allow":["GET"]}}],"collection":[{"href":"https:\/\/collection.galerie-gerdes.com\/de\/wp-json\/wp\/v2\/product"}],"about":[{"href":"https:\/\/collection.galerie-gerdes.com\/de\/wp-json\/wp\/v2\/types\/product"}],"wp:featuredmedia":[{"embeddable":true,"href":"https:\/\/collection.galerie-gerdes.com\/de\/wp-json\/wp\/v2\/media\/5849"}],"wp:attachment":[{"href":"https:\/\/collection.galerie-gerdes.com\/de\/wp-json\/wp\/v2\/media?parent=5846"}],"wp:term":[{"taxonomy":"product_brand","embeddable":true,"href":"https:\/\/collection.galerie-gerdes.com\/de\/wp-json\/wp\/v2\/product_brand?post=5846"},{"taxonomy":"product_cat","embeddable":true,"href":"https:\/\/collection.galerie-gerdes.com\/de\/wp-json\/wp\/v2\/product_cat?post=5846"},{"taxonomy":"product_tag","embeddable":true,"href":"https:\/\/collection.galerie-gerdes.com\/de\/wp-json\/wp\/v2\/product_tag?post=5846"}],"curies":[{"name":"wp","href":"https:\/\/api.w.org\/{rel}","templated":true}]}}