{"id":68,"date":"2023-12-16T16:23:37","date_gmt":"2023-12-16T15:23:37","guid":{"rendered":"https:\/\/collection.galerie-gerdes.com\/?post_type=product&#038;p=68"},"modified":"2024-05-21T13:09:16","modified_gmt":"2024-05-21T11:09:16","slug":"achton-johannes-friis-1871-1939","status":"publish","type":"product","link":"https:\/\/collection.galerie-gerdes.com\/de\/p\/achton-johannes-friis-1871-1939\/","title":{"rendered":"D\u00e4nische Landschaft, Haus am See, Gem\u00e4lde von Achton Friis"},"content":{"rendered":"<p>Achton Johannes Friis (1871-1939) war ein bekannter Maler und Illustrator. Er wurde am 5. September 1871 in Trustrup, Lyngby Sogn, Provinz Randers, geboren und verstarb am 17. Dezember 1939 in Kopenhagen. Seine Mutter, Maren F. Fries, war die Tochter eines Bauern und heiratete am 15. Dezember 1909 in Kopenhagen die Geigerin Martha Elster. Martha wurde am 17. September 1879 in derselben Stadt geboren und verstarb schlie\u00dflich am 28. Februar 1966 in Frederiksberg. Sie war die Tochter von Kapit\u00e4n Chr. Gregers E. und Lovise Augusta Petersen, die wohlhabend waren.<\/p>\n<p>Achton Friis war ein vielseitiger Mensch, der die Qualit\u00e4ten eines Landwirts mit einem aristokratischen Auftreten verband. Diese einzigartige Mischung erm\u00f6glichte es ihm, obwohl er auf keinem Gebiet \u00fcberragend begabt war, ein Leben zu f\u00fchren, das sowohl hingebungsvoll als auch au\u00dfergew\u00f6hnlich sinnvoll war. W\u00e4hrend der d\u00e4nischen Expedition mit Mylius-Erichsen entdeckte er sein Talent als Schriftsteller und bildender K\u00fcnstler, tief bewegt von den Landschaften an der Nordostk\u00fcste Gr\u00f6nlands. Er schuf eine Reihe von lebendigen und eindrucksvollen Landschaftsbildern sowie ge\u00e4tzte und gemalte Portr\u00e4ts, unter anderem von seinem Freund J\u00f8rgen Br\u00f8nlund. Diese Werke wurden in Mylius-Erichsens B\u00fcchern \u00fcber Gr\u00f6nland abgebildet.<\/p>\n<p>Neben seinen k\u00fcnstlerischen Beitr\u00e4gen verfasste und illustrierte Friis auch Reisebeschreibungen, wie in seinem Buch &#8222;Arctic Hunter&#8220;. Seine wahre Gabe bestand jedoch darin, die vielf\u00e4ltige Sch\u00f6nheit D\u00e4nemarks mit den Augen eines K\u00fcnstlers einzufangen. Seine Werke, &#8222;Die Inseln der D\u00e4nen<\/p>\n","protected":false},"excerpt":{"rendered":"<p>Achton Johannes Friis (1871-1939)<br \/>\nEinzelne Farbverluste, Kratzer, Dellen<\/p>\n","protected":false},"featured_media":69,"template":"","meta":{"site-sidebar-layout":"default","site-content-layout":"","ast-site-content-layout":"default","site-content-style":"default","site-sidebar-style":"default","ast-global-header-display":"","ast-banner-title-visibility":"","ast-main-header-display":"","ast-hfb-above-header-display":"","ast-hfb-below-header-display":"","ast-hfb-mobile-header-display":"","site-post-title":"","ast-breadcrumbs-content":"","ast-featured-img":"","footer-sml-layout":"","ast-disable-related-posts":"","theme-transparent-header-meta":"default","adv-header-id-meta":"","stick-header-meta":"","header-above-stick-meta":"","header-main-stick-meta":"","header-below-stick-meta":"","astra-migrate-meta-layouts":"set","ast-page-background-enabled":"default","ast-page-background-meta":{"desktop":{"background-color":"var(--ast-global-color-4)","background-image":"","background-repeat":"repeat","background-position":"center center","background-size":"auto","background-attachment":"scroll","background-type":"","background-media":"","overlay-type":"","overlay-color":"","overlay-opacity":"","overlay-gradient":""},"tablet":{"background-color":"","background-image":"","background-repeat":"repeat","background-position":"center center","background-size":"auto","background-attachment":"scroll","background-type":"","background-media":"","overlay-type":"","overlay-color":"","overlay-opacity":"","overlay-gradient":""},"mobile":{"background-color":"","background-image":"","background-repeat":"repeat","background-position":"center center","background-size":"auto","background-attachment":"scroll","background-type":"","background-media":"","overlay-type":"","overlay-color":"","overlay-opacity":"","overlay-gradient":""}},"ast-content-background-meta":{"desktop":{"background-color":"var(--ast-global-color-5)","background-image":"","background-repeat":"repeat","background-position":"center center","background-size":"auto","background-attachment":"scroll","background-type":"","background-media":"","overlay-type":"","overlay-color":"","overlay-opacity":"","overlay-gradient":""},"tablet":{"background-color":"var(--ast-global-color-5)","background-image":"","background-repeat":"repeat","background-position":"center center","background-size":"auto","background-attachment":"scroll","background-type":"","background-media":"","overlay-type":"","overlay-color":"","overlay-opacity":"","overlay-gradient":""},"mobile":{"background-color":"var(--ast-global-color-5)","background-image":"","background-repeat":"repeat","background-position":"center center","background-size":"auto","background-attachment":"scroll","background-type":"","background-media":"","overlay-type":"","overlay-color":"","overlay-opacity":"","overlay-gradient":""}}},"product_brand":[],"product_cat":[31,179,409],"product_tag":[364,35,33,362,363,32,34,74,361,365],"class_list":{"0":"post-68","1":"product","2":"type-product","3":"status-publish","4":"has-post-thumbnail","6":"product_cat-daenisch","7":"product_cat-gemaelde","8":"product_cat-landschaft","9":"product_tag-art","10":"product_tag-canvas","11":"product_tag-danish","12":"product_tag-gemalde","13":"product_tag-kunst","14":"product_tag-landscape","15":"product_tag-oil-painting","16":"product_tag-painting","17":"product_tag-peintures","18":"product_tag-pittura","19":"desktop-align-center","20":"tablet-align-left","21":"mobile-align-left","23":"first","24":"instock","25":"taxable","26":"shipping-taxable","27":"product-type-simple"},"_links":{"self":[{"href":"https:\/\/collection.galerie-gerdes.com\/de\/wp-json\/wp\/v2\/product\/68","targetHints":{"allow":["GET"]}}],"collection":[{"href":"https:\/\/collection.galerie-gerdes.com\/de\/wp-json\/wp\/v2\/product"}],"about":[{"href":"https:\/\/collection.galerie-gerdes.com\/de\/wp-json\/wp\/v2\/types\/product"}],"wp:featuredmedia":[{"embeddable":true,"href":"https:\/\/collection.galerie-gerdes.com\/de\/wp-json\/wp\/v2\/media\/69"}],"wp:attachment":[{"href":"https:\/\/collection.galerie-gerdes.com\/de\/wp-json\/wp\/v2\/media?parent=68"}],"wp:term":[{"taxonomy":"product_brand","embeddable":true,"href":"https:\/\/collection.galerie-gerdes.com\/de\/wp-json\/wp\/v2\/product_brand?post=68"},{"taxonomy":"product_cat","embeddable":true,"href":"https:\/\/collection.galerie-gerdes.com\/de\/wp-json\/wp\/v2\/product_cat?post=68"},{"taxonomy":"product_tag","embeddable":true,"href":"https:\/\/collection.galerie-gerdes.com\/de\/wp-json\/wp\/v2\/product_tag?post=68"}],"curies":[{"name":"wp","href":"https:\/\/api.w.org\/{rel}","templated":true}]}}