{"id":71,"date":"2023-12-16T22:46:00","date_gmt":"2023-12-16T21:46:00","guid":{"rendered":"https:\/\/collection.galerie-gerdes.com\/?post_type=product&#038;p=71"},"modified":"2024-04-24T14:07:03","modified_gmt":"2024-04-24T12:07:03","slug":"dorfmusik-adolf-muenzer-1870-1953","status":"publish","type":"product","link":"https:\/\/collection.galerie-gerdes.com\/de\/p\/dorfmusik-adolf-muenzer-1870-1953\/","title":{"rendered":"&#8222;Dorfmusik&#8220;, Zeichnung, Adolf M\u00fcnzer, Mann mit Tuba"},"content":{"rendered":"<p>Geboren in Ple\u00df, Oberschlesien, verbrachte er seine Kindheit in Breslau, nach dem fr\u00fchen Tod seines Vaters im Jahr 1876. Dort besuchte er das Matthias-Gymnasium und begann 1886 eine Ausbildung bei dem Dekorationsmaler Georg Heintze. Sp\u00e4ter setzte er seine Ausbildung an der Kunst- und Gewerbeschule in Breslau fort und wurde von Lehrern wie Heinrich Irmann, Paul Schobelt und Albrecht Br\u00e4uer unterrichtet.<\/p>\n<p>Im Jahr 1894 begann M\u00fcnzer sein Studium an der Akademie der Bildenden K\u00fcnste in M\u00fcnchen, wo er von renommierten K\u00fcnstlern wie Karl Raupp und Otto Seitz unterrichtet wurde. W\u00e4hrend seines Milit\u00e4rdienstes trat er in die Malklasse von Paul Hoecker ein, der sich intensiv mit Freilichtmalerei besch\u00e4ftigte. Hier erhielt M\u00fcnzer 1896 sogar ein eigenes Meisteratelier.<\/p>\n<p>Im Jahr 1898 wurde er einer der zwei Preistr\u00e4ger im ersten Preisausschreiben von Ludwig Stollwerck f\u00fcr Entw\u00fcrfe von Stollwerck-Sammelbildern, mit einem Preisgeld von 1000 Mark. Ab 1899 stellte M\u00fcnzer als Mitglied der K\u00fcnstlergruppe Scholle seine Werke im M\u00fcnchner Glaspalast aus. Dies f\u00fchrte auch zu seiner Mitarbeit bei der M\u00fcnchner Wochenzeitschrift &#8222;Jugend&#8220; und dem satirischen Magazin &#8222;Simplicissimus.&#8220;<\/p>\n<p>W\u00e4hrend eines Aufenthalts in Paris von 1900 bis 1902 festigte er seine k\u00fcnstlerische Entwicklung. Im Jahr 1903 lernte er Marie Therese Dree\u00dfen geb. von Vestenhof kennen, die er ein Jahr nach einem spektakul\u00e4ren Eklat heiratete. Dieser Eklat f\u00fchrte zur Scheidung von Frau Dree\u00dfens und ihrem Ehemann.<\/p>\n<p>Im Jahr 1909 wurde M\u00fcnzer Leiter einer Malklasse an der Kunstakademie D\u00fcsseldorf, wo er bis 1932 lehrte. In dieser Zeit schuf er auch Wand- und Deckengem\u00e4lde f\u00fcr die Bezirksregierung D\u00fcsseldorf. W\u00e4hrend des Ersten Weltkriegs diente er 1915 als Kriegsmaler an der Front und meldete sich 1917 als Freiwilliger, kam aber nicht zum Einsatz.<\/p>\n<p>Im Jahr 1938 zog die Familie M\u00fcnzer nach Holzhausen am Ammersee. M\u00fcnzers Werke waren in verschiedenen renommierten Museen und Sammlungen ausgestellt, darunter die Neue Pinakothek in M\u00fcnchen, das Wallraf-Richartz-Museum in K\u00f6ln, das St\u00e4dtische Kunstmuseum D\u00fcsseldorf und die Sammlung des Kunstvereins Basel.<\/p>\n<p>Zwischen 1938 und 1944 nahm M\u00fcnzer aktiv an den von den Nationalsozialisten initiierten Gro\u00dfen Deutschen Kunstausstellungen im M\u00fcnchner Haus der Deutschen Kunst teil und verkaufte sogar ein Werk an Adolf Hitler. Im Jahr 1950 stellte er drei\u00dfig Gem\u00e4lde bei der M\u00fcnchner K\u00fcnstlergenossenschaft aus. M\u00fcnzer wurde in die Gottbegnadeten-Liste des Reichsministeriums f\u00fcr Volksaufkl\u00e4rung und Propaganda im Jahr 1944 aufgenommen.<\/p>\n<p>In seinen Grafiken zeigte sich M\u00fcnzers erz\u00e4hlerischer Stil, insbesondere durch seine M\u00e4rchen-Illustrationen f\u00fcr den Verlag Scholz in Mainz. Er war au\u00dferdem Mitglied im Deutschen K\u00fcnstlerbund.<\/p>\n","protected":false},"excerpt":{"rendered":"<p>Adolf M\u00fcnzer (1870-1953)<br \/>\nAltersspuren, siehe Fotos<\/p>\n","protected":false},"featured_media":72,"template":"","meta":{"site-sidebar-layout":"default","site-content-layout":"","ast-site-content-layout":"default","site-content-style":"default","site-sidebar-style":"default","ast-global-header-display":"","ast-banner-title-visibility":"","ast-main-header-display":"","ast-hfb-above-header-display":"","ast-hfb-below-header-display":"","ast-hfb-mobile-header-display":"","site-post-title":"","ast-breadcrumbs-content":"","ast-featured-img":"","footer-sml-layout":"","ast-disable-related-posts":"","theme-transparent-header-meta":"default","adv-header-id-meta":"","stick-header-meta":"","header-above-stick-meta":"","header-main-stick-meta":"","header-below-stick-meta":"","astra-migrate-meta-layouts":"set","ast-page-background-enabled":"default","ast-page-background-meta":{"desktop":{"background-color":"var(--ast-global-color-4)","background-image":"","background-repeat":"repeat","background-position":"center center","background-size":"auto","background-attachment":"scroll","background-type":"","background-media":"","overlay-type":"","overlay-color":"","overlay-opacity":"","overlay-gradient":""},"tablet":{"background-color":"","background-image":"","background-repeat":"repeat","background-position":"center center","background-size":"auto","background-attachment":"scroll","background-type":"","background-media":"","overlay-type":"","overlay-color":"","overlay-opacity":"","overlay-gradient":""},"mobile":{"background-color":"","background-image":"","background-repeat":"repeat","background-position":"center center","background-size":"auto","background-attachment":"scroll","background-type":"","background-media":"","overlay-type":"","overlay-color":"","overlay-opacity":"","overlay-gradient":""}},"ast-content-background-meta":{"desktop":{"background-color":"var(--ast-global-color-5)","background-image":"","background-repeat":"repeat","background-position":"center center","background-size":"auto","background-attachment":"scroll","background-type":"","background-media":"","overlay-type":"","overlay-color":"","overlay-opacity":"","overlay-gradient":""},"tablet":{"background-color":"var(--ast-global-color-5)","background-image":"","background-repeat":"repeat","background-position":"center center","background-size":"auto","background-attachment":"scroll","background-type":"","background-media":"","overlay-type":"","overlay-color":"","overlay-opacity":"","overlay-gradient":""},"mobile":{"background-color":"var(--ast-global-color-5)","background-image":"","background-repeat":"repeat","background-position":"center center","background-size":"auto","background-attachment":"scroll","background-type":"","background-media":"","overlay-type":"","overlay-color":"","overlay-opacity":"","overlay-gradient":""}}},"product_brand":[],"product_cat":[25,179],"product_tag":[36,364,38,362,37,363,74,361,365],"class_list":{"0":"post-71","1":"product","2":"type-product","3":"status-publish","4":"has-post-thumbnail","6":"product_cat-deutsch","7":"product_cat-gemaelde","8":"product_tag-adolf-muenzer","9":"product_tag-art","10":"product_tag-drawing","11":"product_tag-gemalde","12":"product_tag-german","13":"product_tag-kunst","14":"product_tag-painting","15":"product_tag-peintures","16":"product_tag-pittura","17":"desktop-align-center","18":"tablet-align-left","19":"mobile-align-left","21":"first","22":"instock","23":"taxable","24":"shipping-taxable","25":"product-type-simple"},"_links":{"self":[{"href":"https:\/\/collection.galerie-gerdes.com\/de\/wp-json\/wp\/v2\/product\/71","targetHints":{"allow":["GET"]}}],"collection":[{"href":"https:\/\/collection.galerie-gerdes.com\/de\/wp-json\/wp\/v2\/product"}],"about":[{"href":"https:\/\/collection.galerie-gerdes.com\/de\/wp-json\/wp\/v2\/types\/product"}],"wp:featuredmedia":[{"embeddable":true,"href":"https:\/\/collection.galerie-gerdes.com\/de\/wp-json\/wp\/v2\/media\/72"}],"wp:attachment":[{"href":"https:\/\/collection.galerie-gerdes.com\/de\/wp-json\/wp\/v2\/media?parent=71"}],"wp:term":[{"taxonomy":"product_brand","embeddable":true,"href":"https:\/\/collection.galerie-gerdes.com\/de\/wp-json\/wp\/v2\/product_brand?post=71"},{"taxonomy":"product_cat","embeddable":true,"href":"https:\/\/collection.galerie-gerdes.com\/de\/wp-json\/wp\/v2\/product_cat?post=71"},{"taxonomy":"product_tag","embeddable":true,"href":"https:\/\/collection.galerie-gerdes.com\/de\/wp-json\/wp\/v2\/product_tag?post=71"}],"curies":[{"name":"wp","href":"https:\/\/api.w.org\/{rel}","templated":true}]}}