{"id":208929,"date":"2024-08-02T12:14:39","date_gmt":"2024-08-02T10:14:39","guid":{"rendered":"https:\/\/www.collection.galerie-gerdes.com\/?post_type=product&#038;p=208929"},"modified":"2024-08-16T22:09:28","modified_gmt":"2024-08-16T20:09:28","slug":"federzeichnung-tuschebild-von-theodor-guggenberger","status":"publish","type":"product","link":"https:\/\/collection.galerie-gerdes.com\/el\/p\/federzeichnung-tuschebild-von-theodor-guggenberger\/","title":{"rendered":"Federzeichnung\/Tuschebild von Theodor Guggenberger"},"content":{"rendered":"<p>Theodor Guggenberger (* 31. Dezember 1866 in M\u00fcnchen; \u2020 6. Dezember 1929 ebenda) war ein deutscher Maler, bekannt f\u00fcr seine Arbeiten im Bereich der Theater-, Landschafts- und Architekturmalerei.<\/p>\n<p>Guggenberger wurde als Sohn des Malers Thomas Guggenberger geboren und erhielt vermutlich seine k\u00fcnstlerische Ausbildung an der M\u00fcnchner Kunstakademie. 1889 heiratete er.<\/p>\n<p>Er schuf zahlreiche Aquarelle, die oft als Lithografien reproduziert und als Motive f\u00fcr Ansichtskarten verwendet wurden. Neben seinen Aquarellen entwarf Guggenberger auch Papiertheater f\u00fcr den Schreiber-Verlag und arbeitete als Karikaturist f\u00fcr die humoristische Zeitschrift <em>Die Fliegenden Bl\u00e4tter<\/em>. Das Stadtgeschichtliche Museum Leipzig besitzt eine Sammlung von Kulissenb\u00f6gen, die von Guggenberger gestaltet wurden.<\/p>\n<p>1909 illustrierte er das Buch <em>Ein lustig Jahr der Tiere<\/em> von Gustav Falke. Seine Werke fanden auch in modernen Medien Anerkennung: F\u00fcr die Bayerische Landesausstellung 2016 zum Thema &#8220;Bier in Bayern&#8221; wurden Filme mit der Kabarettistin Luise Kinseher gedreht, die als bayerische Kellnerin in einem von Guggenberger entworfenen B\u00fchnenbild auftrat.<\/p>\n","protected":false},"excerpt":{"rendered":"<p>Theodor Guggenberger (1866-1929)<\/p>\n","protected":false},"featured_media":209922,"template":"","meta":{"site-sidebar-layout":"default","site-content-layout":"","ast-site-content-layout":"default","site-content-style":"default","site-sidebar-style":"default","ast-global-header-display":"","ast-banner-title-visibility":"","ast-main-header-display":"","ast-hfb-above-header-display":"","ast-hfb-below-header-display":"","ast-hfb-mobile-header-display":"","site-post-title":"","ast-breadcrumbs-content":"","ast-featured-img":"","footer-sml-layout":"","ast-disable-related-posts":"","theme-transparent-header-meta":"default","adv-header-id-meta":"","stick-header-meta":"","header-above-stick-meta":"","header-main-stick-meta":"","header-below-stick-meta":"","astra-migrate-meta-layouts":"set","ast-page-background-enabled":"default","ast-page-background-meta":{"desktop":{"background-color":"var(--ast-global-color-4)","background-image":"","background-repeat":"repeat","background-position":"center center","background-size":"auto","background-attachment":"scroll","background-type":"","background-media":"","overlay-type":"","overlay-color":"","overlay-opacity":"","overlay-gradient":""},"tablet":{"background-color":"","background-image":"","background-repeat":"repeat","background-position":"center center","background-size":"auto","background-attachment":"scroll","background-type":"","background-media":"","overlay-type":"","overlay-color":"","overlay-opacity":"","overlay-gradient":""},"mobile":{"background-color":"","background-image":"","background-repeat":"repeat","background-position":"center center","background-size":"auto","background-attachment":"scroll","background-type":"","background-media":"","overlay-type":"","overlay-color":"","overlay-opacity":"","overlay-gradient":""}},"ast-content-background-meta":{"desktop":{"background-color":"var(--ast-global-color-5)","background-image":"","background-repeat":"repeat","background-position":"center center","background-size":"auto","background-attachment":"scroll","background-type":"","background-media":"","overlay-type":"","overlay-color":"","overlay-opacity":"","overlay-gradient":""},"tablet":{"background-color":"var(--ast-global-color-5)","background-image":"","background-repeat":"repeat","background-position":"center center","background-size":"auto","background-attachment":"scroll","background-type":"","background-media":"","overlay-type":"","overlay-color":"","overlay-opacity":"","overlay-gradient":""},"mobile":{"background-color":"var(--ast-global-color-5)","background-image":"","background-repeat":"repeat","background-position":"center center","background-size":"auto","background-attachment":"scroll","background-type":"","background-media":"","overlay-type":"","overlay-color":"","overlay-opacity":"","overlay-gradient":""}}},"product_brand":[],"product_cat":[179,424,14312,266],"product_tag":[],"class_list":{"0":"post-208929","1":"product","2":"type-product","3":"status-publish","4":"has-post-thumbnail","6":"product_cat-gemaelde","7":"product_cat-karikaturen","8":"product_cat-theodor-guggenberger","9":"product_cat-zeichnung","10":"desktop-align-center","11":"tablet-align-left","12":"mobile-align-left","14":"first","15":"instock","16":"taxable","17":"shipping-taxable","18":"product-type-simple"},"_links":{"self":[{"href":"https:\/\/collection.galerie-gerdes.com\/el\/wp-json\/wp\/v2\/product\/208929","targetHints":{"allow":["GET"]}}],"collection":[{"href":"https:\/\/collection.galerie-gerdes.com\/el\/wp-json\/wp\/v2\/product"}],"about":[{"href":"https:\/\/collection.galerie-gerdes.com\/el\/wp-json\/wp\/v2\/types\/product"}],"wp:featuredmedia":[{"embeddable":true,"href":"https:\/\/collection.galerie-gerdes.com\/el\/wp-json\/wp\/v2\/media\/209922"}],"wp:attachment":[{"href":"https:\/\/collection.galerie-gerdes.com\/el\/wp-json\/wp\/v2\/media?parent=208929"}],"wp:term":[{"taxonomy":"product_brand","embeddable":true,"href":"https:\/\/collection.galerie-gerdes.com\/el\/wp-json\/wp\/v2\/product_brand?post=208929"},{"taxonomy":"product_cat","embeddable":true,"href":"https:\/\/collection.galerie-gerdes.com\/el\/wp-json\/wp\/v2\/product_cat?post=208929"},{"taxonomy":"product_tag","embeddable":true,"href":"https:\/\/collection.galerie-gerdes.com\/el\/wp-json\/wp\/v2\/product_tag?post=208929"}],"curies":[{"name":"wp","href":"https:\/\/api.w.org\/{rel}","templated":true}]}}