{"id":225249,"date":"2024-08-23T22:07:37","date_gmt":"2024-08-23T20:07:37","guid":{"rendered":"https:\/\/www.collection.galerie-gerdes.com\/?post_type=product&#038;p=225249"},"modified":"2024-09-03T20:43:47","modified_gmt":"2024-09-03T18:43:47","slug":"berg-ansicht-1929-bruno-flashar","status":"publish","type":"product","link":"https:\/\/collection.galerie-gerdes.com\/el\/p\/berg-ansicht-1929-bruno-flashar\/","title":{"rendered":"Berg Ansicht 1929 | Bruno Flashar"},"content":{"rendered":"<p class=\"p1\">Bruno Flashar (* 5. Juni 1887 in M\u00fcnchen; \u2020 5. M\u00e4rz 1961 ebenda) war ein deutscher Maler.<\/p>\n<p class=\"p1\">Flashar wurde als Sohn eines M\u00fcnchner Kunstmalers geboren und begann seine k\u00fcnstlerische Ausbildung am 28. Oktober 1904 an der K\u00f6niglichen Akademie der K\u00fcnste in M\u00fcnchen. Dort studierte er unter namhaften Lehrern wie Gabriel von Hackl, Carl von Marr und Ludwig von L\u00f6fftz.<\/p>\n<p class=\"p1\">Nach Abschluss seines Studiums arbeitete Flashar in M\u00fcnchen als Landschafts-, Genre- und Stilllebenmaler. Er war Mitglied im Reichsverband Bildender K\u00fcnstler Deutschlands, der M\u00fcnchner K\u00fcnstlergenossenschaft sowie des M\u00fcnchner K\u00fcnstlerbundes. Zwischen 1938 und 1944 nahm er an den Gro\u00dfen Deutschen Kunstausstellungen teil.<\/p>\n","protected":false},"excerpt":{"rendered":"<p>Bruno Flashar (1887 &#8211; 1961)<\/p>\n","protected":false},"featured_media":225254,"template":"","meta":{"site-sidebar-layout":"default","site-content-layout":"","ast-site-content-layout":"default","site-content-style":"default","site-sidebar-style":"default","ast-global-header-display":"","ast-banner-title-visibility":"","ast-main-header-display":"","ast-hfb-above-header-display":"","ast-hfb-below-header-display":"","ast-hfb-mobile-header-display":"","site-post-title":"","ast-breadcrumbs-content":"","ast-featured-img":"","footer-sml-layout":"","ast-disable-related-posts":"","theme-transparent-header-meta":"default","adv-header-id-meta":"","stick-header-meta":"","header-above-stick-meta":"","header-main-stick-meta":"","header-below-stick-meta":"","astra-migrate-meta-layouts":"set","ast-page-background-enabled":"default","ast-page-background-meta":{"desktop":{"background-color":"var(--ast-global-color-4)","background-image":"","background-repeat":"repeat","background-position":"center center","background-size":"auto","background-attachment":"scroll","background-type":"","background-media":"","overlay-type":"","overlay-color":"","overlay-opacity":"","overlay-gradient":""},"tablet":{"background-color":"","background-image":"","background-repeat":"repeat","background-position":"center center","background-size":"auto","background-attachment":"scroll","background-type":"","background-media":"","overlay-type":"","overlay-color":"","overlay-opacity":"","overlay-gradient":""},"mobile":{"background-color":"","background-image":"","background-repeat":"repeat","background-position":"center center","background-size":"auto","background-attachment":"scroll","background-type":"","background-media":"","overlay-type":"","overlay-color":"","overlay-opacity":"","overlay-gradient":""}},"ast-content-background-meta":{"desktop":{"background-color":"var(--ast-global-color-5)","background-image":"","background-repeat":"repeat","background-position":"center center","background-size":"auto","background-attachment":"scroll","background-type":"","background-media":"","overlay-type":"","overlay-color":"","overlay-opacity":"","overlay-gradient":""},"tablet":{"background-color":"var(--ast-global-color-5)","background-image":"","background-repeat":"repeat","background-position":"center center","background-size":"auto","background-attachment":"scroll","background-type":"","background-media":"","overlay-type":"","overlay-color":"","overlay-opacity":"","overlay-gradient":""},"mobile":{"background-color":"var(--ast-global-color-5)","background-image":"","background-repeat":"repeat","background-position":"center center","background-size":"auto","background-attachment":"scroll","background-type":"","background-media":"","overlay-type":"","overlay-color":"","overlay-opacity":"","overlay-gradient":""}}},"product_brand":[],"product_cat":[14344],"product_tag":[],"class_list":{"0":"post-225249","1":"product","2":"type-product","3":"status-publish","4":"has-post-thumbnail","6":"product_cat-bruno-flashar","7":"desktop-align-center","8":"tablet-align-left","9":"mobile-align-left","11":"first","12":"instock","13":"taxable","14":"shipping-taxable","15":"product-type-simple"},"_links":{"self":[{"href":"https:\/\/collection.galerie-gerdes.com\/el\/wp-json\/wp\/v2\/product\/225249","targetHints":{"allow":["GET"]}}],"collection":[{"href":"https:\/\/collection.galerie-gerdes.com\/el\/wp-json\/wp\/v2\/product"}],"about":[{"href":"https:\/\/collection.galerie-gerdes.com\/el\/wp-json\/wp\/v2\/types\/product"}],"wp:featuredmedia":[{"embeddable":true,"href":"https:\/\/collection.galerie-gerdes.com\/el\/wp-json\/wp\/v2\/media\/225254"}],"wp:attachment":[{"href":"https:\/\/collection.galerie-gerdes.com\/el\/wp-json\/wp\/v2\/media?parent=225249"}],"wp:term":[{"taxonomy":"product_brand","embeddable":true,"href":"https:\/\/collection.galerie-gerdes.com\/el\/wp-json\/wp\/v2\/product_brand?post=225249"},{"taxonomy":"product_cat","embeddable":true,"href":"https:\/\/collection.galerie-gerdes.com\/el\/wp-json\/wp\/v2\/product_cat?post=225249"},{"taxonomy":"product_tag","embeddable":true,"href":"https:\/\/collection.galerie-gerdes.com\/el\/wp-json\/wp\/v2\/product_tag?post=225249"}],"curies":[{"name":"wp","href":"https:\/\/api.w.org\/{rel}","templated":true}]}}