{"id":229330,"date":"2024-08-28T18:16:32","date_gmt":"2024-08-28T16:16:32","guid":{"rendered":"https:\/\/www.collection.galerie-gerdes.com\/?post_type=product&#038;p=229330"},"modified":"2024-09-03T20:43:46","modified_gmt":"2024-09-03T18:43:46","slug":"mann-mit-turban-federzeichnung-entwurf-von-josef-b-engl","status":"publish","type":"product","link":"https:\/\/collection.galerie-gerdes.com\/el\/p\/mann-mit-turban-federzeichnung-entwurf-von-josef-b-engl\/","title":{"rendered":"Mann mit Turban | Federzeichnung \/. Entwurf von Josef B. ENGL"},"content":{"rendered":"<p>Joseph Benedikt Engl (* 2. Juli 1867 in Schallmoos bei Salzburg; \u2020 25. August 1907 in M\u00fcnchen) war ein deutscher Kunstgewerbler, Karikaturist und Illustrator, der insbesondere in M\u00fcnchen t\u00e4tig war.<\/p>\n<p>Engl, Sohn eines Lokomotiv-Heizers der K\u00f6niglich Bayerischen Staatseisenbahnen und einer Mutter aus dem \u00f6sterreichischen Innviertel, wuchs in M\u00fcnchen auf, wo er sein ganzes Leben verbrachte. Nach einer zweij\u00e4hrigen Ausbildung zum Lithografen besuchte er ab 1885 die K\u00f6nigliche Kunstgewerbeschule M\u00fcnchen. Um seinen Lebensunterhalt zu verdienen, arbeitete er als Entwerfer und Hersteller von Reiseandenken, als Zeichner von Stadtansichten und f\u00fcr Reklame. Ab 1888 war er Mitarbeiter bei volkst\u00fcmlichen Witzbl\u00e4ttern, wie der Zeitschrift <em>Automobil- und Radfahrer-Humor<\/em>. Seine erste Zeichnung f\u00fcr die ber\u00fchmte Zeitschrift <em>Fliegende Bl\u00e4tter<\/em> des M\u00fcnchner Verlags Braun &amp; Schneider erschien 1894.<\/p>\n<p>Ab 1896 arbeitete Engl f\u00fcr das Satireblatt <em>Simplicissimus<\/em>, das im selben Jahr von Albert Langen gegr\u00fcndet wurde. Zu den Kollegen, mit denen er dort zusammenarbeitete, geh\u00f6rten namhafte K\u00fcnstler wie Thomas Theodor Heine, Ferdinand von Rezni\u010dek, Rudolf Wilke und sp\u00e4ter auch Olaf Gulbransson. Als einziger \u201eUr-M\u00fcnchner\u201c unter den Stammzeichnern des <em>Simplicissimus<\/em> war Engl von der ersten Ausgabe an bis zu seinem fr\u00fchen Tod st\u00e4ndiger Mitarbeiter der illustrierten Wochenschrift. W\u00e4hrend dieser Zeit schuf er unz\u00e4hlige Karikaturen und Textillustrationen und entwarf unter anderem das Logo der Kessler Sekt GmbH &amp; Co. KG.<\/p>\n<p>Um 1890 heiratete Engl Margarete Fritzmann, mit der er einen Sohn namens Josef hatte, der 1893 in M\u00fcnchen geboren wurde und sp\u00e4ter als Pionier des Tonfilms bekannt wurde. Durch die Folgen eines Unfalls w\u00e4hrend seiner Milit\u00e4rzeit schwer behindert, wurde Engl vorzeitig entlassen und verstarb kurz darauf im Alter von nur 40 Jahren.<\/p>\n","protected":false},"excerpt":{"rendered":"<p>Josef B. ENGL (1867-1907)<\/p>\n","protected":false},"featured_media":229333,"template":"","meta":{"site-sidebar-layout":"default","site-content-layout":"","ast-site-content-layout":"default","site-content-style":"default","site-sidebar-style":"default","ast-global-header-display":"","ast-banner-title-visibility":"","ast-main-header-display":"","ast-hfb-above-header-display":"","ast-hfb-below-header-display":"","ast-hfb-mobile-header-display":"","site-post-title":"","ast-breadcrumbs-content":"","ast-featured-img":"","footer-sml-layout":"","ast-disable-related-posts":"","theme-transparent-header-meta":"default","adv-header-id-meta":"","stick-header-meta":"","header-above-stick-meta":"","header-main-stick-meta":"","header-below-stick-meta":"","astra-migrate-meta-layouts":"set","ast-page-background-enabled":"default","ast-page-background-meta":{"desktop":{"background-color":"var(--ast-global-color-4)","background-image":"","background-repeat":"repeat","background-position":"center center","background-size":"auto","background-attachment":"scroll","background-type":"","background-media":"","overlay-type":"","overlay-color":"","overlay-opacity":"","overlay-gradient":""},"tablet":{"background-color":"","background-image":"","background-repeat":"repeat","background-position":"center center","background-size":"auto","background-attachment":"scroll","background-type":"","background-media":"","overlay-type":"","overlay-color":"","overlay-opacity":"","overlay-gradient":""},"mobile":{"background-color":"","background-image":"","background-repeat":"repeat","background-position":"center center","background-size":"auto","background-attachment":"scroll","background-type":"","background-media":"","overlay-type":"","overlay-color":"","overlay-opacity":"","overlay-gradient":""}},"ast-content-background-meta":{"desktop":{"background-color":"var(--ast-global-color-5)","background-image":"","background-repeat":"repeat","background-position":"center center","background-size":"auto","background-attachment":"scroll","background-type":"","background-media":"","overlay-type":"","overlay-color":"","overlay-opacity":"","overlay-gradient":""},"tablet":{"background-color":"var(--ast-global-color-5)","background-image":"","background-repeat":"repeat","background-position":"center center","background-size":"auto","background-attachment":"scroll","background-type":"","background-media":"","overlay-type":"","overlay-color":"","overlay-opacity":"","overlay-gradient":""},"mobile":{"background-color":"var(--ast-global-color-5)","background-image":"","background-repeat":"repeat","background-position":"center center","background-size":"auto","background-attachment":"scroll","background-type":"","background-media":"","overlay-type":"","overlay-color":"","overlay-opacity":"","overlay-gradient":""}}},"product_brand":[],"product_cat":[179,294,424,266],"product_tag":[],"class_list":{"0":"post-229330","1":"product","2":"type-product","3":"status-publish","4":"has-post-thumbnail","6":"product_cat-gemaelde","7":"product_cat-josef-benedikt-engl","8":"product_cat-karikaturen","9":"product_cat-zeichnung","10":"desktop-align-center","11":"tablet-align-left","12":"mobile-align-left","14":"first","15":"instock","16":"taxable","17":"shipping-taxable","18":"product-type-simple"},"_links":{"self":[{"href":"https:\/\/collection.galerie-gerdes.com\/el\/wp-json\/wp\/v2\/product\/229330","targetHints":{"allow":["GET"]}}],"collection":[{"href":"https:\/\/collection.galerie-gerdes.com\/el\/wp-json\/wp\/v2\/product"}],"about":[{"href":"https:\/\/collection.galerie-gerdes.com\/el\/wp-json\/wp\/v2\/types\/product"}],"wp:featuredmedia":[{"embeddable":true,"href":"https:\/\/collection.galerie-gerdes.com\/el\/wp-json\/wp\/v2\/media\/229333"}],"wp:attachment":[{"href":"https:\/\/collection.galerie-gerdes.com\/el\/wp-json\/wp\/v2\/media?parent=229330"}],"wp:term":[{"taxonomy":"product_brand","embeddable":true,"href":"https:\/\/collection.galerie-gerdes.com\/el\/wp-json\/wp\/v2\/product_brand?post=229330"},{"taxonomy":"product_cat","embeddable":true,"href":"https:\/\/collection.galerie-gerdes.com\/el\/wp-json\/wp\/v2\/product_cat?post=229330"},{"taxonomy":"product_tag","embeddable":true,"href":"https:\/\/collection.galerie-gerdes.com\/el\/wp-json\/wp\/v2\/product_tag?post=229330"}],"curies":[{"name":"wp","href":"https:\/\/api.w.org\/{rel}","templated":true}]}}